{"id":1035,"date":"2024-08-07T14:58:02","date_gmt":"2024-08-07T14:58:02","guid":{"rendered":"https:\/\/ap.minhnguyetbeautyspa.com\/?page_id=1035"},"modified":"2024-10-10T02:53:40","modified_gmt":"2024-10-10T02:53:40","slug":"nhat-ban","status":"publish","type":"page","link":"https:\/\/anphongcargo.com\/en\/nhat-ban\/","title":{"rendered":"Japan"},"content":{"rendered":"<p>Currently, many customers have the need to send goods and items to their friends and relatives who are studying and working in Japan but do not know how to do it most conveniently and at the lowest cost. In this article, An Phong Logistics will introduce to you the cheap and reputable service of sending goods to Japan in Hanoi.<\/p>\n\n\n\n<figure class=\"wp-block-image size-full\"><img loading=\"lazy\" decoding=\"async\" width=\"800\" height=\"600\" src=\"https:\/\/anphongcargo.com\/wp-content\/uploads\/2024\/09\/image-9.png\" alt=\"\" class=\"wp-image-1316\" srcset=\"https:\/\/anphongcargo.com\/wp-content\/uploads\/2024\/09\/image-9.png 800w, https:\/\/anphongcargo.com\/wp-content\/uploads\/2024\/09\/image-9-300x225.png 300w, https:\/\/anphongcargo.com\/wp-content\/uploads\/2024\/09\/image-9-768x576.png 768w, https:\/\/anphongcargo.com\/wp-content\/uploads\/2024\/09\/image-9-16x12.png 16w\" sizes=\"auto, (max-width: 800px) 100vw, 800px\" \/><\/figure>\n\n\n\n<h4 class=\"wp-block-heading\"><strong>Types of goods An Phong Logistics accepts to send to Japan<\/strong><\/h4>\n\n\n\n<p>Although being a leading unit specializing in shipping goods, An Phong Logistics only accepts shipping goods to Japan according to the provisions of law. Therefore, you can come to us to receive express delivery to Japan of items such as:<\/p>\n\n\n\n<ul class=\"wp-block-list\">\n<li>Common items: clothes, shoes, candy; functional medicine, personal items; dry goods; cosmetics...<\/li>\n\n\n\n<li>Postal items, parcels, records, personal papers, documents, certificates, pictures<\/li>\n\n\n\n<li>Medical machinery, equipment, medical masks, 3M antibacterial masks; N95 masks, hand sanitizer, disinfectant solution, etc.<\/li>\n\n\n\n<li>Transport and load phones, electronics, phone components, etc.<\/li>\n\n\n\n<li>Furniture, handicrafts, paintings of all kinds<\/li>\n\n\n\n<li>Household appliances, kitchenware, home decoration items<\/li>\n\n\n\n<li>Transporting heavy machinery and bulky goods<\/li>\n<\/ul>\n\n\n\n<h4 class=\"wp-block-heading\"><em><strong>Items not accepted for shipping to Japan<\/strong><\/em><\/h4>\n\n\n\n<p>An Phong Logistics does not accept to send prohibited items, items prohibited from transportation according to the laws of the two countries such as:<\/p>\n\n\n\n<ul class=\"wp-block-list\">\n<li>Explosives, bombs, cannons, gunpowder...<\/li>\n\n\n\n<li>Guns, ammunition, military equipment<\/li>\n\n\n\n<li>Stimulants, addictive substances, drugs, marijuana, anesthetics \u2026<\/li>\n\n\n\n<li>Flammable substances: gas, paint, gasoline, alcohol, etc.<\/li>\n\n\n\n<li>Toxic chemicals, infectious substances, substances that have negative effects on the environment and humans<\/li>\n\n\n\n<li>Prohibited items for transport according to regulations of the areas the aircraft flies through<\/li>\n\n\n\n<li>Money, gold, silver, diamonds and other valuable papers<\/li>\n\n\n\n<li>Books, magazines, documents with pornographic content, anti-state content, intellectual property rights violations, deviant content, etc.<\/li>\n\n\n\n<li>Fake goods<\/li>\n<\/ul>\n\n\n\n<h4 class=\"wp-block-heading\" id=\"tab-con-12\"><em><strong>How to calculate shipping costs to Japan<\/strong><\/em><\/h4>\n\n\n\n<p>Normally, customers will weigh the actual weight and apply the fee. However, that is not entirely correct. So what is the correct fee calculation method? Customers who have sent goods abroad many times may have heard the phrase \"volume of goods\" which is specifically calculated as follows:<\/p>\n\n\n<div class=\"wp-block-image\">\n<figure class=\"aligncenter\"><img decoding=\"async\" src=\"https:\/\/athenalogistics.com.vn\/wp-content\/uploads\/2021\/02\/Cach-tinh-trong-luong-the-tich-va-trong-luong-thuc-gui-hang-quoc-te.jpg\" alt=\"G\u1eedi h\u00e0ng \u0111i Nh\u1eadt t\u1ea1i TpHCM gi\u00e1 r\u1ebb, uy t\u00edn, nhanh ch\u00f3ng\"\/><\/figure>\n<\/div>\n\n\n<p>Step 1: Weigh the actual weight of the goods<\/p>\n\n\n\n<p>Step 2: Pack, measure 3 dimensions and apply the formula: Length (cm) x Width (cm) x Height (cm) \/ 5000. We will calculate the converted volume to weight.<\/p>\n\n\n\n<p>Step 3: Compare the actual weight and the volumetric weight. The larger weight is used to calculate the freight.<\/p>\n\n\n\n<p>For example: Actual weight is 15kg but applying the formula we can calculate the converted weight from volume to be 18kg so 18kg will be the weight to calculate shipping fee.<\/p>\n\n\n\n<h4 class=\"wp-block-heading\"><em><strong>Express delivery time to Japan<\/strong><\/em><\/h4>\n\n\n\n<p>The needs of each customer, along with cheap air freight service to Japan<\/p>\n\n\n\n<ul class=\"wp-block-list\">\n<li>Express delivery service to Japan: 2 \u2013 3 days<\/li>\n\n\n\n<li>Cheap shipping service to Japan: about 4 - 5 days<\/li>\n<\/ul>\n\n\n\n<h4 class=\"wp-block-heading\"><em><strong>Steps to send goods to Japan<\/strong><\/em><\/h4>\n\n\n\n<p>With a professional express delivery process, the shipping service to Japan at An Phong Logistics is guaranteed to be accurate in delivery time, delivering goods to the recipient in just 2 - 4 days:<\/p>\n\n\n\n<p><strong>Step 1: Receive shipping requests and proceed with collection<\/strong><\/p>\n\n\n\n<p>\u2013 Customers who need to send goods to Japan, please contact An Phong Logistics via the Hotline on the website so that our professional customer service team can directly receive information and advise, and guide you through the shipping procedures.<\/p>\n\n\n\n<p>\u2013 Customers create invoices or sales staff will support creating invoices on the system for customers.<\/p>\n\n\n\n<p>\u2013 When you have completed creating an invoice, you can bring the goods directly to the office or send them to our warehouse in Hanoi. Note that the goods must be packaged according to standards and the correct size to limit the cost of weight.<\/p>\n\n\n\n<p>\u2013 For customers in other provinces or unable to send goods to the warehouse, please contact us directly for detailed instructions.<\/p>\n\n\n\n<p><strong>Step 2: Quote shipping costs and payment procedures<\/strong><\/p>\n\n\n\n<p>\u2013 Immediately after receiving your request to send goods from Vietnam to Japan, you will receive a specific quote for the shipping fee to Japan corresponding to the item you want to send.<\/p>\n\n\n\n<p>\u2013 Customers review the quote and decide whether to use the service or not. If you agree with the quote and shipping costs, you make payment according to the instructions.<\/p>\n\n\n\n<p><strong>Step 3: Shipping goods to Japan<\/strong><\/p>\n\n\n\n<p>\u2013 To send goods from Vietnam to Japan, we will use a combination of many types of vehicles together, exploiting air routes from Vietnam to Japan directly, without intermediaries.<\/p>\n\n\n\n<p>\u2013 Domestic transportation: there is a system of specialized transportation vehicles, modern investment such as motorbikes, pickup trucks to serve the collection of goods, transport from warehouse to airport is always convenient and fast.<\/p>\n\n\n\n<p>\u2013 International means: The process of sending goods to Japan will be carried out by our company by specialized air freight, fixed on weekdays. Time is guaranteed.<\/p>\n\n\n\n<p><strong>Step 4: Delivery within Japan<\/strong><\/p>\n\n\n\n<p>\u2013 Goods sent from Vietnam when arriving at the airport in Japan will be transported and exploited at the warehouse in Japan. The staff will proceed to select the shipping route and deliver to the recipient's address.<\/p>\n\n\n\n<p>\u2013 Depending on the recipient\u2019s receiving location, An Phong Logistics will apply different shipping methods to be most suitable and economical. We also cooperate with express delivery units in Japan to make delivery more convenient and accurate.<\/p>\n\n\n<div class=\"wp-block-image\">\n<figure class=\"aligncenter\"><img decoding=\"async\" src=\"https:\/\/athenalogistics.com.vn\/wp-content\/uploads\/2021\/02\/gui-hang-di-nhat.jpg\" alt=\"D\u1ecbch v\u1ee5 g\u1eedi h\u00e0ng \u0111i Nh\u1eadt t\u1ea1i TpHCM\" class=\"wp-image-7543\"\/><\/figure>\n<\/div>\n\n\n<h4 class=\"wp-block-heading\"><strong>Cheap, reputable, fast shipping service to Japan at An Phong Logistics<\/strong><\/h4>\n\n\n\n<ul class=\"wp-block-list\">\n<li>Shipping fee to Japan is the cheapest<\/li>\n\n\n\n<li>Fast shipping time from Vietnam to Japan, only 2-4 days<\/li>\n\n\n\n<li>No limit on quantity or weight of goods, An Phong Logistics supports transportation from small packages to large parcels.<\/li>\n\n\n\n<li>Pack goods carefully<\/li>\n\n\n\n<li>Provide cargo schedules to customers<\/li>\n\n\n\n<li>100% insurance of goods value during transportation<\/li>\n\n\n\n<li>Quick and easy procedure<\/li>\n\n\n\n<li>Giao h\u00e0ng t\u1eadn n\u01a1i theo y\u00eau c\u1ea7u, h\u1ea1n ch\u1ebf vi\u1ec7c di chuy\u1ec3n b\u1ea5t ti\u1ec7n cho kh\u00e1ch h\u00e0ng<\/li>\n\n\n\n<li>Responsible for goods received from customers<\/li>\n\n\n\n<li>A team of enthusiastic consultants and support staff 24\/7<\/li>\n<\/ul>\n\n\n\n<p class=\" translation-block\">Above is information about the <strong>Japan shipping service<\/strong> that we are implementing. Hopefully through this article you will choose a reasonable method of <strong>shipping goods to Japan<\/strong>. If you have any needs or questions about the <strong>express shipping service to Japan<\/strong>, please contact us immediately for the earliest support!<\/p>\n\n\n\n<p><strong><em><span style=\"text-decoration: underline;\">An Phong Import Export and Logistics Company Limited<\/span><\/em><\/strong><\/p>\n\n\n\n<p><strong>Website:<\/strong>&nbsp;anphongcargo.com<\/p>\n\n\n\n<p><strong>Hotline:<\/strong>&nbsp;0972 458 885<\/p>\n\n\n\n<p><strong>Email:<\/strong>&nbsp;hangbaynhanh@gmail.com<\/p>\n\n\n\n<p><\/p>","protected":false},"excerpt":{"rendered":"<p>Hi\u1ec7n nay r\u1ea5t nhi\u1ec1u kh\u00e1ch h\u00e0ng c\u00f3 nhu c\u1ea7u g\u1eedi \u0111\u1ed3 d\u00f9ng, h\u00e0ng h\u00f3a cho b\u1ea1n b\u00e8, ng\u01b0\u1eddi th\u00e2n c\u1ee7a m\u00ecnh \u0111ang h\u1ecdc t\u1eadp v\u00e0 l\u00e0m vi\u1ec7c t\u1ea1i Nh\u1eadt B\u1ea3n nh\u01b0ng kh\u00f4ng bi\u1ebft l\u00e0m th\u1ebf n\u00e0o \u0111\u1ec3 thu\u1eadn ti\u1ec7n nh\u1ea5t v\u00e0 m\u1ea5t \u00edt chi ph\u00ed nh\u1ea5t. Trong b\u00e0i vi\u1ebft n\u00e0y, An Phong Logistics s\u1ebd gi\u1edbi [&hellip;]<\/p>","protected":false},"author":1,"featured_media":919,"parent":0,"menu_order":0,"comment_status":"closed","ping_status":"closed","template":"elementor_theme","meta":{"footnotes":""},"class_list":["post-1035","page","type-page","status-publish","has-post-thumbnail","hentry"],"_links":{"self":[{"href":"https:\/\/anphongcargo.com\/en\/wp-json\/wp\/v2\/pages\/1035","targetHints":{"allow":["GET"]}}],"collection":[{"href":"https:\/\/anphongcargo.com\/en\/wp-json\/wp\/v2\/pages"}],"about":[{"href":"https:\/\/anphongcargo.com\/en\/wp-json\/wp\/v2\/types\/page"}],"author":[{"embeddable":true,"href":"https:\/\/anphongcargo.com\/en\/wp-json\/wp\/v2\/users\/1"}],"replies":[{"embeddable":true,"href":"https:\/\/anphongcargo.com\/en\/wp-json\/wp\/v2\/comments?post=1035"}],"version-history":[{"count":6,"href":"https:\/\/anphongcargo.com\/en\/wp-json\/wp\/v2\/pages\/1035\/revisions"}],"predecessor-version":[{"id":1476,"href":"https:\/\/anphongcargo.com\/en\/wp-json\/wp\/v2\/pages\/1035\/revisions\/1476"}],"wp:featuredmedia":[{"embeddable":true,"href":"https:\/\/anphongcargo.com\/en\/wp-json\/wp\/v2\/media\/919"}],"wp:attachment":[{"href":"https:\/\/anphongcargo.com\/en\/wp-json\/wp\/v2\/media?parent=1035"}],"curies":[{"name":"wp","href":"https:\/\/api.w.org\/{rel}","templated":true}]}}