{"id":1049,"date":"2024-08-07T15:03:21","date_gmt":"2024-08-07T15:03:21","guid":{"rendered":"https:\/\/ap.minhnguyetbeautyspa.com\/?page_id=1049"},"modified":"2024-10-10T03:30:10","modified_gmt":"2024-10-10T03:30:10","slug":"can-hang-xuat","status":"publish","type":"page","link":"https:\/\/anphongcargo.com\/en\/can-hang-xuat\/","title":{"rendered":"Export Scales"},"content":{"rendered":"<h4 class=\"wp-block-heading\"><strong>Export Cargo Weighing Service at Airport \u2013 An Phong Import Export and Logistics Company Limited<\/strong><\/h4>\n\n\n\n<p class=\" translation-block\">In the field of logistics and import and export, the process of weighing goods is an important step that cannot be ignored. An Phong Import Export and Logistics Co., Ltd. provides <strong>Export Weighing Service at the Airport<\/strong>, ensuring accuracy, speed and compliance with international standards, contributing to optimizing the export process for businesses.<\/p>\n\n\n\n<figure class=\"wp-block-image size-large\"><img loading=\"lazy\" decoding=\"async\" width=\"1024\" height=\"648\" src=\"https:\/\/anphongcargo.com\/wp-content\/uploads\/2024\/09\/image-15-1024x648.png\" alt=\"\" class=\"wp-image-1342\" srcset=\"https:\/\/anphongcargo.com\/wp-content\/uploads\/2024\/09\/image-15-1024x648.png 1024w, https:\/\/anphongcargo.com\/wp-content\/uploads\/2024\/09\/image-15-300x190.png 300w, https:\/\/anphongcargo.com\/wp-content\/uploads\/2024\/09\/image-15-768x486.png 768w, https:\/\/anphongcargo.com\/wp-content\/uploads\/2024\/09\/image-15-18x12.png 18w, https:\/\/anphongcargo.com\/wp-content\/uploads\/2024\/09\/image-15.png 1366w\" sizes=\"auto, (max-width: 1024px) 100vw, 1024px\" \/><\/figure>\n\n\n\n<p><strong>Importance of export goods weighing:<\/strong><\/p>\n\n\n\n<p>Weighing cargo at the airport is a necessary step to determine the exact weight of the shipment before shipping. Information about the weight of the cargo not only helps the carrier to arrange the position and space on the plane reasonably, but also serves as the basis for calculating shipping costs. In addition, the exact weight of the cargo is also an important factor to ensure safety during air transportation.<\/p>\n\n\n\n<p><strong>Export cargo weighing service process at the airport:<\/strong><\/p>\n\n\n\n<p>At An Phong Import Export and Logistics Company Limited, we carry out the export weighing process according to the following steps:<\/p>\n\n\n\n<ol class=\"wp-block-list\">\n<li><strong>Receiving goods:<\/strong> We receive goods at the airport, ensuring safety during transportation and handling before bringing them to the weighing area.<\/li>\n\n\n\n<li><strong>Testing and classification:<\/strong> Before weighing, goods will be inspected and classified to ensure all requirements for packaging, storage and transportation.<\/li>\n\n\n\n<li><strong>Weighing goods:<\/strong> Using modern, internationally standardized weighing equipment, we ensure that the weight of goods is determined accurately and quickly. The entire process is strictly controlled to ensure there are no errors.<\/li>\n\n\n\n<li><strong>Certification:<\/strong> After completing the weighing process, we provide a certificate of weight of the goods, this document is the basis for customs declaration and freight calculation.<\/li>\n<\/ol>\n\n\n\n<p><strong>Benefits of using export weighing service at An Phong:<\/strong><\/p>\n\n\n\n<ul class=\"wp-block-list\">\n<li><strong>High precision:<\/strong> With a modern cargo weighing system, we are committed to providing absolutely accurate measurement results, helping businesses avoid unwanted costs.<\/li>\n\n\n\n<li><strong>Ti\u1ebft ki\u1ec7m th\u1eddi gian:<\/strong> Quy tr\u00ecnh c\u00e2n h\u00e0ng \u0111\u01b0\u1ee3c th\u1ef1c hi\u1ec7n nhanh ch\u00f3ng, h\u1ed7 tr\u1ee3 t\u1ed1i \u01b0u th\u1eddi gian ho\u00e0n t\u1ea5t th\u1ee7 t\u1ee5c xu\u1ea5t kh\u1ea9u, \u0111\u1ea3m b\u1ea3o h\u00e0ng h\u00f3a k\u1ecbp ti\u1ebfn \u0111\u1ed9 v\u1eadn chuy\u1ec3n.<\/li>\n\n\n\n<li><strong>Compliance with international regulations:<\/strong> We fully comply with international standards for weighing export goods, helping the transportation process to be carried out smoothly and safely.<\/li>\n\n\n\n<li><strong>24\/7 Support:<\/strong> Our team of experts is always ready to support and advise on any questions and requests from customers at any time, ensuring the export process goes as smoothly as possible.<\/li>\n<\/ul>\n\n\n\n<p><strong>Contact us:<\/strong><\/p>\n\n\n\n<p class=\" translation-block\">If you need to use the export weighing service at the airport, please contact <strong>An Phong Import Export and Logistics Co., Ltd<\/strong> immediately for support and detailed quotation. We are committed to bringing you the most professional, fast and effective service.<\/p>\n\n\n\n<p><span style=\"text-decoration: underline;\"><strong><em>An Phong Import Export and Logistics Company Limited<\/em><\/strong><br><\/span><br><strong>Website:<\/strong>&nbsp;anphongcargo.com<\/p>\n\n\n\n<p><strong>Hotline:<\/strong>&nbsp;0972 458 885<\/p>\n\n\n\n<p><strong>Email:<\/strong>&nbsp;anphonglogistics@gmail.com<\/p>\n\n\n\n<p><\/p>","protected":false},"excerpt":{"rendered":"<p>D\u1ecbch V\u1ee5 C\u00e2n H\u00e0ng Xu\u1ea5t Kh\u1ea9u T\u1ea1i S\u00e2n Bay &#8211; C\u00f4ng Ty TNHH Xu\u1ea5t Nh\u1eadp Kh\u1ea9u v\u00e0 Logistics An Phong Trong l\u0129nh v\u1ef1c logistics v\u00e0 xu\u1ea5t nh\u1eadp kh\u1ea9u, quy tr\u00ecnh c\u00e2n h\u00e0ng h\u00f3a l\u00e0 m\u1ed9t b\u01b0\u1edbc quan tr\u1ecdng kh\u00f4ng th\u1ec3 b\u1ecf qua. C\u00f4ng Ty TNHH Xu\u1ea5t Nh\u1eadp Kh\u1ea9u v\u00e0 Logistics An Phong mang \u0111\u1ebfn D\u1ecbch [&hellip;]<\/p>","protected":false},"author":1,"featured_media":919,"parent":0,"menu_order":0,"comment_status":"closed","ping_status":"closed","template":"elementor_theme","meta":{"footnotes":""},"class_list":["post-1049","page","type-page","status-publish","has-post-thumbnail","hentry"],"_links":{"self":[{"href":"https:\/\/anphongcargo.com\/en\/wp-json\/wp\/v2\/pages\/1049","targetHints":{"allow":["GET"]}}],"collection":[{"href":"https:\/\/anphongcargo.com\/en\/wp-json\/wp\/v2\/pages"}],"about":[{"href":"https:\/\/anphongcargo.com\/en\/wp-json\/wp\/v2\/types\/page"}],"author":[{"embeddable":true,"href":"https:\/\/anphongcargo.com\/en\/wp-json\/wp\/v2\/users\/1"}],"replies":[{"embeddable":true,"href":"https:\/\/anphongcargo.com\/en\/wp-json\/wp\/v2\/comments?post=1049"}],"version-history":[{"count":3,"href":"https:\/\/anphongcargo.com\/en\/wp-json\/wp\/v2\/pages\/1049\/revisions"}],"predecessor-version":[{"id":1491,"href":"https:\/\/anphongcargo.com\/en\/wp-json\/wp\/v2\/pages\/1049\/revisions\/1491"}],"wp:featuredmedia":[{"embeddable":true,"href":"https:\/\/anphongcargo.com\/en\/wp-json\/wp\/v2\/media\/919"}],"wp:attachment":[{"href":"https:\/\/anphongcargo.com\/en\/wp-json\/wp\/v2\/media?parent=1049"}],"curies":[{"name":"wp","href":"https:\/\/api.w.org\/{rel}","templated":true}]}}