{"id":1061,"date":"2024-08-07T15:06:29","date_gmt":"2024-08-07T15:06:29","guid":{"rendered":"https:\/\/ap.minhnguyetbeautyspa.com\/?page_id=1061"},"modified":"2025-07-09T04:11:18","modified_gmt":"2025-07-09T04:11:18","slug":"san-pham-tu-go","status":"publish","type":"page","link":"https:\/\/anphongcargo.com\/en\/san-pham-tu-go\/","title":{"rendered":"L\u00e2m s\u1ea3n"},"content":{"rendered":"<h3 class=\"wp-block-heading\"><strong>Gi\u1edbi Thi\u1ec7u V\u1ec1 S\u1ea3n Ph\u1ea9m G\u1ed7 Xu\u1ea5t Kh\u1ea9u &#8211; C\u00f4ng Ty TNHH Xu\u1ea5t Nh\u1eadp Kh\u1ea9u v\u00e0 Logistics An Phong<\/strong><\/h3>\n\n\n\n<p><strong>About us:<\/strong><\/p>\n\n\n\n<p>C\u00f4ng ty TNHH Xu\u1ea5t Nh\u1eadp Kh\u1ea9u v\u00e0 Logistics An Phong t\u1ef1 h\u00e0o l\u00e0 nh\u00e0 cung c\u1ea5p v\u00e0 xu\u1ea5t kh\u1ea9u c\u00e1c s\u1ea3n ph\u1ea9m g\u1ed7 ch\u1ea5t l\u01b0\u1ee3ng cao h\u00e0ng \u0111\u1ea7u t\u1ea1i Vi\u1ec7t Nam. V\u1edbi nhi\u1ec1u n\u0103m kinh nghi\u1ec7m trong l\u0129nh v\u1ef1c xu\u1ea5t nh\u1eadp kh\u1ea9u v\u00e0 s\u1ef1 am hi\u1ec3u s\u00e2u s\u1eafc v\u1ec1 th\u1ecb tr\u01b0\u1eddng qu\u1ed1c t\u1ebf, ch\u00fang t\u00f4i cam k\u1ebft mang \u0111\u1ebfn cho kh\u00e1ch h\u00e0ng nh\u1eefng s\u1ea3n ph\u1ea9m g\u1ed7 \u0111\u1ea1t ti\u00eau chu\u1ea9n ch\u1ea5t l\u01b0\u1ee3ng, \u0111\u00e1p \u1ee9ng nhu c\u1ea7u \u0111a d\u1ea1ng c\u1ee7a th\u1ecb tr\u01b0\u1eddng.<\/p>\n\n\n\n<figure class=\"wp-block-image size-full\"><img loading=\"lazy\" decoding=\"async\" width=\"512\" height=\"320\" src=\"https:\/\/anphongcargo.com\/wp-content\/uploads\/2024\/08\/thu-tuc-xuat-khau-go-van-ep.png\" alt=\"\" class=\"wp-image-1178\" srcset=\"https:\/\/anphongcargo.com\/wp-content\/uploads\/2024\/08\/thu-tuc-xuat-khau-go-van-ep.png 512w, https:\/\/anphongcargo.com\/wp-content\/uploads\/2024\/08\/thu-tuc-xuat-khau-go-van-ep-300x188.png 300w, https:\/\/anphongcargo.com\/wp-content\/uploads\/2024\/08\/thu-tuc-xuat-khau-go-van-ep-18x12.png 18w\" sizes=\"auto, (max-width: 512px) 100vw, 512px\" \/><\/figure>\n\n\n\n<p><strong>C\u00e1c s\u1ea3n ph\u1ea9m g\u1ed7 xu\u1ea5t kh\u1ea9u:<\/strong><\/p>\n\n\n\n<p>Ch\u00fang t\u00f4i cung c\u1ea5p m\u1ed9t lo\u1ea1t c\u00e1c s\u1ea3n ph\u1ea9m t\u1eeb g\u1ed7 ph\u1ee5c v\u1ee5 cho nhi\u1ec1u ng\u00e0nh c\u00f4ng nghi\u1ec7p kh\u00e1c nhau, bao g\u1ed3m:<\/p>\n\n\n\n<ol class=\"wp-block-list\">\n<li><strong>G\u1ed7 x\u1ebb v\u00e0 g\u1ed7 tr\u00f2n:<\/strong>\n<ul class=\"wp-block-list\">\n<li>C\u00e1c lo\u1ea1i g\u1ed7 x\u1ebb v\u00e0 g\u1ed7 tr\u00f2n \u0111\u01b0\u1ee3c tuy\u1ec3n ch\u1ecdn t\u1eeb c\u00e1c lo\u00e0i g\u1ed7 t\u1ef1 nhi\u00ean qu\u00fd hi\u1ebfm, c\u00f3 \u0111\u1ed9 b\u1ec1n cao, m\u00e0u s\u1eafc \u0111\u1eb9p v\u00e0 v\u00e2n g\u1ed7 \u0111\u1eb7c tr\u01b0ng. Ch\u00fang t\u00f4i cung c\u1ea5p c\u00e1c lo\u1ea1i g\u1ed7 nh\u01b0 g\u1ed7 th\u00f4ng, g\u1ed7 s\u1ed3i, g\u1ed7 teak, v\u00e0 nhi\u1ec1u lo\u1ea1i g\u1ed7 kh\u00e1c, \u0111\u00e1p \u1ee9ng nhu c\u1ea7u s\u1eed d\u1ee5ng trong x\u00e2y d\u1ef1ng, n\u1ed9i th\u1ea5t v\u00e0 trang tr\u00ed.<\/li>\n<\/ul>\n<\/li>\n\n\n\n<li><strong>G\u1ed7 v\u00e1n \u00e9p:<\/strong>\n<ul class=\"wp-block-list\">\n<li>G\u1ed7 v\u00e1n \u00e9p c\u1ee7a ch\u00fang t\u00f4i \u0111\u01b0\u1ee3c s\u1ea3n xu\u1ea5t t\u1eeb c\u00e1c l\u1edbp g\u1ed7 m\u1ecfng, \u00e9p ch\u1eb7t v\u1edbi nhau b\u1eb1ng keo chuy\u00ean d\u1ee5ng, t\u1ea1o n\u00ean \u0111\u1ed9 b\u1ec1n v\u00e0 kh\u1ea3 n\u0103ng ch\u1ecbu l\u1ef1c cao. S\u1ea3n ph\u1ea9m n\u00e0y th\u00edch h\u1ee3p cho c\u00e1c \u1ee9ng d\u1ee5ng nh\u01b0 l\u00e0m v\u00e1ch ng\u0103n, s\u00e0n nh\u00e0, \u0111\u1ed3 n\u1ed9i th\u1ea5t v\u00e0 c\u00e1c c\u00f4ng tr\u00ecnh x\u00e2y d\u1ef1ng kh\u00e1c.<\/li>\n<\/ul>\n<\/li>\n\n\n\n<li><strong>G\u1ed7 c\u00f4ng nghi\u1ec7p MDF v\u00e0 HDF:<\/strong>\n<ul class=\"wp-block-list\">\n<li>Ch\u00fang t\u00f4i cung c\u1ea5p g\u1ed7 MDF (Medium Density Fiberboard) v\u00e0 HDF (High Density Fiberboard) c\u00f3 ch\u1ea5t l\u01b0\u1ee3ng cao, b\u1ec1 m\u1eb7t ph\u1eb3ng m\u1ecbn, d\u1ec5 d\u00e0ng cho vi\u1ec7c s\u01a1n, d\u00e1n laminate, v\u00e0 ph\u1ee7 veneer. \u0110\u00e2y l\u00e0 l\u1ef1a ch\u1ecdn l\u00fd t\u01b0\u1edfng cho c\u00e1c s\u1ea3n ph\u1ea9m n\u1ed9i th\u1ea5t nh\u01b0 t\u1ee7, k\u1ec7, b\u00e0n gh\u1ebf v\u00e0 c\u1eeda g\u1ed7.<\/li>\n<\/ul>\n<\/li>\n\n\n\n<li><strong>S\u1ea3n ph\u1ea9m g\u1ed7 trang tr\u00ed:<\/strong>\n<ul class=\"wp-block-list\">\n<li>C\u00e1c s\u1ea3n ph\u1ea9m g\u1ed7 trang tr\u00ed c\u1ee7a ch\u00fang t\u00f4i bao g\u1ed3m c\u00e1c lo\u1ea1i v\u00e1n s\u00e0n, v\u00e1n \u1ed1p t\u01b0\u1eddng, v\u00e1n tr\u1ea7n, v\u00e0 c\u00e1c s\u1ea3n ph\u1ea9m ch\u1ebf t\u00e1c t\u1eeb g\u1ed7 kh\u00e1c. V\u1edbi s\u1ef1 \u0111a d\u1ea1ng v\u1ec1 ki\u1ec3u d\u00e1ng v\u00e0 m\u00e0u s\u1eafc, s\u1ea3n ph\u1ea9m g\u1ed7 trang tr\u00ed c\u1ee7a ch\u00fang t\u00f4i mang l\u1ea1i s\u1ef1 sang tr\u1ecdng v\u00e0 \u1ea5m c\u00fang cho kh\u00f4ng gian s\u1ed1ng v\u00e0 l\u00e0m vi\u1ec7c.<\/li>\n<\/ul>\n<\/li>\n<\/ol>\n\n\n\n<p><strong>Ch\u1ea5t l\u01b0\u1ee3ng v\u00e0 quy tr\u00ecnh s\u1ea3n xu\u1ea5t:<\/strong><\/p>\n\n\n\n<p>T\u1ea5t c\u1ea3 c\u00e1c s\u1ea3n ph\u1ea9m g\u1ed7 c\u1ee7a C\u00f4ng ty An Phong \u0111\u1ec1u \u0111\u01b0\u1ee3c s\u1ea3n xu\u1ea5t theo quy tr\u00ecnh c\u00f4ng ngh\u1ec7 hi\u1ec7n \u0111\u1ea1i, \u0111\u1ea3m b\u1ea3o c\u00e1c ti\u00eau chu\u1ea9n v\u1ec1 ch\u1ea5t l\u01b0\u1ee3ng, \u0111\u1ed9 b\u1ec1n v\u00e0 an to\u00e0n. Ch\u00fang t\u00f4i tu\u00e2n th\u1ee7 nghi\u00eam ng\u1eb7t c\u00e1c ti\u00eau chu\u1ea9n qu\u1ed1c t\u1ebf v\u1ec1 qu\u1ea3n l\u00fd r\u1eebng b\u1ec1n v\u1eefng, \u0111\u1ea3m b\u1ea3o ngu\u1ed3n nguy\u00ean li\u1ec7u g\u1ed7 c\u00f3 ngu\u1ed3n g\u1ed1c r\u00f5 r\u00e0ng, kh\u00f4ng g\u00e2y \u1ea3nh h\u01b0\u1edfng x\u1ea5u \u0111\u1ebfn m\u00f4i tr\u01b0\u1eddng.<\/p>\n\n\n\n<figure class=\"wp-block-image size-full\"><img loading=\"lazy\" decoding=\"async\" width=\"650\" height=\"402\" src=\"https:\/\/anphongcargo.com\/wp-content\/uploads\/2024\/08\/vai-tro-quan-trong-cua-go-xay-dung.jpg\" alt=\"\" class=\"wp-image-1180\" srcset=\"https:\/\/anphongcargo.com\/wp-content\/uploads\/2024\/08\/vai-tro-quan-trong-cua-go-xay-dung.jpg 650w, https:\/\/anphongcargo.com\/wp-content\/uploads\/2024\/08\/vai-tro-quan-trong-cua-go-xay-dung-300x186.jpg 300w, https:\/\/anphongcargo.com\/wp-content\/uploads\/2024\/08\/vai-tro-quan-trong-cua-go-xay-dung-18x12.jpg 18w\" sizes=\"auto, (max-width: 650px) 100vw, 650px\" \/><\/figure>\n\n\n\n<p><strong>Market and partners:<\/strong><\/p>\n\n\n\n<p>Ch\u00fang t\u00f4i \u0111\u00e3 v\u00e0 \u0111ang m\u1edf r\u1ed9ng th\u1ecb tr\u01b0\u1eddng xu\u1ea5t kh\u1ea9u sang nhi\u1ec1u qu\u1ed1c gia tr\u00ean th\u1ebf gi\u1edbi, bao g\u1ed3m M\u1ef9, EU, Nh\u1eadt B\u1ea3n, H\u00e0n Qu\u1ed1c v\u00e0 c\u00e1c n\u01b0\u1edbc trong khu v\u1ef1c \u0110\u00f4ng Nam \u00c1. V\u1edbi ph\u01b0\u01a1ng ch\u00e2m \u201cCh\u1ea5t l\u01b0\u1ee3ng l\u00e0 h\u00e0ng \u0111\u1ea7u\u201d, C\u00f4ng ty An Phong \u0111\u00e3 x\u00e2y d\u1ef1ng \u0111\u01b0\u1ee3c uy t\u00edn v\u00e0 ni\u1ec1m tin v\u1edbi c\u00e1c \u0111\u1ed1i t\u00e1c v\u00e0 kh\u00e1ch h\u00e0ng qu\u1ed1c t\u1ebf.<\/p>\n\n\n\n<p><strong>Contact us:<\/strong><\/p>\n\n\n\n<p>C\u00f4ng ty TNHH Xu\u1ea5t Nh\u1eadp Kh\u1ea9u v\u00e0 Logistics An Phong lu\u00f4n s\u1eb5n s\u00e0ng \u0111\u00e1p \u1ee9ng m\u1ecdi nhu c\u1ea7u c\u1ee7a kh\u00e1ch h\u00e0ng v\u1ec1 c\u00e1c s\u1ea3n ph\u1ea9m g\u1ed7 xu\u1ea5t kh\u1ea9u. Ch\u00fang t\u00f4i cam k\u1ebft mang l\u1ea1i cho kh\u00e1ch h\u00e0ng nh\u1eefng s\u1ea3n ph\u1ea9m t\u1ed1t nh\u1ea5t v\u1edbi d\u1ecbch v\u1ee5 chuy\u00ean nghi\u1ec7p v\u00e0 gi\u00e1 c\u1ea3 c\u1ea1nh tranh.<\/p>\n\n\n\n<p><em><span style=\"text-decoration: underline;\"><strong>An Phong Import Export and Logistics Company Limited<\/strong><br><\/span><\/em><br><strong>Website:<\/strong>&nbsp;anphongcargo.com<\/p>\n\n\n\n<p><strong>Hotline:<\/strong>&nbsp;0978 195 057<\/p>\n\n\n\n<p><strong>Email:<\/strong>&nbsp;anphongcargo@gmail.com<\/p>\n\n\n\n<p><\/p>","protected":false},"excerpt":{"rendered":"<p>Gi\u1edbi Thi\u1ec7u V\u1ec1 S\u1ea3n Ph\u1ea9m G\u1ed7 Xu\u1ea5t Kh\u1ea9u &#8211; C\u00f4ng Ty TNHH Xu\u1ea5t Nh\u1eadp Kh\u1ea9u v\u00e0 Logistics An Phong V\u1ec1 ch\u00fang t\u00f4i: C\u00f4ng ty TNHH Xu\u1ea5t Nh\u1eadp Kh\u1ea9u v\u00e0 Logistics An Phong t\u1ef1 h\u00e0o l\u00e0 nh\u00e0 cung c\u1ea5p v\u00e0 xu\u1ea5t kh\u1ea9u c\u00e1c s\u1ea3n ph\u1ea9m g\u1ed7 ch\u1ea5t l\u01b0\u1ee3ng cao h\u00e0ng \u0111\u1ea7u t\u1ea1i Vi\u1ec7t Nam. V\u1edbi nhi\u1ec1u [&hellip;]<\/p>","protected":false},"author":1,"featured_media":919,"parent":0,"menu_order":0,"comment_status":"closed","ping_status":"closed","template":"elementor_theme","meta":{"footnotes":""},"class_list":["post-1061","page","type-page","status-publish","has-post-thumbnail","hentry"],"_links":{"self":[{"href":"https:\/\/anphongcargo.com\/en\/wp-json\/wp\/v2\/pages\/1061","targetHints":{"allow":["GET"]}}],"collection":[{"href":"https:\/\/anphongcargo.com\/en\/wp-json\/wp\/v2\/pages"}],"about":[{"href":"https:\/\/anphongcargo.com\/en\/wp-json\/wp\/v2\/types\/page"}],"author":[{"embeddable":true,"href":"https:\/\/anphongcargo.com\/en\/wp-json\/wp\/v2\/users\/1"}],"replies":[{"embeddable":true,"href":"https:\/\/anphongcargo.com\/en\/wp-json\/wp\/v2\/comments?post=1061"}],"version-history":[{"count":6,"href":"https:\/\/anphongcargo.com\/en\/wp-json\/wp\/v2\/pages\/1061\/revisions"}],"predecessor-version":[{"id":2097,"href":"https:\/\/anphongcargo.com\/en\/wp-json\/wp\/v2\/pages\/1061\/revisions\/2097"}],"wp:featuredmedia":[{"embeddable":true,"href":"https:\/\/anphongcargo.com\/en\/wp-json\/wp\/v2\/media\/919"}],"wp:attachment":[{"href":"https:\/\/anphongcargo.com\/en\/wp-json\/wp\/v2\/media?parent=1061"}],"curies":[{"name":"wp","href":"https:\/\/api.w.org\/{rel}","templated":true}]}}