{"id":1273,"date":"2024-09-16T03:00:24","date_gmt":"2024-09-16T03:00:24","guid":{"rendered":"https:\/\/anphongcargo.com\/?page_id=1273"},"modified":"2025-04-23T10:24:00","modified_gmt":"2025-04-23T10:24:00","slug":"so-lua-ngao-hoa","status":"publish","type":"page","link":"https:\/\/anphongcargo.com\/en\/so-lua-ngao-hoa\/","title":{"rendered":"Ngao L\u1ee5a ( Ngao Hoa)"},"content":{"rendered":"<h3 class=\"wp-block-heading\"><strong>Gi\u1edbi Thi\u1ec7u S\u1ea3n Ph\u1ea9m Ngao L\u1ee5a Xu\u1ea5t Kh\u1ea9u &#8211; C\u00f4ng Ty TNHH Xu\u1ea5t Nh\u1eadp Kh\u1ea9u v\u00e0 Logistics An Phong<\/strong><\/h3>\n\n\n\n<p><strong>About Us:<\/strong><\/p>\n\n\n\n<p>C\u00f4ng Ty TNHH Xu\u1ea5t Nh\u1eadp Kh\u1ea9u v\u00e0 Logistics An Phong l\u00e0 \u0111\u01a1n v\u1ecb h\u00e0ng \u0111\u1ea7u chuy\u00ean cung c\u1ea5p v\u00e0 xu\u1ea5t kh\u1ea9u c\u00e1c lo\u1ea1i th\u1ee7y h\u1ea3i s\u1ea3n t\u01b0\u01a1i s\u1ed1ng, \u0111\u1eb7c bi\u1ec7t l\u00e0 s\u1ea3n ph\u1ea9m <strong>Ngao L\u1ee5a <\/strong>. V\u1edbi quy tr\u00ecnh thu ho\u1ea1ch, b\u1ea3o qu\u1ea3n v\u00e0 v\u1eadn chuy\u1ec3n nghi\u00eam ng\u1eb7t, ch\u00fang t\u00f4i \u0111\u1ea3m b\u1ea3o mang \u0111\u1ebfn cho kh\u00e1ch h\u00e0ng tr\u00ean to\u00e0n th\u1ebf gi\u1edbi ngu\u1ed3n h\u1ea3i s\u1ea3n t\u01b0\u01a1i ngon, ch\u1ea5t l\u01b0\u1ee3ng v\u00e0 an to\u00e0n.<\/p>\n\n\n\n<figure class=\"wp-block-image size-full\"><img loading=\"lazy\" decoding=\"async\" width=\"1000\" height=\"1000\" src=\"https:\/\/anphongcargo.com\/wp-content\/uploads\/2024\/09\/chip_chip-02_8e927b8d23d5498e8cab4f8cabfa78d3.jpg\" alt=\"\" class=\"wp-image-1275\" srcset=\"https:\/\/anphongcargo.com\/wp-content\/uploads\/2024\/09\/chip_chip-02_8e927b8d23d5498e8cab4f8cabfa78d3.jpg 1000w, https:\/\/anphongcargo.com\/wp-content\/uploads\/2024\/09\/chip_chip-02_8e927b8d23d5498e8cab4f8cabfa78d3-300x300.jpg 300w, https:\/\/anphongcargo.com\/wp-content\/uploads\/2024\/09\/chip_chip-02_8e927b8d23d5498e8cab4f8cabfa78d3-150x150.jpg 150w, https:\/\/anphongcargo.com\/wp-content\/uploads\/2024\/09\/chip_chip-02_8e927b8d23d5498e8cab4f8cabfa78d3-768x768.jpg 768w, https:\/\/anphongcargo.com\/wp-content\/uploads\/2024\/09\/chip_chip-02_8e927b8d23d5498e8cab4f8cabfa78d3-12x12.jpg 12w\" sizes=\"auto, (max-width: 1000px) 100vw, 1000px\" \/><\/figure>\n\n\n\n<p><strong>Gi\u1edbi Thi\u1ec7u V\u1ec1 S\u1ea3n Ph\u1ea9m Ngao L\u1ee5a :<\/strong><\/p>\n\n\n\n<p>Ngao l\u1ee5a, c\u00f2n \u0111\u01b0\u1ee3c bi\u1ebft \u0111\u1ebfn v\u1edbi t\u00ean g\u1ecdi <strong>Ngao <\/strong>Hoa, l\u00e0 m\u1ed9t lo\u1ea1i h\u1ea3i s\u1ea3n gi\u00e0u dinh d\u01b0\u1ee1ng, \u0111\u01b0\u1ee3c \u01b0a chu\u1ed9ng trong nhi\u1ec1u m\u00f3n \u0103n cao c\u1ea5p. \u0110\u00e2y l\u00e0 lo\u1ea1i ngao c\u00f3 h\u00ecnh d\u1ea1ng thu\u00f4n d\u00e0i, v\u1ecf c\u1ee9ng v\u1edbi nh\u1eefng hoa v\u0103n tinh t\u1ebf gi\u1ed1ng c\u00e1nh hoa. Ngao l\u1ee5a c\u00f3 ph\u1ea7n th\u1ecbt m\u1ec1m, ng\u1ecdt v\u00e0 r\u1ea5t gi\u00e0u protein, omega-3 v\u00e0 kho\u00e1ng ch\u1ea5t, \u0111\u1eb7c bi\u1ec7t t\u1ed1t cho s\u1ee9c kh\u1ecfe.<\/p>\n\n\n\n<ul class=\"wp-block-list\">\n<li><strong>Scientific name:<\/strong> Paphia undulata<\/li>\n\n\n\n<li><strong>Distribution:<\/strong> Ngao l\u1ee5a \u0111\u01b0\u1ee3c khai th\u00e1c ch\u1ee7 y\u1ebfu \u1edf v\u00f9ng bi\u1ec3n Vi\u1ec7t Nam, \u0111\u1eb7c bi\u1ec7t l\u00e0 c\u00e1c v\u00f9ng bi\u1ec3n mi\u1ec1n Trung v\u00e0 mi\u1ec1n Nam. \u0110i\u1ec1u ki\u1ec7n m\u00f4i tr\u01b0\u1eddng t\u1ef1 nhi\u00ean thu\u1eadn l\u1ee3i gi\u00fap cho ngao l\u1ee5a ph\u00e1t tri\u1ec3n nhanh ch\u00f3ng v\u00e0 \u0111\u1ea1t ch\u1ea5t l\u01b0\u1ee3ng cao, \u0111\u00e1p \u1ee9ng y\u00eau c\u1ea7u xu\u1ea5t kh\u1ea9u.<\/li>\n<\/ul>\n\n\n\n<p><strong>Harvesting and Processing Process:<\/strong><\/p>\n\n\n\n<p>At An Phong Import Export and Logistics Company Limited, we adhere to the process of exploiting and processing silk clams according to strict standards:<\/p>\n\n\n\n<ol class=\"wp-block-list\">\n<li><strong>Harvest:<\/strong> Ngao l\u1ee5a \u0111\u01b0\u1ee3c thu ho\u1ea1ch t\u1eeb c\u00e1c v\u00f9ng bi\u1ec3n s\u1ea1ch, \u0111\u1ea3m b\u1ea3o an to\u00e0n sinh h\u1ecdc v\u00e0 m\u00f4i tr\u01b0\u1eddng. Sau khi thu ho\u1ea1ch, ngao \u0111\u01b0\u1ee3c r\u1eeda s\u1ea1ch v\u00e0 ki\u1ec3m tra ch\u1ea5t l\u01b0\u1ee3ng k\u1ef9 l\u01b0\u1ee1ng \u0111\u1ec3 \u0111\u1ea3m b\u1ea3o lo\u1ea1i b\u1ecf h\u1ebft t\u1ea1p ch\u1ea5t v\u00e0 \u0111\u1ea5t c\u00e1t.<\/li>\n\n\n\n<li><strong>Preserve:<\/strong> Ngao l\u1ee5a sau khi thu ho\u1ea1ch s\u1ebd \u0111\u01b0\u1ee3c b\u1ea3o qu\u1ea3n \u1edf nhi\u1ec7t \u0111\u1ed9 ph\u00f9 h\u1ee3p, \u0111\u1ea3m b\u1ea3o t\u01b0\u01a1i ngon trong su\u1ed1t qu\u00e1 tr\u00ecnh v\u1eadn chuy\u1ec3n. Ch\u00fang t\u00f4i \u00e1p d\u1ee5ng c\u00e1c k\u1ef9 thu\u1eadt c\u1ea5p \u0111\u00f4ng nhanh \u0111\u1ec3 gi\u1eef nguy\u00ean ch\u1ea5t l\u01b0\u1ee3ng v\u00e0 h\u01b0\u01a1ng v\u1ecb t\u1ef1 nhi\u00ean c\u1ee7a s\u1ea3n ph\u1ea9m.<\/li>\n\n\n\n<li><strong>Pack:<\/strong> S\u1ea3n ph\u1ea9m ngao l\u1ee5a \u0111\u01b0\u1ee3c \u0111\u00f3ng g\u00f3i theo c\u00e1c ti\u00eau chu\u1ea9n xu\u1ea5t kh\u1ea9u qu\u1ed1c t\u1ebf, \u0111\u1ea3m b\u1ea3o s\u1ea3n ph\u1ea9m \u0111\u1ebfn tay kh\u00e1ch h\u00e0ng lu\u00f4n \u0111\u1ea1t \u0111\u1ed9 t\u01b0\u01a1i v\u00e0 an to\u00e0n th\u1ef1c ph\u1ea9m cao nh\u1ea5t.<\/li>\n<\/ol>\n\n\n\n<p><strong>Nutritional Value and Health Benefits:<\/strong><\/p>\n\n\n\n<p>Ngao l\u1ee5a l\u00e0 lo\u1ea1i h\u1ea3i s\u1ea3n ch\u1ee9a nhi\u1ec1u ch\u1ea5t dinh d\u01b0\u1ee1ng quan tr\u1ecdng, bao g\u1ed3m:<\/p>\n\n\n\n<ul class=\"wp-block-list\">\n<li><strong>Protein:<\/strong> Helps strengthen muscles and energize the body.<\/li>\n\n\n\n<li><strong>Omega-3:<\/strong> Good for the heart and helps improve brain function.<\/li>\n\n\n\n<li><strong>Minerals:<\/strong> Clams are rich in iron, calcium, magnesium and zinc, which help boost the immune system and improve bone and joint health.<\/li>\n\n\n\n<li><strong>Vitamin B12:<\/strong> Helps maintain nerve function and aids in red blood cell production.<\/li>\n<\/ul>\n\n\n\n<figure class=\"wp-block-image size-full\"><img loading=\"lazy\" decoding=\"async\" width=\"768\" height=\"513\" src=\"https:\/\/anphongcargo.com\/wp-content\/uploads\/2024\/09\/so-lua8-1-1.jpg\" alt=\"\" class=\"wp-image-1276\" srcset=\"https:\/\/anphongcargo.com\/wp-content\/uploads\/2024\/09\/so-lua8-1-1.jpg 768w, https:\/\/anphongcargo.com\/wp-content\/uploads\/2024\/09\/so-lua8-1-1-300x200.jpg 300w, https:\/\/anphongcargo.com\/wp-content\/uploads\/2024\/09\/so-lua8-1-1-18x12.jpg 18w\" sizes=\"auto, (max-width: 768px) 100vw, 768px\" \/><\/figure>\n\n\n\n<p><strong>Export Market:<\/strong><\/p>\n\n\n\n<p>C\u00f4ng Ty TNHH Xu\u1ea5t Nh\u1eadp Kh\u1ea9u v\u00e0 Logistics An Phong hi\u1ec7n \u0111ang xu\u1ea5t kh\u1ea9u ngao l\u1ee5a \u0111\u1ebfn nhi\u1ec1u th\u1ecb tr\u01b0\u1eddng qu\u1ed1c t\u1ebf l\u1edbn, bao g\u1ed3m Nh\u1eadt B\u1ea3n, H\u00e0n Qu\u1ed1c, Trung Qu\u1ed1c, M\u1ef9 v\u00e0 c\u00e1c n\u01b0\u1edbc ch\u00e2u \u00c2u. S\u1ea3n ph\u1ea9m s\u00f2 l\u1ee5a c\u1ee7a ch\u00fang t\u00f4i kh\u00f4ng ch\u1ec9 \u0111\u00e1p \u1ee9ng c\u00e1c ti\u00eau chu\u1ea9n kh\u1eaft khe v\u1ec1 ch\u1ea5t l\u01b0\u1ee3ng, m\u00e0 c\u00f2n \u0111\u1ea3m b\u1ea3o c\u00e1c y\u00eau c\u1ea7u v\u1ec1 an to\u00e0n v\u1ec7 sinh th\u1ef1c ph\u1ea9m t\u1ea1i c\u00e1c th\u1ecb tr\u01b0\u1eddng qu\u1ed1c t\u1ebf.<\/p>\n\n\n\n<p><strong>Quality Commitment:<\/strong><\/p>\n\n\n\n<p>We are always committed to bringing customers the freshest seafood products, grown and exploited from clean sea areas, free of impurities or toxic chemicals. An Phong Import Export and Logistics Company Limited puts prestige and customer satisfaction first, with the goal of becoming a trusted partner in the field of global seafood supply.<\/p>\n\n\n\n<p><strong>Contact Us:<\/strong><\/p>\n\n\n\n<p class=\" translation-block\">Please contact <strong>An Phong Import Export and Logistics Company Limited<\/strong> immediately for advice and to order high quality export silk clam products.<\/p>\n\n\n\n<p><em><span style=\"text-decoration: underline;\"><strong>An Phong Import Export and Logistics Company Limited<\/strong><br><\/span><\/em><br><strong>Website:<\/strong>&nbsp;anphongcargo.com<\/p>\n\n\n\n<p><strong>Hotline:<\/strong>&nbsp;0978 195 057<\/p>\n\n\n\n<p><strong>Email:<\/strong>&nbsp;anphongcargo@gmail.com<\/p>\n\n\n\n<p><\/p>","protected":false},"excerpt":{"rendered":"<p>Gi\u1edbi Thi\u1ec7u S\u1ea3n Ph\u1ea9m Ngao L\u1ee5a Xu\u1ea5t Kh\u1ea9u &#8211; C\u00f4ng Ty TNHH Xu\u1ea5t Nh\u1eadp Kh\u1ea9u v\u00e0 Logistics An Phong V\u1ec1 Ch\u00fang T\u00f4i: C\u00f4ng Ty TNHH Xu\u1ea5t Nh\u1eadp Kh\u1ea9u v\u00e0 Logistics An Phong l\u00e0 \u0111\u01a1n v\u1ecb h\u00e0ng \u0111\u1ea7u chuy\u00ean cung c\u1ea5p v\u00e0 xu\u1ea5t kh\u1ea9u c\u00e1c lo\u1ea1i th\u1ee7y h\u1ea3i s\u1ea3n t\u01b0\u01a1i s\u1ed1ng, \u0111\u1eb7c bi\u1ec7t l\u00e0 s\u1ea3n ph\u1ea9m [&hellip;]<\/p>","protected":false},"author":2,"featured_media":0,"parent":0,"menu_order":0,"comment_status":"closed","ping_status":"closed","template":"","meta":{"footnotes":""},"class_list":["post-1273","page","type-page","status-publish","hentry"],"_links":{"self":[{"href":"https:\/\/anphongcargo.com\/en\/wp-json\/wp\/v2\/pages\/1273","targetHints":{"allow":["GET"]}}],"collection":[{"href":"https:\/\/anphongcargo.com\/en\/wp-json\/wp\/v2\/pages"}],"about":[{"href":"https:\/\/anphongcargo.com\/en\/wp-json\/wp\/v2\/types\/page"}],"author":[{"embeddable":true,"href":"https:\/\/anphongcargo.com\/en\/wp-json\/wp\/v2\/users\/2"}],"replies":[{"embeddable":true,"href":"https:\/\/anphongcargo.com\/en\/wp-json\/wp\/v2\/comments?post=1273"}],"version-history":[{"count":4,"href":"https:\/\/anphongcargo.com\/en\/wp-json\/wp\/v2\/pages\/1273\/revisions"}],"predecessor-version":[{"id":1802,"href":"https:\/\/anphongcargo.com\/en\/wp-json\/wp\/v2\/pages\/1273\/revisions\/1802"}],"wp:attachment":[{"href":"https:\/\/anphongcargo.com\/en\/wp-json\/wp\/v2\/media?parent=1273"}],"curies":[{"name":"wp","href":"https:\/\/api.w.org\/{rel}","templated":true}]}}