{"id":1568,"date":"2024-12-03T01:55:32","date_gmt":"2024-12-03T01:55:32","guid":{"rendered":"https:\/\/anphongcargo.com\/?page_id=1568"},"modified":"2024-12-13T03:45:18","modified_gmt":"2024-12-13T03:45:18","slug":"van-ep-cop-pha-phu-phim","status":"publish","type":"page","link":"https:\/\/anphongcargo.com\/en\/van-ep-cop-pha-phu-phim\/","title":{"rendered":"Film Faced Plywood Formwork"},"content":{"rendered":"<p>Film-coated plywood, also known as film-coated formwork plywood, is known as a specialized plywood in construction. In recent years, it has been favored by many customers because it helps reduce construction time, labor costs, and material costs. Although it was born after other types of formwork such as aluminum formwork, steel formwork, and plastic formwork, film-coated plywood still has a high ranking in the market thanks to its strengths. Let's find out with An Phong in the following article.<\/p>\n\n\n<div class=\"wp-block-image\">\n<figure class=\"aligncenter size-full is-resized\"><img loading=\"lazy\" decoding=\"async\" width=\"797\" height=\"495\" src=\"https:\/\/anphongcargo.com\/wp-content\/uploads\/2024\/12\/image.png\" alt=\"\" class=\"wp-image-1569\" style=\"width:799px;height:auto\" srcset=\"https:\/\/anphongcargo.com\/wp-content\/uploads\/2024\/12\/image.png 797w, https:\/\/anphongcargo.com\/wp-content\/uploads\/2024\/12\/image-300x186.png 300w, https:\/\/anphongcargo.com\/wp-content\/uploads\/2024\/12\/image-768x477.png 768w, https:\/\/anphongcargo.com\/wp-content\/uploads\/2024\/12\/image-18x12.png 18w\" sizes=\"auto, (max-width: 797px) 100vw, 797px\" \/><\/figure>\n<\/div>\n\n\n<h3 class=\"wp-block-heading\" id=\"ftoc-heading-1\"><strong>What is film faced plywood?<\/strong><\/h3>\n\n\n\n<p><strong>1. Concept of film faced plywood formwork<\/strong><\/p>\n\n\n\n<p>Film faced plywood is industrial wood panels that are pressed together with a certain amount of glue to create plywood panels used for civil or industrial construction.<\/p>\n\n\n\n<p>To increase the durability and usage time of plywood. People cover a layer of Dynea film, Stora Enso, which is a type of paper film with glue. Helps to prevent water, increase the gloss and smoothness of plywood, minimize scratches and significantly increase durability.<\/p>\n\n\n\n<p>Film faced plywood is usually made from many thin layers of wood (9-12 layers of wood) and pressed together with a special waterproof glue. There is a film coating on the outside to avoid environmental impacts such as external forces, moisture and water, while helping to flatten the surface of the board and create a complete shape for concrete products.<\/p>\n\n\n\n<p><strong>2. Technical specifications of film faced plywood formwork<\/strong><\/p>\n\n\n\n<ul class=\"wp-block-list\">\n<li>Size: 122\u00d7244 cm<\/li>\n\n\n\n<li>Thickness: 12mm, 15mm, 18mm<\/li>\n\n\n\n<li>Color: coffee brown film coating, black film coating<\/li>\n\n\n\n<li>Number of reuses: 7 \u2013 10 times<\/li>\n\n\n\n<li>Humidity: below 12%<\/li>\n\n\n\n<li>Number of wood layers: 9 \u2013 11 layers<\/li>\n\n\n\n<li>Wood edge: waterproof glue paint<\/li>\n\n\n\n<li>Glue type for plywood: WBP Melaminel \/ Phenolic waterproof glue<\/li>\n<\/ul>\n\n\n\n<p><strong>3. Advantages and disadvantages of film coated plywood formwork<\/strong><\/p>\n\n\n\n<p><strong><em>Advantage<\/em><\/strong><\/p>\n\n\n\n<ul class=\"wp-block-list\">\n<li>Hard, light and easy to transport<\/li>\n\n\n\n<li>Waterproof, anti-mold, highly durable in harsh weather conditions in Vietnam<\/li>\n\n\n\n<li>Smooth, flat surface helps create a beautiful, smooth concrete surface<\/li>\n\n\n\n<li>Easy to cut by hand or with CNC cutting machine<\/li>\n\n\n\n<li>Reusable many times (7 \u2013 10 times)<\/li>\n\n\n\n<li>Low cost<\/li>\n<\/ul>\n\n\n\n<p><strong><em>Disadvantages<\/em><\/strong><\/p>\n\n\n\n<ul class=\"wp-block-list\">\n<li>The interior finish is compromised as the film coating is susceptible to scratches if a sharp object such as metal is inserted into the surface.<\/li>\n\n\n\n<li>The surface is sometimes not completely flat due to the hot and humid tropical weather in Vietnam. If you make furniture that requires aesthetics, you need a skilled worker to handle it.<\/li>\n<\/ul>\n\n\n\n<p><strong>4. Applications of film coated plywood formwork<\/strong><\/p>\n\n\n\n<ul class=\"wp-block-list\">\n<li>The concrete surface is completely flat, no mortar is needed after casting.<\/li>\n\n\n\n<li>Light density, portable, easy to install.<\/li>\n\n\n\n<li>Save labor costs and shorten project schedules.<\/li>\n\n\n\n<li>Waterproof, reusable, highly economical.<\/li>\n\n\n\n<li>Plywood consists of many layers of veneer hot pressed 2-3 times with heat-resistant glue (WBP) to increase the elasticity, hardness of the plywood and the ability to work in humid outdoor conditions.<\/li>\n\n\n\n<li>Film is a phenolic adhesive film to make the surface smooth, less scratched and protect the use of plywood. The core of plywood is using planted hardwood.<\/li>\n<\/ul>\n\n\n\n<h3 class=\"wp-block-heading\" id=\"ftoc-heading-6\"><strong>Factors determining the quality of film faced plywood formwork<\/strong><\/h3>\n\n\n\n<p><strong>1. Glue<\/strong><\/p>\n\n\n\n<p>Is the most important factor determining the quality of film faced plywood.<\/p>\n\n\n\n<p><strong>There are 2 main types:<\/strong><\/p>\n\n\n\n<p>\u2013 WBP (Water Boiled Proof): Keo c\u00f3 \u0111\u1eb7c t\u00ednh ch\u1ed1ng n\u01b0\u1edbc<\/p>\n\n\n\n<p>WBP glue board can be used outdoors in humid environments without delamination.<\/p>\n\n\n\n<p>Common types of plywood:<\/p>\n\n\n\n<ul class=\"wp-block-list\">\n<li>WBP \u2013 Phenolic<\/li>\n\n\n\n<li>WBP \u2013 Melamine (common and good types)<\/li>\n<\/ul>\n\n\n\n<p>\u2013 MR (Moisture Resistant): Glue has moisture resistant properties<\/p>\n\n\n\n<p>MR glue board is suitable for use in low humidity environments, often used for indoor applications. MR glue board can withstand boiling for up to 30 minutes, rarely used as plywood in construction.<\/p>\n\n\n\n<p><strong>2. Movie<\/strong><\/p>\n\n\n\n<p>Phenolic glue laminated paper tray is waterproof and helps create smoothness, reduce scratches and protect the board during use.<\/p>\n\n\n\n<p><strong>3. Plywood core<\/strong><\/p>\n\n\n\n<p>This is the factor that determines the hardness, durability and load-bearing capacity.<\/p>\n\n\n\n<p>There are many types of wood used to make plywood: mixed forest wood, mixed garden wood (cashew, eucalyptus, ...), birch, .... There are 3 types of plywood quality:<\/p>\n\n\n\n<ul class=\"wp-block-list\">\n<li>Type A: connect up to 4 panels lengthwise. Wood is dried in 20 minutes, heat pressed in 30 minutes, good bearing capacity, less hollow.<\/li>\n\n\n\n<li>Type B: connect up to 8 panels lengthwise. Wood drying for 10 minutes, heat pressing for 10 minutes.<\/li>\n\n\n\n<li>Type C: unlimited joints. Wood is dried for 10 minutes, heat pressed for 10 minutes, the core has many voids.<\/li>\n<\/ul>\n\n\n\n<p>The drying and heat pressing process both increases the adhesion of the glue and increases the strength of the board.<\/p>\n\n\n\n<h3 class=\"wp-block-heading\" id=\"ftoc-heading-10\"><strong>6 reasons to use film faced plywood formwork in construction<\/strong><\/h3>\n\n\n\n<p>Nowadays, most construction works use concrete. Therefore, how to pour concrete molds to ensure quality as well as aesthetics is always an issue that contractors consider and calculate carefully. Unlike conventional molds, molds made from film-coated plywood have many outstanding advantages.<\/p>\n\n\n\n<p><strong>1. Low cost<\/strong><\/p>\n\n\n\n<p>No one can deny that film-coated wood products are now much cheaper than other materials. It meets the wide needs of users in terms of materials, designs and prices.<\/p>\n\n\n\n<p>Basically, the film-coated plywood market is classified based on the construction material such as steel formwork, aluminum formwork, bamboo formwork, plastic formwork, etc. However, film-coated plywood made from plywood is more popular because it has a much \"softer\" price.<\/p>\n\n\n\n<p><strong>2. Minimize material loss<\/strong><\/p>\n\n\n\n<p>One of the advantages that makes film-coated wood so popular is its ability to save materials and significantly reduce loss.<\/p>\n\n\n\n<p>Because of the closed surface design, this type of formwork is formed into a fixed mold, ensuring firmness and retaining almost all of the poured concrete without water leakage.<\/p>\n\n\n\n<p>Not only that, the amount of nails needed is also much less than usual. So it avoids waste while still ensuring the desired quality of the project.<\/p>\n\n\n\n<p><strong>3. Ensure aesthetics<\/strong><\/p>\n\n\n\n<p>When using film-coated plywood to make concrete molds, after removing the mold, it ensures a smooth, flat and beautiful surface. In addition, some types of film-coated plywood also have an additional layer of phenolic glue-laminated paper film on the outside.<\/p>\n\n\n\n<p>Thanks to this, it is extremely waterproof, while creating a surprisingly shiny, smooth, scratch-resistant and adhesive finish.<\/p>\n\n\n\n<p>As soon as the concrete is dry, the worker can proceed to roll the paint directly. Thus, you will not need to spend time to handle the plastering step again.<\/p>\n\n\n\n<p><strong>4. Easy to transport<\/strong><\/p>\n\n\n\n<p>Because plywood is light in weight and has good anti-adhesive properties, it will not stick to concrete after dismantling. At this time, its weight will remain the same as the original or increase very little. This creates favorable conditions for transportation, ensuring ease and safety.<\/p>\n\n\n\n<p><strong>5. Durable over time<\/strong><\/p>\n\n\n\n<p>In fact, through many tests, plywood has proven that even if reused 8 to 10 times, its quality remains unchanged. Moreover, this type of film-coated wood is a type of wood that has been fully processed and chemically treated. Therefore, users can rest assured that it will not warp or crack compared to natural wood formwork.<\/p>\n\n\n\n<p><strong>6. Easy to construct<\/strong><\/p>\n\n\n\n<p>In the case of construction where the column is too large, the use of formwork will often be very complicated. If the civil housing project has a column located close to the wall of the house next door, you should only join 3 sides, the wooden formwork box is difficult to join accurately. The column clamp set of the plywood formwork with the ability to slide up and down along the column, thereby helping to reduce the time of joining the formwork and pouring concrete, ensuring the accurate joining of 3 formwork sides.<\/p>\n\n\n\n<p>Plywood has outstanding characteristics such as light weight, non-sticky, and easy to assemble. Therefore, it creates more favorable conditions during construction. Instead of using other materials, using plywood will be easier to transport, save labor costs, materials, time and also cheap.<\/p>\n\n\n\n<h5 class=\"wp-block-heading\" id=\"ftoc-heading-17\"><strong>CONTACT FOR QUOTATION OF FILM COATED FORMWORK PLYWOOD!<\/strong><\/h5>\n\n\n\n<p><em><span style=\"text-decoration: underline;\"><strong>An Phong Import Export and Logistics Company Limited<\/strong><br><\/span><\/em><br><strong>Website:<\/strong>&nbsp;anphongcargo.com<\/p>\n\n\n\n<p><strong>Hotline:<\/strong>&nbsp;0978 195 057<\/p>\n\n\n\n<p><strong>Email:<\/strong>&nbsp;anphongcargo@gmail.com<\/p>\n\n\n\n<p><\/p>","protected":false},"excerpt":{"rendered":"<p>G\u1ed7 d\u00e1n ph\u1ee7 phim hay c\u00f2n g\u1ecdi l\u00e0\u00a0v\u00e1n \u00e9p c\u1ed1p pha ph\u1ee7 phim \u0111\u01b0\u1ee3c bi\u1ebft \u0111\u1ebfn nh\u01b0 m\u1ed9t lo\u1ea1i v\u00e1n \u00e9p chuy\u00ean d\u1ee5ng trong x\u00e2y d\u1ef1ng. Nh\u1eefng n\u0103m g\u1ea7n \u0111\u00e2y \u0111\u01b0\u1ee3c r\u1ea5t nhi\u1ec1u kh\u00e1ch h\u00e0ng \u01b0a chu\u1ed9ng v\u00ec gi\u00fap gi\u1ea3m th\u1eddi gian thi c\u00f4ng, s\u1ed1 l\u01b0\u1ee3ng nh\u00e2n c\u00f4ng l\u1eabn chi ph\u00ed v\u1eadt t\u01b0, nguy\u00ean li\u1ec7u. [&hellip;]<\/p>","protected":false},"author":2,"featured_media":0,"parent":0,"menu_order":0,"comment_status":"closed","ping_status":"closed","template":"","meta":{"footnotes":""},"class_list":["post-1568","page","type-page","status-publish","hentry"],"_links":{"self":[{"href":"https:\/\/anphongcargo.com\/en\/wp-json\/wp\/v2\/pages\/1568","targetHints":{"allow":["GET"]}}],"collection":[{"href":"https:\/\/anphongcargo.com\/en\/wp-json\/wp\/v2\/pages"}],"about":[{"href":"https:\/\/anphongcargo.com\/en\/wp-json\/wp\/v2\/types\/page"}],"author":[{"embeddable":true,"href":"https:\/\/anphongcargo.com\/en\/wp-json\/wp\/v2\/users\/2"}],"replies":[{"embeddable":true,"href":"https:\/\/anphongcargo.com\/en\/wp-json\/wp\/v2\/comments?post=1568"}],"version-history":[{"count":4,"href":"https:\/\/anphongcargo.com\/en\/wp-json\/wp\/v2\/pages\/1568\/revisions"}],"predecessor-version":[{"id":1580,"href":"https:\/\/anphongcargo.com\/en\/wp-json\/wp\/v2\/pages\/1568\/revisions\/1580"}],"wp:attachment":[{"href":"https:\/\/anphongcargo.com\/en\/wp-json\/wp\/v2\/media?parent=1568"}],"curies":[{"name":"wp","href":"https:\/\/api.w.org\/{rel}","templated":true}]}}