{"id":1765,"date":"2025-04-19T03:14:46","date_gmt":"2025-04-19T03:14:46","guid":{"rendered":"https:\/\/anphongcargo.com\/?page_id=1765"},"modified":"2025-05-07T08:03:00","modified_gmt":"2025-05-07T08:03:00","slug":"pvc-deo","status":"publish","type":"page","link":"https:\/\/anphongcargo.com\/en\/pvc-deo\/","title":{"rendered":"PVC d\u1ebbo"},"content":{"rendered":"<h2 class=\"wp-block-heading\">Nh\u1ef1a PVC l\u00e0 g\u00ec?<\/h2>\n\n\n\n<p>Nh\u1ef1a PVC c\u00f3 t\u00ean \u0111\u1ea7y \u0111\u1ee7 Polyvinyl Clorua \u0111\u01b0\u1ee3c t\u1ea1o ra s\u1edbm nh\u1ea5t trong l\u1ecbch s\u1eed ng\u00e0nh nh\u1ef1a t\u1eeb vi\u1ec7c t\u1ed5ng h\u1ee3p nh\u00e2n t\u1ea1o vinylClorua khi \u0111\u01b0\u1ee3c ph\u01a1i d\u01b0\u1edbi \u00e1nh n\u1eafng m\u1eb7t tr\u1eddi.<\/p>\n\n\n\n<h2 class=\"wp-block-heading\">Nh\u1ef1a PVC d\u1ebbo<\/h2>\n\n\n\n<p>&#8211;&nbsp; Ng\u0103n c\u00f4n tr\u00f9ng, th\u1ea5t tho\u00e1t nhi\u1ec7t (ng\u0103n l\u1ea1nh ph\u00f2ng s\u1eed d\u1ee5ng \u0111i\u1ec1u h\u00f2a) ho\u1eb7c ng\u0103n s\u00e2m nh\u1eadp h\u01a1i l\u1ea1nh (gi\u1eef \u1ea5m) nhi\u1ec7t&nbsp; \u0111\u1ed9 m\u00f4i tr\u01b0\u1eddng m\u00f9a \u0111\u00f4ng.<\/p>\n\n\n\n<p>&#8211;&nbsp; Ng\u0103n b\u1ee5i, kh\u00f3i, m\u00f9i &#8230;<\/p>\n\n\n\n<p>&#8211;&nbsp; Ng\u0103n c\u1ea3n ti\u1ebfng \u1ed3n, ng\u0103n b\u1ee9c x\u1ea1 tia c\u1ef1c t\u00edm&#8230;<\/p>\n\n\n\n<p>&#8211;&nbsp; S\u1eed d\u1ee5ng \u0111\u01b0\u1ee3c trong \u0111i\u1ec1u ki\u1ec7n nhi\u1ec7t \u0111\u1ed9 th\u00f4ng th\u01b0\u1eddng t\u1eeb: -10 oC to 50 oC<\/p>\n\n\n\n<p>&#8211;&nbsp; M\u00e0u s\u1eafc: M\u00e0u v\u00e0ng<\/p>\n\n\n\n<p>&#8211;&nbsp; H\u00ecnh d\u1ea1ng: D\u1ebbo m\u1ecbn ho\u1eb7c c\u00f3 g\u00e2n s\u00f3ng \u0111\u00f4i.<\/p>\n\n\n\n<p><strong>Vi\u1ec7c c\u00f9ng l\u1eafp c\u00e1c t\u1ea5m ch\u1eafn<\/strong><br>&#8211; v\u00e1ch ng\u0103n ch\u1ed1ng gi\u1ecdt b\u1eafn \u0111\u1ec3 ph\u00f2ng ch\u1ed1ng d\u1ecbch COVID-19 l\u00e0 \u0111i\u1ec1u r\u1ea5t c\u1ea7n thi\u1ebft gi\u00fap an to\u00e0n,&nbsp; v\u00e0 h\u1ea1n ch\u1ebf l\u00e2y nhi\u1ec5m khi c\u00f3 s\u1ef1 ti\u1ebfp x\u00fac mua b\u00e1n, giao d\u1ecbch gi\u1eefa ng\u01b0\u1eddi b\u00e1n v\u00e0 ng\u01b0\u1eddi mua t\u1ea1i n\u01a1i c\u00f4ng c\u1ed9ng ( ch\u1ee3, si\u00eau th\u1ecb, c\u1eeda h\u00e0ng ti\u1ec7n l\u1ee3i, c\u00f4ng ty, v\u0103n ph\u00f2ng, nh\u00e0 x\u01b0\u1edfng, c\u00e1c h\u1ed9 gia \u0111\u00ecnh \u2026) trong th\u1eddi \u0111i\u1ec3m d\u1ecbch b\u1ec7nh b\u00f9ng ph\u00e1t.<\/p>\n\n\n\n<p><strong>Ch\u00fang ta h\u00e3y l\u1eafp v\u00e1ch ng\u0103n<\/strong><br>\u2013 t\u1ea5m ch\u1eafn gi\u1ecdt b\u1eafn ngay qu\u1ea7y giao d\u1ecbch, ngay t\u1ea1i \u0111i\u1ec3m mua b\u00e1n, ngay tr\u01b0\u1edbc c\u1eeda ra v\u00e0o \u0111\u1ec3 tr\u00e1nh ti\u1ebfp x\u00fac g\u1ea7n v\u00e0 ng\u0103n \u0111\u01b0\u1ee3c gi\u1ecdt b\u1eafn ng\u1eeba covid.&nbsp;<\/p>\n\n\n\n<p><strong>Vi\u1ec7c v\u1ec7 sinh t\u1ea5m ch\u1eafn<br><\/strong>\u2013 V\u00e1ch ng\u0103n ch\u1ed1ng gi\u1ecdt b\u1eafn c\u0169ng r\u1ea5t d\u1ec5 d\u00e0ng v\u00e0 r\u1ea5t mau kh\u00f4. Ch\u00fang ta c\u00f3 th\u1ec3 th\u00e1o ra ho\u1eb7c gi\u1eef nguy\u00ean r\u1eeda b\u1eb1ng x\u00e0 ph\u00f2ng, x\u1ecbt c\u1ed3n kh\u1eed khu\u1ea9n, lau ch\u00f9i s\u1ea1ch s\u1ebd; \u0111\u1ea3m b\u1ea3o an to\u00e0n t\u1ed1i \u0111a kh\u00f4ng lo l\u00e2y nhi\u1ec5m, an to\u00e0n cho ng\u01b0\u1eddi s\u1eed d\u1ee5ng.<\/p>\n\n\n\n<h2 class=\"wp-block-heading\">M\u1ed9t s\u1ed1 lo\u1ea1i nh\u1ef1a PVC<\/h2>\n\n\n\n<p>PVC d\u1ebbo hay PVC-P (M\u1eadt \u0111\u1ed9: 1,1-1,35 g\/ cm 3): PVC d\u1ebbo \u0111\u01b0\u1ee3c h\u00ecnh th\u00e0nh b\u1eb1ng c\u00e1ch th\u00eam c\u00e1c ch\u1ea5t d\u1ebbo t\u01b0\u01a1ng th\u00edch v\u00e0o PVC l\u00e0m gi\u1ea3m \u0111\u1ed9 k\u1ebft tinh. Nh\u1eefng ch\u1ea5t h\u00f3a d\u1ebbo n\u00e0y khi\u1ebfn PVC d\u1ebbo v\u00e0 trong h\u01a1n.<\/p>\n\n\n\n<p>PVC c\u1ee9ng hay PVC-U ho\u1eb7c uPVC (M\u1eadt \u0111\u1ed9: 1,3-1,45 g\/ cm 3 ): \u0110\u00e2y l\u00e0 lo\u1ea1i nh\u1ef1a c\u1ee9ng v\u1edbi kh\u1ea3 n\u0103ng ch\u1ed1ng va \u0111\u1eadp, ch\u1ed1ng n\u01b0\u1edbc, ch\u1ed1ng h\u00f3a ch\u1ea5t v\u00e0 \u0103n m\u00f2n cao.<\/p>\n\n\n\n<p>Polyvinyl Clorua ho\u1eb7c perchlorovinyl clo h\u00f3a: N\u00f3 \u0111\u01b0\u1ee3c \u0111i\u1ec1u ch\u1ebf b\u1eb1ng c\u00e1ch clo h\u00f3a nh\u1ef1a PVC. H\u00e0m l\u01b0\u1ee3ng clo cao t\u1ea1o ra \u0111\u1ed9 b\u1ec1n cao, \u1ed5n \u0111\u1ecbnh h\u00f3a h\u1ecdc v\u00e0 ch\u1ed1ng ch\u00e1y t\u1ed1t.<\/p>\n\n\n\n<p>\u0110\u1ecbnh h\u01b0\u1edbng ph\u00e2n t\u1eed PVC ho\u1eb7c PVC-O: N\u00f3 \u0111\u01b0\u1ee3c t\u1ea1o ra b\u1eb1ng c\u00e1ch s\u1eafp x\u1ebfp l\u1ea1i c\u1ea5u tr\u00fac v\u00f4 \u0111\u1ecbnh h\u00ecnh c\u1ee7a PVC-U th\u00e0nh c\u1ea5u tr\u00fac ph\u00e2n l\u1edbp. Lo\u1ea1i PVC n\u00e0y c\u1ee9ng v\u00e0 ch\u1ecbu l\u1ef1c t\u1ed1t.<\/p>\n\n\n\n<p>PVC bi\u1ebfn \u0111\u1ed5i ho\u1eb7c PVC-M: \u0110\u00e2y l\u00e0 lo\u1ea1i PVC \u0111\u01b0\u1ee3c h\u00ecnh th\u00e0nh b\u1eb1ng c\u00e1ch th\u00eam c\u00e1c t\u00e1c nh\u00e2n bi\u1ebfn \u0111\u1ed5i, t\u0103ng \u0111\u1ed9 c\u1ee9ng v\u00e0 b\u1ec1n.<\/p>\n\n\n\n<p>Nh\u1ef1a PVC \u0111\u01b0\u1ee3c s\u1ea3n xu\u1ea5t theo d\u1ea1ng cu\u1ed9n, gia c\u00f4ng th\u00e0nh d\u1ea1ng t\u1ea5m; c\u00f3 nhi\u1ec1u m\u00e0u s\u1eafc, k\u00edch th\u01b0\u1edbc v\u00e0 \u0111\u1ed9 d\u00e0y, ch\u1ea5t li\u1ec7u b\u1ec1n d\u1ebbo dai, d\u1ec5 gia c\u00f4ng l\u1eafp \u0111\u1eb7t. S\u1ea3n ph\u1ea9m \u0111\u01b0\u1ee3c \u0111o v\u00e0 c\u1eaft theo k\u00edch th\u01b0\u1edbc y\u00eau c\u1ea7u c\u1ee7a kh\u00e1ch h\u00e0ng.&nbsp;<br><\/p>\n\n\n\n<h2 class=\"wp-block-heading\">\u01afu \u0111i\u1ec3m nh\u1ef1a PVC<\/h2>\n\n\n\n<p>PVC l\u00e0 m\u1ed9t v\u1eadt li\u1ec7u r\u1ea5t linh ho\u1ea1t v\u00e0 hi\u1ec7u qu\u1ea3 chi ph\u00ed. C\u00e1c thu\u1ed9c t\u00ednh v\u00e0 l\u1ee3i \u00edch ch\u00ednh c\u1ee7a n\u00f3 bao g\u1ed3m:<\/p>\n\n\n\n<p><strong>\u0110\u1ed9 b\u1ec1n:&nbsp;<\/strong>PVC ch\u1ecbu \u0111\u01b0\u1ee3c c\u00e1c \u0111i\u1ec1u ki\u1ec7n th\u1eddi ti\u1ebft kh\u1eafc nghi\u1ec7t, c\u00f3 kh\u1ea3 n\u0103ng ch\u1ed1ng \u0103n m\u00f2n, s\u1ed1c v\u00e0 m\u00e0i m\u00f2n. Do \u0111\u00f3, b\u1ea1n c\u00f3 th\u1ec3 th\u1ea5y n\u00f3 \u0111\u01b0\u1ee3c s\u1eed d\u1ee5ng \u0111\u1ec3 s\u1ea3n xu\u1ea5t r\u1ea5t nhi\u1ec1u v\u1eadt d\u1ee5ng ngo\u00e0i tr\u1eddi. Nghi\u00ean c\u1ee9u c\u1ee7a Japan PVC Pipe and Fittings Association cho th\u1ea5y c\u00e1c \u1ed1ng n\u01b0\u1edbc ng\u1ea7m PVC g\u1ea7n nh\u01b0 kh\u00f4ng b\u1ecb h\u01b0 h\u1ea1i nhi\u1ec1u sau 35 n\u0103m s\u1eed d\u1ee5ng.<\/p>\n\n\n\n<p><strong>Kh\u1ea3 n\u0103ng ch\u1ed1ng ch\u00e1y:&nbsp;<\/strong>&nbsp;PVC ch\u1ee9a 57% clo c\u00f3 ngu\u1ed3n g\u1ed1c t\u1eeb mu\u1ed1i th\u00f4ng th\u01b0\u1eddng, khi \u0111\u01b0\u1ee3c \u0111\u1ed1t ch\u00e1y h\u00e0m l\u01b0\u1ee3ng clo c\u1ee7a n\u00f3 s\u1ebd d\u1eadp t\u1eaft ng\u1ecdn l\u1eeda. \u0110\u1ed3ng th\u1eddi, nhi\u1ec7t \u0111\u1ed9 ch\u00e1y c\u1ee7a PVC cao t\u1edbi 455 \u00b0 C, nhi\u1ec7t \u0111\u1ed9 PVC gi\u1ea3i ph\u00f3ng khi \u0111\u1ed1t ch\u00e1y th\u1ea5p h\u01a1n nhi\u1ec1u so v\u1edbi nhi\u1ec7t \u0111\u1ed9 \u0111\u01b0\u1ee3c gi\u1ea3i ph\u00f3ng b\u1edfi c\u00e1c lo\u1ea1i nh\u1ef1a kh\u00e1c nh\u01b0 PE v\u00e0 PP n\u00ean n\u00f3 \u00edt c\u00f3 kh\u1ea3 n\u0103ng truy\u1ec1n l\u1eeda sang c\u00e1c v\u1eadt li\u1ec7u kh\u00e1c.<\/p>\n\n\n\n<p><strong>C\u00e1ch \u0111i\u1ec7n:<\/strong>&nbsp;PVC ch\u1ecbu \u0111\u01b0\u1ee3c c\u01b0\u1eddng \u0111\u1ed9 \u0111i\u1ec7n l\u1edbn m\u00e0 kh\u00f4ng b\u1ecb ph\u00e1 v\u1ee1 c\u1ea5u tr\u00fac, k\u1ebft h\u1ee3p v\u1edbi kh\u1ea3 n\u0103ng ch\u1ed1ng ch\u00e1y, n\u00f3 tr\u1edf th\u00e0nh v\u1eadt li\u1ec7u l\u00fd t\u01b0\u1edfng \u0111\u1ec3 s\u1ea3n xu\u1ea5t c\u00e1p truy\u1ec1n th\u00f4ng, b\u0103ng c\u00e1ch \u0111i\u1ec7n, c\u00e1p \u0111i\u1ec7n d\u00e2n d\u1ee5ng, h\u1ed9p c\u00f4ng t\u1eafc v\u00e0 v\u1ecf d\u00e2y \u0111i\u1ec7n.<\/p>\n\n\n\n<p><strong>T\u00ednh ch\u1ea5t c\u01a1 h\u1ecdc:&nbsp;<\/strong>PVC \u1edf \u0111i\u1ec1u ki\u1ec7n th\u00f4ng th\u01b0\u1eddng c\u1ee9ng, gi\u00f2n, ch\u1ecbu l\u1ef1c t\u1ed1t, c\u00f3 kh\u1ea3 n\u0103ng ch\u1ed1ng m\u00e0i m\u00f2n, nh\u1eb9 v\u00e0 d\u1ebbo dai.<\/p>\n\n\n\n<p>Kh\u00e1ng h\u00f3a ch\u1ea5t: M\u1eb7c d\u00f9 PVC h\u00f2a tan ho\u1eb7c tr\u01b0\u01a1ng n\u1edf trong hydrocarbon th\u01a1m, ketone v\u00e0 ete tu\u1ea7n ho\u00e0n nh\u01b0ng n\u00f3 r\u1ea5t kh\u00f3 h\u00f2a tan trong c\u00e1c h\u00f3a ch\u1ea5t h\u1eefu c\u01a1 kh\u00e1c. PVC ch\u1ed1ng l\u1ea1i h\u1ea7u h\u1ebft c\u00e1c h\u00f3a ch\u1ea5t v\u00f4 c\u01a1. Do v\u1eady, n\u00f3 \u0111\u01b0\u1ee3c s\u1eed d\u1ee5ng l\u00e0m \u1ed1ng x\u1ea3 kh\u00ed ho\u1eb7c \u1ed1ng d\u1eabn v\u00e0 \u1ed1ng c\u00e1c lo\u1ea1i, bao g\u1ed3m c\u1ea3 c\u00e1c \u1ee9ng d\u1ee5ng y t\u1ebf..<\/p>\n\n\n\n<h2 class=\"wp-block-heading\">Nh\u1ef1a PVC c\u00f3 an to\u00e0n kh\u00f4ng?<\/h2>\n\n\n\n<p>Tr\u01b0\u1edbc 1970, PVC \u0111\u01b0\u1ee3c s\u1eed d\u1ee5ng v\u00f4 c\u00f9ng r\u1ed9ng r\u00e3i v\u00ec d\u1ec5 \u0111i\u1ec1u ch\u1ebf v\u00e0 g\u00e1i r\u1ebb, \u0111\u1ed9 b\u1ec1n cao. Tuy nhi\u00ean \u0111\u1ebfn n\u0103m 1970, ng\u01b0\u1eddi ta ph\u00e1t hi\u1ec7n ra trong PVC c\u00f3 ch\u1ea5t vinyl chloride \u2013 th\u01b0\u1eddng \u0111\u01b0\u1ee3c g\u1ecdi l\u00e0 VCM c\u00f3 kh\u1ea3 n\u0103ng g\u00e2y ung th\u01b0. T\u1eeb \u0111\u00f3, n\u00f3 \u0111\u01b0\u1ee3c h\u1ea1n ch\u1ebf s\u1eed d\u1ee5ng h\u01a1n, nh\u1ea5t l\u00e0 nh\u1eefng lo\u1ea1i bao b\u00ec th\u1ef1c ph\u1ea9m v\u00ec lo ng\u1ea1i cho s\u1ee9c kh\u1ecfe con ng\u01b0\u1eddi.<\/p>\n\n\n\n<h2 class=\"wp-block-heading\">M\u1ed9t s\u1ed1 \u1ee9ng d\u1ee5ng nh\u1ef1a PVC<\/h2>\n\n\n\n<p><strong>In tem nh\u00e3n<\/strong><\/p>\n\n\n\n<p>Tem nh\u00e3n nh\u1ef1a PVC l\u00e0 lo\u1ea1i decal c\u00f3 ch\u1ea5t li\u1ec7u b\u1eb1ng nh\u1ef1a PVC v\u1edbi \u0111\u1eb7c t\u00ednh ch\u1ed1ng th\u1ea5m n\u01b0\u1edbc, d\u1ebbo dai (x\u00e9 kh\u00f4ng r\u00e1ch), tu\u1ed5i th\u1ecd tem v\u00e0 m\u1ef1c b\u1ec1n theo n\u0103m th\u00e1ng n\u00ean \u0111\u01b0\u1ee3c s\u1eed d\u1ee5ng \u0111\u1ec3 in tem nh\u00e3n m\u00e3 v\u1ea1ch (tem S\/N, nh\u00e3n Imei cho m\u00e1y m\u00f3c thi\u1ebft b\u1ecb), in tem trang s\u1ee9c, in tem ng\u00e0nh h\u1ea3i s\u1ea3n \u0111\u00f4ng l\u1ea1nh ho\u1eb7c s\u1eed d\u1ee5ng trong m\u00f4i tr\u01b0\u1eddng ngo\u00e0i tr\u1eddi (n\u1eafng, m\u01b0a)\u2026<\/p>\n\n\n\n<p><strong>\u0110\u01b0\u1eddng \u1ed1ng n\u01b0\u1edbc<\/strong><\/p>\n\n\n\n<p>Vinyl r\u1ea5t linh ho\u1ea1t, b\u00ecnh th\u01b0\u1eddng n\u00f3 kh\u00e1 c\u1ee9ng, ch\u1eafc ch\u1eafn, ch\u1ecbu l\u1ef1c t\u1ed1t nh\u01b0ng n\u1ebfu cho th\u00eam m\u1ed9t s\u1ed1 ph\u1ee5 gia trong qu\u00e1 tr\u00ecnh s\u1ea3n xu\u1ea5t, n\u00f3 s\u1ebd m\u1ec1m d\u1ebbo v\u00e0 d\u1ec5 u\u1ed1n h\u01a1n. \u0110\u1ed3ng th\u1eddi v\u1edbi \u0111\u1ed9 b\u1ec1n h\u00f3a ch\u1ea5t, ch\u1ed1ng \u0103n m\u00f2n,\u2026 n\u00f3 \u0111\u01b0\u1ee3c s\u1eed d\u1ee5ng s\u1ea3n xu\u1ea5t nhi\u1ec1u lo\u1ea1i \u1ed1ng n\u01b0\u1edbc kh\u00e1c nhau.<\/p>\n\n\n\n<p><strong>S\u1ea3n xu\u1ea5t c\u00e1c lo\u1ea1i \u1ed1p trong x\u00e2y d\u1ef1ng<\/strong><\/p>\n\n\n\n<p>V\u00ec c\u00f3 kh\u1ea3 n\u0103ng ch\u1ed1ng \u1ea9m v\u00e0 m\u00e0i m\u00f2n, PVC \u0111\u01b0\u1ee3c s\u1eed d\u1ee5ng \u0111\u1ec3 \u1ed1p c\u1eeda s\u1ed5, l\u1ee3p m\u00e1i, l\u00e0m h\u00e0ng r\u00e0o, \u1ed1p s\u00e0n v\u00e0 \u1ed1p t\u01b0\u1eddng. Vinyl kh\u00f4ng \u0103n m\u00f2n nh\u01b0 m\u1ed9t s\u1ed1 v\u1eadt li\u1ec7u x\u00e2y d\u1ef1ng, kh\u00f4ng y\u00eau c\u1ea7u s\u01a1n th\u01b0\u1eddng xuy\u00ean v\u00e0 c\u00f3 th\u1ec3 \u0111\u01b0\u1ee3c l\u00e0m s\u1ea1ch d\u1ec5 d\u00e0ng b\u1eb1ng c\u00e1c lo\u1ea1i n\u01b0\u1edbc t\u1ea9y r\u1eeda nh\u1eb9 th\u00f4ng th\u01b0\u1eddng.<\/p>\n\n\n\n<p><strong>S\u1ea3n xu\u1ea5t d\u00e2y c\u00e1p<\/strong><\/p>\n\n\n\n<p>PVC c\u00f3 th\u1ec3 ch\u1ecbu \u0111\u01b0\u1ee3c c\u00e1c \u0111i\u1ec1u ki\u1ec7n th\u1eddi ti\u1ebft kh\u1eafc nghi\u1ec7t nh\u01b0 nhi\u1ec7t \u0111\u1ed9 v\u00e0 \u0111\u1ed9 \u1ea9m thay \u0111\u1ed5i, ch\u1ed1ng m\u00e0i m\u00f2n, kh\u00f4ng b\u1ecb \u0103n m\u00f2n b\u1edfi h\u00f3a ch\u1ea5t, d\u1ebbo dai, ch\u1ecbu l\u1ef1c t\u1ed1t n\u00ean \u0111\u01b0\u1ee3c s\u1eed d\u1ee5ng trong h\u1ec7 th\u1ed1ng d\u00e2y \u0111i\u1ec7n v\u00e0 c\u00e1p.<\/p>\n\n\n\n<p><strong>S\u1ea3n xu\u1ea5t c\u00e1c t\u1ea5m ph\u1ee7, m\u00e0ng ph\u1ee7<\/strong><\/p>\n\n\n\n<p>PVC kh\u00e1 c\u1ee9ng nh\u01b0ng n\u1ebfu th\u00eam c\u00e1c ch\u1ea5t h\u00f3a d\u1ebbo th\u00edch h\u1ee3p s\u1ebd \u0111i\u1ec1u ch\u1ec9nh \u0111\u01b0\u1ee3c \u0111\u1ed9 d\u1ebbo mong mu\u1ed1n. N\u00f3 \u0111\u01b0\u1ee3c s\u1eed d\u1ee5ng l\u00e0m c\u00e1c lo\u1ea1i m\u00e0ng m\u1ecfng nh\u01b0 c\u00e1c t\u1ea5m b\u1ea1t che, \u00e1o m\u01b0a, nh\u00e3n chai n\u01b0\u1edbc hay m\u1ecfng h\u01a1n l\u00e0 c\u00e1c bao b\u00ec s\u1ea3n ph\u1ea9m.<\/p>\n\n\n\n<p><em>V\u00ec PVC d\u1ec5 \u0111i\u1ec1u ch\u1ebf, gi\u00e1 r\u1ebb v\u00e0 ti\u1ec7n d\u1ee5ng n\u00ean n\u00f3 \u0111\u01b0\u1ee3c s\u1eed d\u1ee5ng ph\u1ed5 bi\u1ebfn cho c\u00e1c \u0111\u1ed3 v\u1eadt nh\u1ef1a h\u00e0ng ng\u00e0y. M\u1eb7c d\u00f9 \u0111\u01b0\u1ee3c khuy\u1ebfn c\u00e1o trong PVC \u00f3 c\u00f3 ch\u1ee9a ch\u1ea5t g\u00e2y ung th\u01b0 v\u00e0 khi \u0111\u1ed1t ch\u00e1y t\u1ea1o kh\u00ed clo \u0111\u1ed9c h\u1ea1i, g\u00e2y \u00f4 nhi\u1ec5m m\u00f4i tr\u01b0\u1eddng nh\u01b0ng nhi\u1ec1u ng\u01b0\u1eddi v\u1eabn l\u1ef1a ch\u1ecdn s\u1eed d\u1ee5ng v\u00ec n\u00f3 r\u1ebb. Do \u0111\u00f3, n\u1ebfu b\u1ea1n c\u00f3 s\u1eed d\u1ee5ng \u0111\u1ed3 nh\u1ef1a th\u00ec h\u1ea1n ch\u1ebf ti\u1ebfp x\u00fac v\u1edbi tr\u1ebb em (tr\u1ebb hay ng\u1eadm) v\u00e0 tr\u00e1nh \u0111\u1ed1t nh\u1ef1a.<\/em><\/p>\n\n\n\n<p><strong>Contact Us:<\/strong><\/p>\n\n\n\n<p>H\u00e3y li\u00ean h\u1ec7 ngay v\u1edbi <strong>C\u00f4ng Ty TNHH Xu\u1ea5t Nh\u1eadp Kh\u1ea9u v\u00e0 Logistics An Phong<\/strong> \u0111\u1ec3 \u0111\u01b0\u1ee3c t\u01b0 v\u1ea5n v\u00e0 \u0111\u1eb7t h\u00e0ng s\u1ea3n ph\u1ea9m l\u00e0m t\u1eeb nh\u1ef1a PVC d\u1ebbo xu\u1ea5t kh\u1ea9u ch\u1ea5t l\u01b0\u1ee3ng cao.<\/p>\n\n\n\n<p><em><strong>An Phong Import Export and Logistics Company Limited<\/strong><br><\/em><br><strong>Website:<\/strong>&nbsp;anphongcargo.com<\/p>\n\n\n\n<p><strong>Hotline:<\/strong>&nbsp;0978 195 057<\/p>\n\n\n\n<p><strong>Email:<\/strong>&nbsp;anphongcargo@gmail.com<\/p>","protected":false},"excerpt":{"rendered":"<p>Nh\u1ef1a PVC l\u00e0 g\u00ec? Nh\u1ef1a PVC c\u00f3 t\u00ean \u0111\u1ea7y \u0111\u1ee7 Polyvinyl Clorua \u0111\u01b0\u1ee3c t\u1ea1o ra s\u1edbm nh\u1ea5t trong l\u1ecbch s\u1eed ng\u00e0nh nh\u1ef1a t\u1eeb vi\u1ec7c t\u1ed5ng h\u1ee3p nh\u00e2n t\u1ea1o vinylClorua khi \u0111\u01b0\u1ee3c ph\u01a1i d\u01b0\u1edbi \u00e1nh n\u1eafng m\u1eb7t tr\u1eddi. Nh\u1ef1a PVC d\u1ebbo &#8211;&nbsp; Ng\u0103n c\u00f4n tr\u00f9ng, th\u1ea5t tho\u00e1t nhi\u1ec7t (ng\u0103n l\u1ea1nh ph\u00f2ng s\u1eed d\u1ee5ng \u0111i\u1ec1u h\u00f2a) ho\u1eb7c [&hellip;]<\/p>","protected":false},"author":2,"featured_media":1785,"parent":0,"menu_order":0,"comment_status":"closed","ping_status":"closed","template":"","meta":{"footnotes":""},"class_list":["post-1765","page","type-page","status-publish","has-post-thumbnail","hentry"],"_links":{"self":[{"href":"https:\/\/anphongcargo.com\/en\/wp-json\/wp\/v2\/pages\/1765","targetHints":{"allow":["GET"]}}],"collection":[{"href":"https:\/\/anphongcargo.com\/en\/wp-json\/wp\/v2\/pages"}],"about":[{"href":"https:\/\/anphongcargo.com\/en\/wp-json\/wp\/v2\/types\/page"}],"author":[{"embeddable":true,"href":"https:\/\/anphongcargo.com\/en\/wp-json\/wp\/v2\/users\/2"}],"replies":[{"embeddable":true,"href":"https:\/\/anphongcargo.com\/en\/wp-json\/wp\/v2\/comments?post=1765"}],"version-history":[{"count":4,"href":"https:\/\/anphongcargo.com\/en\/wp-json\/wp\/v2\/pages\/1765\/revisions"}],"predecessor-version":[{"id":1909,"href":"https:\/\/anphongcargo.com\/en\/wp-json\/wp\/v2\/pages\/1765\/revisions\/1909"}],"wp:featuredmedia":[{"embeddable":true,"href":"https:\/\/anphongcargo.com\/en\/wp-json\/wp\/v2\/media\/1785"}],"wp:attachment":[{"href":"https:\/\/anphongcargo.com\/en\/wp-json\/wp\/v2\/media?parent=1765"}],"curies":[{"name":"wp","href":"https:\/\/api.w.org\/{rel}","templated":true}]}}