{"id":1774,"date":"2025-04-19T03:27:45","date_gmt":"2025-04-19T03:27:45","guid":{"rendered":"https:\/\/anphongcargo.com\/?page_id=1774"},"modified":"2025-05-07T08:06:26","modified_gmt":"2025-05-07T08:06:26","slug":"bong-pickleball","status":"publish","type":"page","link":"https:\/\/anphongcargo.com\/en\/bong-pickleball\/","title":{"rendered":"B\u00f3ng Pickleball"},"content":{"rendered":"<p><\/p>\n\n\n\n<p>Pickleball l\u00e0 m\u1ed9t trong nh\u1eefng m\u00f4n th\u1ec3 thao \u0111ang r\u1ea5t hot v\u1edbi l\u01b0\u1ee3ng ng\u01b0\u1eddi ch\u01a1i ng\u00e0y m\u1ed9t \u0111\u00f4ng. V\u00e0 b\u1ed9 m\u00f4n n\u00e0y kh\u00f4ng ch\u1ec9 \u0111\u1eb7c bi\u1ec7t b\u1edfi lu\u1eadt ch\u01a1i th\u00fa v\u1ecb m\u00e0 c\u00f2n \u0111\u1ebfn t\u1eeb nh\u1eefng d\u1ee5ng c\u1ee5 thi \u0111\u1ea5u \u0111\u1ed9c \u0111\u00e1o v\u00e0 chuy\u00ean d\u1ee5ng nh\u01b0 v\u1ee3t Pickleball, gi\u00e0y Pickleball v\u00e0 \u0111\u1eb7c bi\u1ec7t l\u00e0 qu\u1ea3 b\u00f3ng Pickleball.<\/p>\n\n\n\n<p><strong>B\u00f3ng Pickleball c\u00f3 g\u00ec \u0111\u1eb7c bi\u1ec7t?<\/strong><\/p>\n\n\n\n<p>B\u00f3ng Pickleball l\u00e0 m\u1ed9t lo\u1ea1i b\u00f3ng \u0111\u01b0\u1ee3c s\u1eed d\u1ee5ng trong tr\u00f2 ch\u01a1i Pickleball &#8211; m\u1ed9t m\u00f4n th\u1ec3 thao \u0111ang tr\u1edf n\u00ean ng\u00e0y m\u1ed9t ph\u1ed5 bi\u1ebfn t\u1ea1i Vi\u1ec7t Nam. B\u00f3ng Pickleball ti\u00eau chu\u1ea9n c\u00f3 k\u00edch th\u01b0\u1edbc t\u1eeb 74 \u0111\u1ebfn 76 mm v\u00e0 tr\u1ecdng l\u01b0\u1ee3ng t\u1eeb 22 \u0111\u1ebfn 26 gram. Nh\u1eefng qu\u1ea3 b\u00f3ng n\u00e0y th\u01b0\u1eddng \u0111\u01b0\u1ee3c s\u1ea3n xu\u1ea5t v\u1edbi \u00e1p su\u1ea5t kh\u00f4ng kh\u00ed t\u1eeb 2,5 \u0111\u1ebfn 2,9 psi. Tuy nhi\u00ean, c\u00f3 nhi\u1ec1u lo\u1ea1i b\u00f3ng Pickleball kh\u00e1c nhau v\u1edbi k\u00edch th\u01b0\u1edbc v\u00e0 tr\u1ecdng l\u01b0\u1ee3ng \u0111a d\u1ea1ng \u0111\u1ec3 ph\u00f9 h\u1ee3p v\u1edbi nhu c\u1ea7u v\u00e0 phong c\u00e1ch ch\u01a1i c\u1ee7a t\u1eebng ng\u01b0\u1eddi.<\/p>\n\n\n\n<figure class=\"wp-block-image\"><a href=\"https:\/\/file.hstatic.net\/1000288768\/file\/dolkjj4bjc0hiiqt_6a4b936dba4d40008472b8905c97369d_grande.jpg\"><img decoding=\"async\" src=\"https:\/\/file.hstatic.net\/1000288768\/file\/dolkjj4bjc0hiiqt_6a4b936dba4d40008472b8905c97369d_grande.jpg\" alt=\"\"\/><\/a><\/figure>\n\n\n\n<p><em>H\u00ecnh th\u1ee9c c\u1ee7a m\u1ed9t tr\u00e1i b\u00f3ng Pickleball ti\u00eau chu\u1ea9n<\/em><\/p>\n\n\n\n<p>B\u00f3ng Pickleball \u0111\u01b0\u1ee3c thi\u1ebft k\u1ebf \u0111\u1eb7c bi\u1ec7t v\u1edbi c\u00e1c l\u1ed7 h\u1edf tr\u00ean b\u1ec1 m\u1eb7t, gi\u00fap t\u1ea1o ra hi\u1ec7u \u1ee9ng xo\u00e1y khi di chuy\u1ec3n, t\u1eeb \u0111\u00f3 ng\u01b0\u1eddi ch\u01a1i c\u00f3 th\u1ec3 ki\u1ec3m so\u00e1t b\u00f3ng t\u1ed1t h\u01a1n v\u00e0 n\u00e2ng cao k\u1ef9 n\u0103ng ch\u01a1i. L\u1edbp v\u1ecf ngo\u00e0i c\u1ee7a b\u00f3ng \u0111\u01b0\u1ee3c l\u00e0m t\u1eeb cao su ho\u1eb7c nh\u1ef1a, b\u00ean trong ch\u1ee9a kh\u00f4ng kh\u00ed v\u1edbi \u00e1p su\u1ea5t \u0111\u01b0\u1ee3c \u0111i\u1ec1u ch\u1ec9nh \u0111\u1ec3 \u0111\u1ea3m b\u1ea3o \u0111\u1ed9 n\u1ea3y v\u00e0 \u0111\u1ed9 c\u1ee9ng ph\u00f9 h\u1ee3p \u0111\u1ec3 \u0111\u1ea3m b\u1ea3o \u0111\u1ed9 n\u1ea3y v\u1eeba \u0111\u1ee7, kh\u00f4ng qu\u00e1 m\u1ec1m c\u0169ng kh\u00f4ng qu\u00e1 c\u1ee9ng.<\/p>\n\n\n\n<p>B\u00f3ng Pickleball mang l\u1ea1i nhi\u1ec1u l\u1ee3i \u00edch trong tr\u00f2 ch\u01a1i, gi\u00fap ng\u01b0\u1eddi ch\u01a1i ki\u1ec3m so\u00e1t b\u00f3ng d\u1ec5 d\u00e0ng, di chuy\u1ec3n ch\u00ednh x\u00e1c, \u0111\u1ed3ng th\u1eddi n\u00e2ng cao kh\u1ea3 n\u0103ng t\u1eadp trung v\u00e0 k\u1ef9 n\u0103ng ch\u01a1i c\u1ee7a h\u1ecd.<\/p>\n\n\n\n<p><strong>C\u00f3 bao nhi\u00eau lo\u1ea1i b\u00f3ng Pickleball hi\u1ec7n nay?<\/strong><\/p>\n\n\n\n<figure class=\"wp-block-image\"><a href=\"https:\/\/file.hstatic.net\/1000288768\/file\/kleball-phu-hop-nang-cao-ky-nang-choi_d5e3126d1bfa4ff9b40f78b921cdb1e9_grande.jpg\"><img decoding=\"async\" src=\"https:\/\/file.hstatic.net\/1000288768\/file\/kleball-phu-hop-nang-cao-ky-nang-choi_d5e3126d1bfa4ff9b40f78b921cdb1e9_grande.jpg\" alt=\"\"\/><\/a><\/figure>\n\n\n\n<p><em>Hi\u1ec7n t\u1ea1i c\u00f3 nhi\u1ec1u lo\u1ea1i b\u00f3ng Pickleball kh\u00e1c nhau<\/em><\/p>\n\n\n\n<p>Tr\u00ean th\u1ecb tr\u01b0\u1eddng hi\u1ec7n nay c\u00f3 nhi\u1ec1u lo\u1ea1i b\u00f3ng Pickleball v\u1edbi c\u00e1c \u0111\u1eb7c t\u00ednh kh\u00e1c nhau. C\u00f3 th\u1ec3 k\u1ec3 \u0111\u1ebfn nh\u1eefng lo\u1ea1i b\u00f3ng nh\u01b0:<\/p>\n\n\n\n<ul class=\"wp-block-list\">\n<li>B\u00f3ng Pickleball b\u1eb1ng nh\u1ef1a: \u0110\u00e2y l\u00e0 lo\u1ea1i b\u00f3ng ph\u1ed5 bi\u1ebfn nh\u1ea5t v\u00e0 th\u01b0\u1eddng \u0111\u01b0\u1ee3c s\u1eed d\u1ee5ng trong c\u00e1c gi\u1ea3i \u0111\u1ea5u ch\u00ednh th\u1ee9c. B\u00f3ng nh\u1ef1a c\u00f3 \u0111\u1ed9 n\u1ea3y trung b\u00ecnh, ph\u00f9 h\u1ee3p v\u1edbi nhi\u1ec1u lo\u1ea1i s\u00e2n kh\u00e1c nhau. Ch\u00fang th\u01b0\u1eddng c\u00f3 m\u00e0u tr\u1eafng ho\u1eb7c v\u00e0ng, v\u1edbi \u0111\u01b0\u1eddng k\u00ednh kho\u1ea3ng 7cm v\u00e0 hai lo\u1ea1i l\u00e0 b\u00f3ng 26 l\u1ed7 v\u00e0 40 l\u1ed7.<\/li>\n\n\n\n<li>B\u00f3ng Pickleball h\u01a1i b\u01a1m: Lo\u1ea1i b\u00f3ng n\u00e0y \u0111\u01b0\u1ee3c b\u01a1m h\u01a1i, c\u00f3 \u0111\u1ed9 n\u1ea3y cao h\u01a1n so v\u1edbi b\u00f3ng nh\u1ef1a, t\u1ea1o ra c\u00fa \u0111\u00e1nh m\u1ea1nh h\u01a1n. Tuy nhi\u00ean, ch\u00fang d\u1ec5 b\u1ecb bi\u1ebfn d\u1ea1ng khi th\u1eddi ti\u1ebft thay \u0111\u1ed5i. B\u00f3ng h\u01a1i b\u01a1m th\u01b0\u1eddng nh\u1eb9 h\u01a1n so v\u1edbi c\u00e1c lo\u1ea1i b\u00f3ng kh\u00e1c.<\/li>\n\n\n\n<li>B\u00f3ng Pickleball composite: Lo\u1ea1i b\u00f3ng n\u00e0y k\u1ebft h\u1ee3p gi\u1eefa nh\u1ef1a v\u00e0 kh\u00ed n\u00e9n, t\u1ea1o ra s\u1ea3n ph\u1ea9m c\u00f3 \u0111\u1ed9 n\u1ea3y v\u00e0 \u0111\u1ed9 b\u1ec1n trung b\u00ecnh. B\u00f3ng composite c\u00f3 k\u00edch th\u01b0\u1edbc kho\u1ea3ng 15-16 inch (38-41 cm) v\u00e0 tr\u1ecdng l\u01b0\u1ee3ng dao \u0111\u1ed9ng t\u1eeb 200g \u0111\u1ebfn 232g. Ch\u00fang ph\u00f9 h\u1ee3p v\u1edbi nhi\u1ec1u lo\u1ea1i s\u00e2n kh\u00e1c nhau.<\/li>\n<\/ul>\n\n\n\n<p>Khi l\u1ef1a ch\u1ecdn b\u00f3ng Pickleball, ng\u01b0\u1eddi ch\u01a1i c\u1ea7n xem x\u00e9t c\u00e1c y\u1ebfu t\u1ed1 nh\u01b0 lo\u1ea1i s\u00e2n, \u0111i\u1ec1u ki\u1ec7n th\u1eddi ti\u1ebft v\u00e0 m\u1ee5c \u0111\u00edch s\u1eed d\u1ee5ng (t\u1eadp luy\u1ec7n hay thi \u0111\u1ea5u ch\u00ednh th\u1ee9c) \u0111\u1ec3 ch\u1ecdn lo\u1ea1i b\u00f3ng ph\u00f9 h\u1ee3p nh\u1ea5t. Vi\u1ec7c ch\u1ecdn \u0111\u00fang lo\u1ea1i b\u00f3ng s\u1ebd gi\u00fap ng\u01b0\u1eddi ch\u01a1i t\u1eadn h\u01b0\u1edfng tr\u00f2 ch\u01a1i t\u1ed1t h\u01a1n, n\u00e2ng cao hi\u1ec7u qu\u1ea3 t\u1eadp luy\u1ec7n v\u00e0 thi \u0111\u1ea5u.&nbsp;<\/p>\n\n\n\n<p>Ngo\u00e0i ra, m\u1ed9t chi\u1ebfc v\u1ee3t ch\u1ea5t l\u01b0\u1ee3ng c\u0169ng s\u1ebd \u0111\u1ea3m b\u1ea3o hi\u1ec7u qu\u1ea3 nh\u1eefng c\u00fa \u0111\u00e1nh, trong \u0111\u00f3, v\u1ee3t Pickleball Jogarbola P-602 c\u00f3 th\u1ec3 \u0111\u00e1p \u1ee9ng \u0111\u01b0\u1ee3c v\u1edbi m\u1ecdi tr\u00e1i b\u00f3ng, tr\u00ean m\u1ecdi \u0111i\u1ec1u ki\u1ec7n thi \u0111\u1ea5u.<\/p>\n\n\n\n<p><strong>Contact Us:<\/strong><\/p>\n\n\n\n<p>H\u00e3y li\u00ean h\u1ec7 ngay v\u1edbi <strong>C\u00f4ng Ty TNHH Xu\u1ea5t Nh\u1eadp Kh\u1ea9u v\u00e0 Logistics An Phong<\/strong> \u0111\u1ec3 \u0111\u01b0\u1ee3c t\u01b0 v\u1ea5n v\u00e0 \u0111\u1eb7t h\u00e0ng s\u1ea3n ph\u1ea9m b\u00f3ng Pickleball xu\u1ea5t kh\u1ea9u ch\u1ea5t l\u01b0\u1ee3ng cao.<\/p>\n\n\n\n<p><em><strong>An Phong Import Export and Logistics Company Limited<\/strong><br><\/em><br><strong>Website:<\/strong>&nbsp;anphongcargo.com<\/p>\n\n\n\n<p><strong>Hotline:<\/strong>&nbsp;0978 195 057<\/p>\n\n\n\n<p><strong>Email:<\/strong>&nbsp;anphongcargo@gmail.com<\/p>","protected":false},"excerpt":{"rendered":"<p>Pickleball l\u00e0 m\u1ed9t trong nh\u1eefng m\u00f4n th\u1ec3 thao \u0111ang r\u1ea5t hot v\u1edbi l\u01b0\u1ee3ng ng\u01b0\u1eddi ch\u01a1i ng\u00e0y m\u1ed9t \u0111\u00f4ng. V\u00e0 b\u1ed9 m\u00f4n n\u00e0y kh\u00f4ng ch\u1ec9 \u0111\u1eb7c bi\u1ec7t b\u1edfi lu\u1eadt ch\u01a1i th\u00fa v\u1ecb m\u00e0 c\u00f2n \u0111\u1ebfn t\u1eeb nh\u1eefng d\u1ee5ng c\u1ee5 thi \u0111\u1ea5u \u0111\u1ed9c \u0111\u00e1o v\u00e0 chuy\u00ean d\u1ee5ng nh\u01b0 v\u1ee3t Pickleball, gi\u00e0y Pickleball v\u00e0 \u0111\u1eb7c bi\u1ec7t l\u00e0 qu\u1ea3 [&hellip;]<\/p>","protected":false},"author":2,"featured_media":0,"parent":0,"menu_order":0,"comment_status":"closed","ping_status":"closed","template":"","meta":{"footnotes":""},"class_list":["post-1774","page","type-page","status-publish","hentry"],"_links":{"self":[{"href":"https:\/\/anphongcargo.com\/en\/wp-json\/wp\/v2\/pages\/1774","targetHints":{"allow":["GET"]}}],"collection":[{"href":"https:\/\/anphongcargo.com\/en\/wp-json\/wp\/v2\/pages"}],"about":[{"href":"https:\/\/anphongcargo.com\/en\/wp-json\/wp\/v2\/types\/page"}],"author":[{"embeddable":true,"href":"https:\/\/anphongcargo.com\/en\/wp-json\/wp\/v2\/users\/2"}],"replies":[{"embeddable":true,"href":"https:\/\/anphongcargo.com\/en\/wp-json\/wp\/v2\/comments?post=1774"}],"version-history":[{"count":4,"href":"https:\/\/anphongcargo.com\/en\/wp-json\/wp\/v2\/pages\/1774\/revisions"}],"predecessor-version":[{"id":1912,"href":"https:\/\/anphongcargo.com\/en\/wp-json\/wp\/v2\/pages\/1774\/revisions\/1912"}],"wp:attachment":[{"href":"https:\/\/anphongcargo.com\/en\/wp-json\/wp\/v2\/media?parent=1774"}],"curies":[{"name":"wp","href":"https:\/\/api.w.org\/{rel}","templated":true}]}}