{"id":1812,"date":"2025-04-24T02:24:28","date_gmt":"2025-04-24T02:24:28","guid":{"rendered":"https:\/\/anphongcargo.com\/?page_id=1812"},"modified":"2025-05-07T07:50:16","modified_gmt":"2025-05-07T07:50:16","slug":"tom-kho","status":"publish","type":"page","link":"https:\/\/anphongcargo.com\/en\/tom-kho\/","title":{"rendered":"T\u00f4m kh\u00f4"},"content":{"rendered":"<p>S\u1ea3n ph\u1ea9m t\u00f4m th\u1ebb kh\u00f4 c\u00f3 v\u1ecb ng\u1ecdt t\u1ef1 nhi\u00ean, th\u1ecbt t\u00f4m ch\u1eafc dai, s\u1ea1ch m\u00f9i tanh, \u0111\u01b0\u1ee3c ch\u1ebf bi\u1ebfn t\u1eeb ngu\u1ed3n nguy\u00ean li\u1ec7u 100% t\u00f4m s\u1ed1ng. T\u00f4m th\u1ebb kh\u00f4 trong s\u1ea3n ph\u1ea9m \u0111\u1ec1u l\u00e0 t\u00f4m s\u1ed1ng, kho\u1ebb m\u1ea1nh nh\u1ea5t trong m\u00f9a thu ho\u1ea1ch v\u00e0 \u0111\u1ea1t \u0111\u01b0\u1ee3c k\u00edch th\u01b0\u1edbc theo quy chu\u1ea9n, \u0111\u01b0\u1ee3c l\u1ef1a ch\u1ecdn c\u00f3 k\u00edch c\u1ee1 \u0111\u1ec1u nhau, th\u00e2n t\u00f4m tr\u00f2n d\u1eb9p, c\u00f3 m\u00e0u cam nh\u1ea1t b\u1eaft m\u1eaft.<\/p>\n\n\n\n<blockquote class=\"wp-block-quote is-layout-flow wp-block-quote-is-layout-flow\">\n<p>T\u00f4m th\u1ebb l\u00e0 lo\u00e0i t\u00f4m nhi\u1ec7t \u0111\u1edbi, c\u00f3 m\u00f4i tr\u01b0\u1eddng s\u1ed1ng ch\u1ee7 y\u1ebfu \u1edf m\u00f4i tr\u01b0\u1eddng n\u01b0\u1edbc l\u1ee3 (t\u00f4m s\u00f4ng) v\u00e0 n\u01b0\u1edbc m\u1eb7n (t\u00f4m bi\u1ec3n) v\u1edbi nhi\u1ec7t \u0111\u1ed9 n\u01b0\u1edbc t\u1eeb 24 \u0111\u1ebfn 350C. V\u1edbi \u0111\u1eb7c \u0111i\u1ec3m v\u1ec1 m\u00f4i tr\u01b0\u1eddng s\u1ed1ng n\u00e0y, t\u1ea1i Vi\u1ec7t Nam, 90% s\u1ea3n l\u01b0\u1ee3ng t\u00f4m th\u1ebb l\u00e0 \u1edf ph\u00eda Nam. T\u00f4m th\u1ebb c\u00f3 t\u1ed1c \u0111\u1ed9 sinh tr\u01b0\u1edfng kh\u00e1 nhanh so v\u1edbi c\u00e1c lo\u00e0i t\u00f4m kh\u00e1c. Trong 3 th\u00e1ng, m\u1ed9t ch\u00fa t\u00f4m s\u01a1 sinh c\u00f3 th\u1ec3 tr\u01b0\u1edfng th\u00e0nh v\u00e0 \u0111\u1ea1t \u0111\u1ebfn tr\u1ecdng l\u01b0\u1ee3ng t\u1ed1i \u0111a l\u00e0 40g. C\u00e1c ch\u00fa t\u00f4m c\u00e1i khi tr\u01b0\u1edfng th\u00e0nh v\u00e0 \u0111\u1ea1t tr\u1ecdng l\u01b0\u1ee3ng 40g c\u00f3 th\u1ec3 s\u1ea3n sinh t\u1eeb 100.000 \u0111\u1ebfn 250.000 tr\u1ee9ng. Do v\u1eady, t\u00f4m th\u1ebb l\u00e0 m\u1ed9t trong c\u00e1c lo\u00e0i t\u00f4m c\u00f3 s\u1ea3n l\u01b0\u1ee3ng l\u1edbn, l\u00e0 ngu\u1ed3n nguy\u00ean li\u1ec7u phong ph\u00fa \u0111\u1ec3 s\u1ea3n xu\u1ea5t t\u00f4m kh\u00f4.<\/p>\n\n\n\n<div class=\"wp-block-columns is-layout-flex wp-container-core-columns-is-layout-9d6595d7 wp-block-columns-is-layout-flex\">\n<div class=\"wp-block-column is-layout-flow wp-block-column-is-layout-flow\" style=\"flex-basis:50%\">\n<div class=\"wp-block-columns is-layout-flex wp-container-core-columns-is-layout-9d6595d7 wp-block-columns-is-layout-flex\">\n<div class=\"wp-block-column is-layout-flow wp-block-column-is-layout-flow\" style=\"flex-basis:100%\">\n<figure class=\"wp-block-gallery has-nested-images columns-default is-cropped wp-block-gallery-1 is-layout-flex wp-block-gallery-is-layout-flex\">\n<figure class=\"wp-block-image size-large\"><img loading=\"lazy\" decoding=\"async\" width=\"451\" height=\"440\" data-id=\"1845\" src=\"https:\/\/anphongcargo.com\/wp-content\/uploads\/2025\/04\/Screenshot-2025-04-24-113622.png\" alt=\"\" class=\"wp-image-1845\" srcset=\"https:\/\/anphongcargo.com\/wp-content\/uploads\/2025\/04\/Screenshot-2025-04-24-113622.png 451w, https:\/\/anphongcargo.com\/wp-content\/uploads\/2025\/04\/Screenshot-2025-04-24-113622-300x293.png 300w, https:\/\/anphongcargo.com\/wp-content\/uploads\/2025\/04\/Screenshot-2025-04-24-113622-12x12.png 12w\" sizes=\"auto, (max-width: 451px) 100vw, 451px\" \/><\/figure>\n<\/figure>\n<\/div>\n<\/div>\n<\/div>\n\n\n\n<div class=\"wp-block-column is-layout-flow wp-block-column-is-layout-flow\" style=\"flex-basis:50%\">\n<p class=\"has-text-align-center has-large-font-size\"><\/p>\n<\/div>\n<\/div>\n<\/blockquote>\n\n\n\n<h2 class=\"wp-block-heading\" id=\"processing-method\"><strong>Quy tr\u00ecnh ch\u1ebf bi\u1ebfn<\/strong><\/h2>\n\n\n\n<p>T\u00f4m th\u1ebb kh\u00f4  \u0111\u01b0\u1ee3c s\u1ea3n xu\u1ea5t t\u1eeb 100% t\u00f4m s\u1ed1ng. T\u00f4m \u0111\u01b0\u1ee3c s\u1ee5c oxy \u0111\u1ec3 gi\u1eef s\u1ef1 s\u1ed1ng cho \u0111\u1ebfn khi b\u1eaft \u0111\u1ea7u quy tr\u00ecnh ch\u1ebf bi\u1ebfn. T\u00f4m th\u1ebb \u0111\u01b0\u1ee3c ch\u1ecdn l\u1ef1a v\u00e0 ch\u1ebf bi\u1ebfn t\u1eebng m\u1ebb theo k\u00edch c\u1ee1 c\u1ee7a t\u00f4m \u0111\u1ec3 b\u1ea3o \u0111\u1ea3m \u0111\u1ed9 ch\u00edn \u0111\u1ed3ng \u0111\u1ec1u \u1edf t\u1eebng con t\u00f4m. B\u1eb1ng ph\u01b0\u01a1ng ph\u00e1p <strong>ph\u01a1i trong nh\u00e0 k\u00ednh, \u0111i\u1ec7n n\u0103ng l\u01b0\u1ee3ng m\u1eb7t tr\u1eddi<\/strong>, t\u00e1ch v\u1ecf b\u1eb1ng m\u00e1y k\u1ebft h\u1ee3p v\u1edbi s\u1ef1 t\u1ec9 m\u1ec9 v\u00e0 kh\u00e9o tay c\u1ee7a ng\u01b0\u1eddi th\u1ee3, m\u1ed7i con t\u00f4m th\u1ebb kh\u00f4 c\u00f3 m\u00e0u cam \u1eedng \u0111\u1ecf, \u0111\u1ed9 dai v\u1eeba ph\u1ea3i, v\u1ecb ng\u1ecdt thanh v\u00e0 kh\u00f4ng tanh.<\/p>\n\n\n\n<p><\/p>\n\n\n\n<h2 class=\"wp-block-heading\" id=\"usage-instructions\"><strong>H\u01b0\u1edbng d\u1eabn s\u1eed d\u1ee5ng<\/strong><\/h2>\n\n\n\n<p>Sau khi mua v\u1ec1, b\u1ea1n c\u00f3 th\u1ec3 <strong>\u0103n s\u1ed1ng tr\u1ef1c ti\u1ebfp<\/strong> m\u00e0 kh\u00f4ng c\u1ea7n s\u01a1 ch\u1ebf. Ho\u1eb7c n\u1ebfu mu\u1ed1n l\u00e0m phong ph\u00fa h\u01b0\u01a1ng v\u1ecb, b\u1ea1n c\u0169ng c\u00f3 th\u1ec3 k\u1ebft h\u1ee3p t\u00f4m th\u1ebb kh\u00f4 v\u1edbi c\u00e1c nguy\u00ean li\u1ec7u kh\u00e1c \u0111\u1ec3 t\u1ea1o n\u00ean nhi\u1ec1u m\u00f3n ngon h\u1ea5p d\u1eabn, th\u00edch h\u1ee3p s\u1eed d\u1ee5ng cho c\u00e1c gia \u0111\u00ecnh.<\/p>\n\n\n\n<h2 class=\"wp-block-heading\" id=\"storage-instructions\"><strong>H\u01b0\u1edbng d\u1eabn b\u1ea3o qu\u1ea3n<\/strong><\/h2>\n\n\n\n<ul class=\"wp-block-list\">\n<li>Trong \u0111i\u1ec1u ki\u1ec7n nhi\u1ec7t \u0111\u1ed9 th\u01b0\u1eddng<\/li>\n<\/ul>\n\n\n\n<p>B\u1ea1n ch\u1ec9 c\u1ea7n \u0111\u1ec3 t\u00f4m th\u1ebb kh\u00f4 trong t\u00fai h\u00fat ch\u00e2n kh\u00f4ng ho\u1eb7c b\u1ecf v\u00e0o h\u0169 \u0111\u1eady k\u00edn (c\u00f3 th\u1ec3 th\u00eam g\u00f3i h\u00fat \u1ea9m) v\u00e0 \u0111\u1eb7t trong kh\u00f4ng gian tho\u00e1ng m\u00e1t, tr\u00e1nh \u00e1nh n\u1eafng chi\u1ebfu v\u00e0o tr\u1ef1c ti\u1ebfp v\u00ec nhi\u1ec7t \u0111\u1ed9 cao s\u1ebd c\u00e0ng l\u00e0m t\u00f4m kh\u00f4 c\u1ee9ng h\u01a1n. V\u1edbi c\u00e1ch n\u00e0y, b\u1ea1n c\u00f3 th\u1ec3 gi\u1eef t\u00f4m th\u1ebb kh\u00f4 trong kho\u1ea3ng 20-30 ng\u00e0y.<\/p>\n\n\n\n<ul class=\"wp-block-list\">\n<li>Trong \u0111i\u1ec1u ki\u1ec7n b\u1ea3o qu\u1ea3n \u1edf ng\u0103n m\u00e1t t\u1ee7 l\u1ea1nh<\/li>\n<\/ul>\n\n\n\n<p>V\u1edbi nhu c\u1ea7u s\u1eed d\u1ee5ng t\u00f4m kh\u00f4 th\u01b0\u1eddng xuy\u00ean v\u00e0 nhanh ch\u00f3ng, b\u1ea1n c\u00f3 th\u1ec3 chia nh\u1ecf t\u00f4m kh\u00f4 v\u00e0o trong c\u00e1c h\u1ed9p \u0111\u1ef1ng \u0111\u1eady k\u00edn r\u1ed3i cho v\u00e0o ng\u0103n m\u00e1t t\u1ee7 l\u1ea1nh. V\u1edbi ph\u01b0\u01a1ng ph\u00e1p n\u00e0y, b\u1ea1n c\u00f3 th\u1ec3 b\u1ea3o qu\u1ea3n t\u00f4m th\u1ebb kh\u00f4 l\u00ean \u0111\u1ebfn 1 n\u0103m.<\/p>\n\n\n\n<ul class=\"wp-block-list\">\n<li>N\u1ebfu b\u1ea3o qu\u1ea3n trong t\u1ee7 \u0111\u00f4ng<\/li>\n<\/ul>\n\n\n\n<p>Trong tr\u01b0\u1eddng h\u1ee3p \u00edt s\u1eed d\u1ee5ng th\u00ec b\u1ea3o qu\u1ea3n \u1edf t\u1ee7 \u0111\u00f4ng l\u00e0 c\u00e1ch b\u1ea3o qu\u1ea3n t\u1ed1t nh\u1ea5t gi\u00fap t\u00f4m kh\u00f4 gi\u1eef ngon \u0111\u01b0\u1ee3c l\u00e2u. T\u00f4m v\u1eeba l\u1ea5y ra t\u1eeb t\u1ee7 \u0111\u00f4ng s\u1ebd c\u1ee9ng h\u01a1n b\u00ecnh th\u01b0\u1eddng tuy nhi\u00ean b\u1ea1n ch\u1ec9 c\u1ea7n r\u00e3 \u0111\u00f4ng t\u00f4m kh\u00f4 \u00edt nh\u1ea5t 15 ph\u00fat l\u00e0 t\u00f4m c\u00f3 th\u1ec3 tr\u1edf v\u1ec1 tr\u1ea1ng th\u00e1i ban \u0111\u1ea7u. V\u1edbi ph\u01b0\u01a1ng ph\u00e1p n\u00e0y, b\u1ea1n c\u00f3 th\u1ec3 b\u1ea3o qu\u1ea3n t\u00f4m th\u1ebb kh\u00f4 l\u00ean \u0111\u1ebfn 2 n\u0103m.<\/p>\n\n\n\n<h2 class=\"wp-block-heading\" id=\"nutritional-value\"><strong>Gi\u00e1 tr\u1ecb dinh d\u01b0\u1ee1ng<\/strong><\/h2>\n\n\n\n<p>Nh\u01b0 \u0111\u1eb7c t\u00ednh chung c\u1ee7a t\u00f4m, t\u00f4m th\u1ebb c\u00f3 l\u01b0\u1ee3ng calo th\u1ea5p nh\u01b0ng c\u00f3 gi\u00e1 tr\u1ecb dinh d\u01b0\u1ee1ng cao khi ch\u1ee9a protein, vitamin v\u00e0 c\u00e1c kho\u00e1ng ch\u1ea5t c\u00f3 l\u1ee3i cho s\u1ee9c kh\u1ecfe.<\/p>\n\n\n\n<p><strong>Trong 100g t\u00f4m th\u1ebb c\u00f3 ch\u1ee9a<\/strong>: 24g protein \u1edf d\u1ea1ng tinh khi\u1ebft, 189mg cholesterol, 111mg natri, 0,3g ch\u1ea5t b\u00e9o, 0,2g carbs, 99 calo c\u00f9ng c\u00e1c lo\u1ea1i vitamin v\u00e0 kho\u00e1ng ch\u1ea5t \u0111\u1eb7c bi\u1ec7t g\u1ed3m i-\u1ed1t, vitamin B12, s\u1eaft, k\u1ebdm, photpho, magie, \u0111\u1ed3ng, kali, canxi, mangan\u2026<\/p>\n\n\n\n<h2 class=\"wp-block-heading\" id=\"dishes\"><strong>C\u00e1c m\u00f3n \u0103n ch\u1ebf bi\u1ebfn t\u1eeb t\u00f4m th\u1ebb kh\u00f4<\/strong><\/h2>\n\n\n\n<p><strong>T\u00f4m th\u1ebb kh\u00f4<\/strong> c\u00f3 th\u1ec3 d\u00f9ng tr\u1ef1c ti\u1ebfp, th\u00eam ch\u00fat n\u01b0\u1edbc t\u01b0\u01a1ng v\u00e0 \u1edbt c\u1eaft l\u00e1t, d\u00f9ng k\u00e8m v\u1edbi b\u00e1nh ph\u1ed3ng chi\u00ean th\u00e0nh m\u00f3n nh\u00e2m nhi. T\u00f4m th\u1ebb kh\u00f4 c\u0169ng c\u00f3 th\u1ec3 d\u00f9ng \u0111\u1ec3 tr\u1ed9n g\u1ecfi xo\u00e0i s\u1ed1ng v\u1edbi rau r\u0103m ch\u1ea5m n\u01b0\u1edbc m\u1eafm chua ng\u1ecdt l\u00e0m m\u00f3n khai v\u1ecb cho c\u00e1c b\u1eefa ti\u1ec7c. M\u00f3n kho qu\u1eb9t s\u1ebd \u0111\u1eadm \u0111\u00e0 h\u01a1n khi cho \u00edt con t\u00f4m th\u1ebb kh\u00f4 v\u00e0o c\u00f9ng v\u1edbi \u00edt th\u1ecbt ba r\u1ecdi c\u1eaft nh\u1ecf. \u1edat sa t\u1ebf s\u1ebd tr\u1edf th\u00e0nh m\u00f3n ch\u1ea5m \u0111\u1eadm \u0111\u00e0, \u0111\u1ed9c \u0111\u00e1o khi cho th\u00eam \u00edt t\u00f4m th\u1ebb kh\u00f4 v\u00e0o trong \u0111\u00f3.<\/p>\n\n\n\n<div class=\"wp-block-media-text is-stacked-on-mobile\"><figure class=\"wp-block-media-text__media\"><img loading=\"lazy\" decoding=\"async\" width=\"506\" height=\"502\" src=\"https:\/\/anphongcargo.com\/wp-content\/uploads\/2025\/04\/Screenshot-2025-04-24-113735.png\" alt=\"\" class=\"wp-image-1846 size-full\" srcset=\"https:\/\/anphongcargo.com\/wp-content\/uploads\/2025\/04\/Screenshot-2025-04-24-113735.png 506w, https:\/\/anphongcargo.com\/wp-content\/uploads\/2025\/04\/Screenshot-2025-04-24-113735-300x298.png 300w, https:\/\/anphongcargo.com\/wp-content\/uploads\/2025\/04\/Screenshot-2025-04-24-113735-150x150.png 150w, https:\/\/anphongcargo.com\/wp-content\/uploads\/2025\/04\/Screenshot-2025-04-24-113735-12x12.png 12w\" sizes=\"auto, (max-width: 506px) 100vw, 506px\" \/><\/figure><div class=\"wp-block-media-text__content\">\n<p><\/p>\n\n\n\n<figure class=\"wp-block-image size-full\"><img loading=\"lazy\" decoding=\"async\" width=\"475\" height=\"476\" src=\"https:\/\/anphongcargo.com\/wp-content\/uploads\/2025\/04\/Screenshot-2025-04-24-113705.png\" alt=\"\" class=\"wp-image-1847\" srcset=\"https:\/\/anphongcargo.com\/wp-content\/uploads\/2025\/04\/Screenshot-2025-04-24-113705.png 475w, https:\/\/anphongcargo.com\/wp-content\/uploads\/2025\/04\/Screenshot-2025-04-24-113705-300x300.png 300w, https:\/\/anphongcargo.com\/wp-content\/uploads\/2025\/04\/Screenshot-2025-04-24-113705-150x150.png 150w, https:\/\/anphongcargo.com\/wp-content\/uploads\/2025\/04\/Screenshot-2025-04-24-113705-12x12.png 12w\" sizes=\"auto, (max-width: 475px) 100vw, 475px\" \/><\/figure>\n<\/div><\/div>\n\n\n\n<p>Contact Us:<\/p>\n\n\n\n<p>H\u00e3y li\u00ean h\u1ec7 ngay v\u1edbi C\u00f4ng Ty TNHH Xu\u1ea5t Nh\u1eadp Kh\u1ea9u v\u00e0 Logistics An Phong \u0111\u1ec3 \u0111\u01b0\u1ee3c t\u01b0 v\u1ea5n v\u00e0 \u0111\u1eb7t h\u00e0ng s\u1ea3n ph\u1ea9m T\u00f4m th\u1ebb kh\u00f4 xu\u1ea5t kh\u1ea9u ch\u1ea5t l\u01b0\u1ee3ng cao.<\/p>\n\n\n\n<p>An Phong Import Export and Logistics Company Limited<\/p>\n\n\n\n<p>Website: anphongcargo.com<\/p>\n\n\n\n<p>Hotline: 0978 195 057<\/p>\n\n\n\n<p>Email: anphongcargo@gmail.com<\/p>","protected":false},"excerpt":{"rendered":"<p>S\u1ea3n ph\u1ea9m t\u00f4m th\u1ebb kh\u00f4 c\u00f3 v\u1ecb ng\u1ecdt t\u1ef1 nhi\u00ean, th\u1ecbt t\u00f4m ch\u1eafc dai, s\u1ea1ch m\u00f9i tanh, \u0111\u01b0\u1ee3c ch\u1ebf bi\u1ebfn t\u1eeb ngu\u1ed3n nguy\u00ean li\u1ec7u 100% t\u00f4m s\u1ed1ng. T\u00f4m th\u1ebb kh\u00f4 trong s\u1ea3n ph\u1ea9m \u0111\u1ec1u l\u00e0 t\u00f4m s\u1ed1ng, kho\u1ebb m\u1ea1nh nh\u1ea5t trong m\u00f9a thu ho\u1ea1ch v\u00e0 \u0111\u1ea1t \u0111\u01b0\u1ee3c k\u00edch th\u01b0\u1edbc theo quy chu\u1ea9n, \u0111\u01b0\u1ee3c l\u1ef1a ch\u1ecdn [&hellip;]<\/p>","protected":false},"author":2,"featured_media":0,"parent":0,"menu_order":0,"comment_status":"closed","ping_status":"closed","template":"","meta":{"footnotes":""},"class_list":["post-1812","page","type-page","status-publish","hentry"],"_links":{"self":[{"href":"https:\/\/anphongcargo.com\/en\/wp-json\/wp\/v2\/pages\/1812","targetHints":{"allow":["GET"]}}],"collection":[{"href":"https:\/\/anphongcargo.com\/en\/wp-json\/wp\/v2\/pages"}],"about":[{"href":"https:\/\/anphongcargo.com\/en\/wp-json\/wp\/v2\/types\/page"}],"author":[{"embeddable":true,"href":"https:\/\/anphongcargo.com\/en\/wp-json\/wp\/v2\/users\/2"}],"replies":[{"embeddable":true,"href":"https:\/\/anphongcargo.com\/en\/wp-json\/wp\/v2\/comments?post=1812"}],"version-history":[{"count":5,"href":"https:\/\/anphongcargo.com\/en\/wp-json\/wp\/v2\/pages\/1812\/revisions"}],"predecessor-version":[{"id":1900,"href":"https:\/\/anphongcargo.com\/en\/wp-json\/wp\/v2\/pages\/1812\/revisions\/1900"}],"wp:attachment":[{"href":"https:\/\/anphongcargo.com\/en\/wp-json\/wp\/v2\/media?parent=1812"}],"curies":[{"name":"wp","href":"https:\/\/api.w.org\/{rel}","templated":true}]}}