{"id":1816,"date":"2025-04-24T02:25:39","date_gmt":"2025-04-24T02:25:39","guid":{"rendered":"https:\/\/anphongcargo.com\/?page_id=1816"},"modified":"2025-05-07T07:54:23","modified_gmt":"2025-05-07T07:54:23","slug":"tom-tuoi","status":"publish","type":"page","link":"https:\/\/anphongcargo.com\/en\/tom-tuoi\/","title":{"rendered":"T\u00f4m th\u1ebb t\u01b0\u01a1i"},"content":{"rendered":"<p>T\u00f4m th\u1ebb \u0111\u01b0\u1ee3c bi\u1ebft \u0111\u1ebfn l\u00e0 lo\u1ea1i t\u00f4m ch\u1ee9a nhi\u1ec1u ch\u1ea5t dinh d\u01b0\u1ee1ng, c\u1ea7n thi\u1ebft cho c\u01a1 th\u1ec3. Th\u01b0\u1eddng \u0111\u01b0\u1ee3c ch\u1ecdn \u0111\u1ec3 ch\u1ebf bi\u1ebfn nhi\u1ec1u m\u00f3n \u0103n ngon. Qua b\u00e0i vi\u1ebft n\u00e0y,s\u1ebd gi\u1edbi thi\u1ec7u cho b\u1ea1n nh\u1eefng th\u00f4ng tin v\u1ec1 c\u00e1c lo\u1ea1i t\u00f4m th\u1ebb v\u00e0 c\u00e1ch ch\u1ecdn \u0111\u01b0\u1ee3c nh\u1eefng con t\u00f4m t\u01b0\u01a1i nh\u00e9.<\/p>\n\n\n\n<figure class=\"wp-block-image\"><img decoding=\"async\" src=\"https:\/\/tepbac.com\/upload\/news\/ge_image\/2023\/04\/cac-loai-tom-the_1681534183.jpg\" alt=\"T\u00f4m th\u1ebb\"\/><figcaption class=\"wp-element-caption\">T\u00f4m th\u1ebb l\u00e0 lo\u1ea1i h\u1ea3i s\u1ea3n quen thu\u1ed9c, nhi\u1ec1u dinh d\u01b0\u1ee1ng, c\u00f3 m\u1eb7t trong c\u00e1c b\u1eefa c\u01a1m h\u1eb1ng ng\u00e0y c\u1ee7a ng\u01b0\u1eddi Vi\u1ec7t. \u1ea2nh: truongsinhgialai.com<\/figcaption><\/figure>\n\n\n\n<h2 class=\"wp-block-heading\">\u0110\u00f4i n\u00e9t v\u1ec1 t\u00f4m th\u1ebb<\/h2>\n\n\n\n<p>Thu\u1ed9c h\u1ecd t\u00f4m panda, t\u00f4m Th\u1ebb c\u00f3 ngu\u1ed3n g\u1ed1c g\u1ed1c t\u1eeb v\u00f9ng \u0111\u00f4ng Th\u00e1i B\u00ecnh D\u01b0\u01a1ng. \u0110\u00e2y l\u00e0 lo\u1ea1i h\u1ea3i s\u1ea3n \u0111\u01b0\u1ee3c \u0111\u00e1nh b\u1eaft th\u01b0\u1eddng xuy\u00ean, \u0111\u01b0\u1ee3c ch\u1ecdn l\u00e0 nguy\u00ean li\u1ec7u \u0111\u1ec3 ch\u1ebf bi\u1ebfn trong nh\u1eefng b\u1eefa \u0103n.&nbsp;<\/p>\n\n\n\n<p>Lo\u1ea1i t\u00f4m n\u00e0y c\u00f3 k\u00edch th\u01b0\u1edbc kh\u00e1 nh\u1ecf, c\u00f3 2 m\u00e0u \u0111\u1eb7c tr\u01b0ng, \u0111\u00f3 l\u00e0 m\u00e0u v\u00e0ng ho\u1eb7c m\u00e0u xanh, nh\u01b0ng kh\u00e1 nh\u1ea1t m\u00e0u. Th\u00e2n t\u00f4m c\u00f3 6 \u0111\u1ed1t v\u00e0 ph\u1ea7n ch\u00e2n c\u00f3 m\u00e0u tr\u1eafng ng\u00e0 ho\u1eb7c m\u00e0u tr\u1eafng \u0111\u1ee5c. L\u1edbp v\u1ecf t\u00f4m kh\u00e1 m\u1ecfng, h\u01a1i m\u1edd \u0111\u1ee5c, n\u00ean b\u1ea1n c\u00f3 th\u1ec3 nh\u00ecn th\u1ea5y th\u1ecbt t\u00f4m v\u00e0 \u0111\u01b0\u1eddng ch\u1ec9 t\u00f4m. M\u1eb7c d\u00f9 l\u1edbp v\u1ecf kh\u00e1 m\u1ecfng, th\u1ebf nh\u01b0ng v\u1eabn b\u1ea3o v\u1ec7 th\u00e2n t\u00f4m ch\u1eafc ch\u1eafn.<\/p>\n\n\n\n<p><img decoding=\"async\" src=\"https:\/\/tepbac.com\/upload\/images\/2023\/04\/cac-loai-tom-the1_1681533782.jpg\" alt=\"T\u00f4m th\u1ebb\">T\u00f4m th\u1ebb s\u1ed1ng \u1edf \u0111\u1ed9 s\u00e2u kho\u1ea3ng 70m, t\u1eadp trung \u1edf nh\u1eefng v\u00f9ng n\u01b0\u1edbc m\u1eb7n. <\/p>\n\n\n\n<p>T\u00f4m th\u1ebb th\u01b0\u1eddng s\u1ed1ng \u1edf nh\u1eefng v\u00f9ng n\u01b0\u1edbc m\u1eb7n, \u0111\u1ed9 s\u00e2u dao \u0111\u1ed9ng \u0111\u1ebfn 70 m\u00e9t, nhi\u1ec7t \u0111\u1ed9 t\u1ea7m 26 \u0111\u1ebfn 28 \u0111\u1ed9 C. \u0110\u00e2y l\u00e0 lo\u1ea1i t\u00f4m \u0111\u01b0\u1ee3c \u0111\u00e1nh gi\u00e1 c\u00f3 kh\u1ea3 n\u0103ng th\u00edch nghi cao v\u1edbi m\u00f4i tr\u01b0\u1eddng. S\u1ee9c sinh tr\u01b0\u1edfng, s\u1ee9c \u0111\u1ec1 kh\u00e1ng t\u1ed1t h\u01a1n c\u00e1c lo\u1ea1i t\u00f4m kh\u00e1c.&nbsp;<\/p>\n\n\n\n<p>C\u1ed9ng v\u1edbi vi\u1ec7c mang l\u1ea1i gi\u00e1 tr\u1ecb dinh d\u01b0\u1ee1ng cao, th\u1ecbt dai, h\u01b0\u01a1ng v\u1ecb ng\u1ecdt,&#8230; Ngo\u00e0i ra, \u0111a d\u1ea1ng c\u00e1ch ch\u1ebf bi\u1ebfn n\u00ean t\u00f4m th\u1ebb \u0111\u01b0\u1ee3c nhi\u1ec1u kh\u00e1ch h\u00e0ng y\u00eau th\u00edch. \u0110i\u1ec1u n\u00e0y, gi\u00fap t\u00f4m th\u1ebb tr\u1edf th\u00e0nh lo\u00e0i h\u1ea3i s\u1ea3n c\u00f3 gi\u00e1 tr\u1ecb kinh t\u1ebf cao.<\/p>\n\n\n\n<p>T\u00f4m th\u1ebb \u0111\u01b0\u1ee3c nu\u00f4i \u1edf nhi\u1ec1u \u0111\u1ecba ph\u01b0\u01a1ng t\u1ea1i c\u00e1c ao n\u01b0\u1edbc l\u1ee3, n\u01b0\u1edbc m\u1eb7n ven bi\u1ec3n, mang gi\u00e1 tr\u1ecb xu\u1ea5t kh\u1ea9u v\u00f4 c\u00f9ng cao. \u0110\u1ec3 nh\u1eadn bi\u1ebft c\u00e1c lo\u1ea1i t\u00f4m th\u1ebb d\u1ef1a v\u00e0o m\u00e0u s\u1eafc, bao g\u1ed3m 3 lo\u1ea1i ph\u1ed5 bi\u1ebfn. \u0110\u00f3 l\u00e0: T\u00f4m th\u1ebb ch\u00e2n tr\u1eafng, t\u00f4m th\u1ebb ch\u00e2n b\u1ea1c, t\u00f4m th\u1ebb \u0111u\u00f4i \u0111\u1ecf. Hi\u1ec7n nay, t\u1ea1i Vi\u1ec7t Nam, t\u00f4m th\u1ebb \u0111\u01b0\u1ee3c nu\u00f4i nhi\u1ec1u \u1edf c\u00e1c t\u1ec9nh ph\u00eda Nam.<\/p>\n\n\n\n<h2 class=\"wp-block-heading\">M\u1ed9t s\u1ed1 lo\u1ea1i t\u00f4m th\u1ebb ph\u1ed5 bi\u1ebfn<\/h2>\n\n\n\n<p>T\u00f4m th\u1ebb c\u00f3 r\u1ea5t nhi\u1ec1u lo\u1ea1i, m\u1ed7i lo\u1ea1i s\u1ebd mang tr\u00ean m\u00ecnh nh\u1eefng \u0111\u1eb7c \u0111i\u1ec3m kh\u00e1c nhau. T\u1eeb m\u00f4i tr\u01b0\u1eddng sinh s\u1ed1ng cho \u0111\u1ebfn ch\u1ebf \u0111\u1ed9 dinh d\u01b0\u1ee1ng. M\u1ed9t s\u1ed1 lo\u1ea1i t\u00f4m th\u1ebb ph\u1ed5 bi\u1ebfn nh\u1ea5t hi\u1ec7n nay.<\/p>\n\n\n\n<h3 class=\"wp-block-heading\">T\u00f4m b\u1ea1c th\u1ebb<\/h3>\n\n\n\n<p>T\u00f4m b\u1ea1c th\u1ebb c\u00f3 t\u00ean g\u1ecdi b\u1eb1ng ti\u1ebfng Anh l\u00e0 Banana Prawn, hay \u0111\u01b0\u1ee3c g\u1ecdi b\u1eb1ng nh\u1eefng c\u00e1i t\u00ean kh\u00e1c nhau l\u00e0 t\u00f4m b\u1ea1c g\u00e2n ho\u1eb7c t\u00e9p b\u1ea1c. Th\u00e2n h\u00ecnh t\u00f4m th\u1ebb b\u1ea1c th\u01b0\u1eddng l\u00e0 m\u00e0y tr\u1eafng \u0111\u1ee5c ho\u1eb7c m\u00e0u m\u1edd trong. \u0110\u00e2y c\u0169ng l\u00e0 l\u00fd do v\u00ec sao, lo\u1ea1i t\u00f4m n\u00e0y \u0111\u01b0\u1ee3c g\u1ecdi l\u00e0 t\u00f4m b\u1ea1c th\u1ebb.<\/p>\n\n\n\n<p><img decoding=\"async\" src=\"https:\/\/tepbac.com\/upload\/images\/2023\/04\/cac-loai-tom-the2_1681533823.jpg\" alt=\"T\u00f4m b\u1ea1c th\u1ebb\">T\u00f4m b\u1ea1c th\u1ebb<\/p>\n\n\n\n<p>Ch\u00e2n c\u1ee7a t\u00f4m c\u00f3 m\u00e0u xanh l\u1ee5c nh\u1ea1t, r\u00eca ch\u00e2n c\u00f3 vi\u1ec1n l\u00f4ng t\u01a1 m\u00e0u \u0111\u1ecf t\u00eda. \u1ede Vi\u1ec7t Nam, lo\u00e0i n\u00e0y \u0111\u01b0\u1ee3c nu\u00f4i nhi\u1ec1u \u1edf khu v\u1ef1c Nam Trung B\u1ed9, T\u00e2y Nam B\u1ed9, hay \u0111\u1ecba ph\u1eadn c\u00e1c con s\u00f4ng nh\u01b0: \u00d4ng L\u1edbn, \u00d4ng Trang, X\u1ebbo Nh\u00e0u, B\u1ea3y H\u00e1p,&#8230;<\/p>\n\n\n\n<h3 class=\"wp-block-heading\">T\u00f4m th\u1ebb ch\u00e2n tr\u1eafng<\/h3>\n\n\n\n<p>T\u00f4m th\u1ebb ch\u00e2n tr\u1eafng \u0111\u01b0\u1ee3c xem l\u00e0 lo\u1ea1i t\u00f4m ph\u1ed5 bi\u1ebfn nh\u1ea5t. Ch\u00fang c\u00f3 t\u00ean g\u1ecdi \u0111\u1eb7c bi\u1ec7t nh\u01b0 v\u1eady b\u1edfi v\u00ec \u0111\u1eb7c \u0111i\u1ec3m ngo\u1ea1i h\u00ecnh ch\u00e2n c\u00f3 m\u00e0u ng\u1ea3 tr\u1eafng \u0111\u1ee5c. C\u00f3 ngu\u1ed3n g\u1ed1c t\u1eeb v\u00f9ng \u0111\u00f4ng Th\u00e1i B\u00ecnh D\u01b0\u01a1ng.<\/p>\n\n\n\n<p><img decoding=\"async\" src=\"https:\/\/tepbac.com\/upload\/images\/2023\/04\/cac-loai-tom-the3_1681533865.jpg\" alt=\"T\u00f4m th\u1ebb\">T\u00f4m th\u1ebb ch\u00e2n tr\u1eafng<\/p>\n\n\n\n<p>Lo\u1ea1i t\u00f4m n\u00e0y s\u1ed1ng trong m\u00f4i tr\u01b0\u1eddng n\u01b0\u1edbc m\u1eb7n, c\u00f3 \u0111\u1ed9 s\u00e2u kho\u1ea3ng 70m. Khi c\u00f2n nh\u1ecf s\u1ebd s\u1ed1ng \u1edf nh\u1eefng v\u00f9ng c\u1eeda s\u00f4ng ho\u1eb7c g\u1ea7n b\u1edd, \u0111\u1ebfn khi tr\u01b0\u1edfng th\u00e0nh, ch\u00fang s\u1ebd di chuy\u1ec3n ra bi\u1ec3n.<\/p>\n\n\n\n<p>\u0110\u00e2y l\u00e0 lo\u1ea1i t\u00f4m c\u00f3 m\u1ee9c sinh tr\u01b0\u1edfng v\u00e0 \u0111\u1ec1 kh\u00e1ng cao. M\u1eb7c d\u00f9 th\u00edch nghi v\u1edbi \u0111i\u1ec1u ki\u1ec7n n\u01b0\u1edbc m\u1eb7n. Nh\u01b0ng b\u1edfi v\u00ec c\u00f3 gi\u00e1 tr\u1ecb kinh t\u1ebf cao n\u00ean ch\u00fang \u0111\u01b0\u1ee3c nu\u00f4i t\u1ea1i v\u00f9ng n\u01b0\u1edbc l\u1ee3. \u0110\u1eb7c bi\u1ec7t, t\u00f4m Th\u1ebb ch\u00e2n tr\u1eafng c\u0169ng c\u00f3 th\u1ec3 s\u1ed1ng \u1edf m\u00f4i tr\u01b0\u1eddng n\u01b0\u1edbc ng\u1ecdt, c\u00f3 \u0111\u1ed9 m\u1eb7n d\u01b0\u1edbi \u0111\u00e1y n\u01b0\u1edbc.<\/p>\n\n\n\n<h3 class=\"wp-block-heading\">T\u00f4m th\u1ebb \u0111u\u00f4i \u0111\u1ecf<\/h3>\n\n\n\n<p>C\u00f2n \u0111\u01b0\u1ee3c g\u1ecdi v\u1edbi c\u00e1i t\u00ean kh\u00e1c l\u00e0 t\u00f4n Th\u1ebb \u1ea4n \u0110\u1ed9. T\u00ean ti\u1ebfng anh l\u00e0 Indian White Prawn. C\u0169ng gi\u1ed1ng nh\u01b0 t\u00f4m th\u1ebb ch\u00e2n tr\u1eafng, t\u00f4m th\u1ebb \u0111u\u00f4i \u0111\u1ecf l\u00fac c\u00f2n nh\u1ecf th\u01b0\u1eddng sinh s\u1ed1ng \u1edf g\u1ea7n b\u1edd ho\u1eb7c c\u1eeda bi\u1ec3n. \u0110\u1ebfn khi ch\u00fang tr\u01b0\u1eddng th\u00e0nh, s\u1ebd di chuy\u1ec3n ra bi\u1ec3n. S\u1ed1ng v\u1edbi \u0111\u1ed9 s\u00e2u 90m, \u0111\u1eb7c bi\u1ec7t y\u00eau th\u00edch \u1edf nh\u1eefng b\u01a1 b\u00f9n ho\u1eb7c b\u00f9n c\u00e1t d\u01b0\u1edbi \u0111\u00e1y bi\u1ec3n. M\u1ed9t con t\u00f4m th\u1ebb \u1ea4n \u0110\u1ed9 tr\u01b0\u1edfng th\u00e0nh s\u1ebd c\u00f3 chi\u1ec1u d\u00e0i l\u00ean \u0111\u1ebfn 22cm.<\/p>\n\n\n\n<p><img decoding=\"async\" src=\"https:\/\/tepbac.com\/upload\/images\/2023\/04\/tom-the-duoi-do_1681533955.jpg\" alt=\"T\u00f4m th\u1ebb \u0111u\u00f4i \u0111\u1ecf\">T\u00f4m th\u1ebb \u0111u\u00f4i \u0111\u1ecf.<\/p>\n\n\n\n<h2 class=\"wp-block-heading\">Ph\u00e2n bi\u1ec7t t\u00f4m th\u1ebb nu\u00f4i v\u00e0 t\u00f4m th\u1ebb bi\u1ec3n<\/h2>\n\n\n\n<p>Trong s\u1ed1 c\u00e1c lo\u1ea1i t\u00f4m th\u1ebb v\u1eeba k\u1ec3, th\u00ec t\u00f4m th\u1ebb ch\u00e2n tr\u1eafng \u0111\u01b0\u1ee3c nu\u00f4i nhi\u1ec1u nh\u1ea5t t\u1ea1i Vi\u1ec7t Nam. Ch\u00ednh v\u00ec v\u1eady m\u00e0 lo\u1ea1i t\u00f4m n\u00e0y \u0111\u01b0\u1ee3c b\u00e1n kh\u1eafp n\u01a1i. Tuy nhi\u00ean, do nhu c\u1ea7u s\u1eed d\u1ee5ng v\u00e0 y\u1ebfu t\u1ed1 dinh d\u01b0\u1ee1ng. Nhi\u1ec1u ng\u01b0\u1eddi l\u1ea1i y\u00eau th\u00edch t\u00f4m th\u1ebb bi\u1ec3n h\u01a1n.&nbsp;<\/p>\n\n\n\n<p>B\u1ea1n c\u00f3 th\u1ec3 ph\u00e2n bi\u1ec7t \u0111\u01b0\u1ee3c t\u00f4m th\u1ebb nu\u00f4i v\u00e0 t\u00f4m th\u1ebb bi\u1ec3n nh\u01b0 sau:<\/p>\n\n\n\n<figure class=\"wp-block-table\"><table class=\"has-fixed-layout\"><tbody><tr><td><\/td><td>T\u00f4m th\u1ebb bi\u1ec3n<\/td><td>T\u00f4m th\u1ebb nu\u00f4i<\/td><\/tr><tr><td>M\u00e0u s\u1eafc<\/td><td>Do b\u1ea3n ch\u1ea5t sinh s\u1ed1ng t\u1ea1i bi\u1ec3n, n\u00ean m\u00e0u c\u1ee7a t\u00f4m th\u1ebb bi\u1ec3n s\u1ebd nghi\u00eang v\u1ec1 s\u00e1ng b\u00f3ng, tr\u01a1n m\u01b0\u1ee3t v\u00e0 c\u00f3 ch\u00fat \u00e1nh v\u00e0ng \u0111\u1eb9p m\u1eaft.<\/td><td>T\u00f4m th\u1ebb nu\u00f4i c\u00f3 m\u00e0u \u00e1nh xanh \u0111\u1eb7c tr\u01b0ng.<\/td><\/tr><tr><td>K\u00edch th\u01b0\u1edbc<\/td><td>T\u00f4m th\u1ebb bi\u1ec3n c\u00f3 k\u00edch th\u01b0\u1edbc nh\u1ec9nh h\u01a1n m\u1ed9t ch\u00fat. M\u1ed9t con t\u00f4n tr\u01b0\u1edfng th\u00e0nh d\u00e0i kho\u1ea3ng 22cm.<\/td><td>T\u00f4m th\u1ebb nu\u00f4i c\u00f3 k\u00edch th\u01b0\u1edbc nh\u1ecf h\u01a1n.<\/td><\/tr><tr><td>H\u01b0\u01a1ng v\u1ecb<\/td><td>H\u01b0\u01a1ng v\u1ecb t\u00f4m bi\u1ec3n \u0111\u1eadm \u0111\u00e0, ngon, dai ng\u1ecdt t\u1ef1 nhi\u00ean h\u01a1n t\u00f4m nu\u00f4i.<\/td><td>T\u00f4m nu\u00f4i c\u00f3 th\u1edb th\u1ecbt s\u0103n ch\u1eafc, th\u1ecbt t\u00f4m ng\u1ecdt, th\u01a1m, \u0103n kh\u00f4ng b\u1ecb b\u1edf.<\/td><\/tr><tr><td>Gi\u00e1 c\u1ea3<\/td><td>T\u00f4m bi\u1ec3n kh\u00f3 \u0111\u00e1nh b\u1eaft h\u01a1n, l\u1ea1i c\u00f3 k\u00edch th\u01b0\u1edbc nh\u1ec9nh nhau, nhu c\u1ea7u mua nhi\u1ec1u h\u01a1n n\u00ean s\u1ebd c\u00f3 gi\u00e1 cao h\u01a1n so v\u1edbi t\u00f4m nu\u00f4i.<\/td><td>T\u00f4m nu\u00f4i c\u00f3 gi\u00e1 th\u1ea5p h\u01a1n so v\u1edbi t\u00f4m bi\u1ec3n.<\/td><\/tr><\/tbody><\/table><\/figure>\n\n\n\n<h2 class=\"wp-block-heading\">Dinh d\u01b0\u1ee1ng c\u00f3 trong t\u00f4m th\u1ebb<\/h2>\n\n\n\n<p>T\u00f4m th\u1ebb cung c\u1ea5p m\u1ed9t l\u01b0\u1ee3ng l\u1edbn Protein, Omega 3, Canxi,&#8230; v\u00e0 m\u1ed9t s\u1ed1 ch\u1ea5t dinh d\u01b0\u1ee1ng thi\u1ebft y\u1ebfu c\u00f3 l\u1ee3i cho s\u1ee9c kh\u1ecfe. Vitamin B12, Vitamin A, s\u1eaft h\u1ed7 tr\u1ee3 qu\u00e1 tr\u00ecnh trao \u0111\u1ed5i ch\u1ea5t. Trong \u0111\u00f3, Selen v\u00e0 Omega 3 l\u00e0 hai ch\u1ea5t c\u00f3 kh\u1ea3 n\u0103ng t\u1ea5n c\u00f4ng, ng\u0103n ch\u1eb7n t\u1ebf b\u00e0o ung th\u01b0.<\/p>\n\n\n\n<p>Tuy nhi\u00ean, kh\u00f4ng ph\u1ea3i v\u00ec gi\u00e1 tr\u1ecb dinh d\u01b0\u1ee1ng nhi\u1ec1u nh\u01b0 v\u1eady, m\u00e0 b\u1ea1n l\u1ea1i dung n\u1ea1p nhi\u1ec1u t\u00f4m th\u1ebb trong th\u1eddi gian d\u00e0i. Theo c\u00e1c nghi\u00ean c\u1ee9u c\u1ee7a chuy\u00ean gia dinh d\u01b0\u1ee1ng, trung b\u00ecnh m\u1ed7i ng\u00e0y, m\u1ed7i ng\u01b0\u1eddi ch\u1ec9 c\u1ea7n h\u1ea5p th\u1ee5 100g t\u00f4m l\u00e0 \u0111\u01b0\u1ee3c. C\u00f2n v\u1edbi tr\u1ebb em, c\u1ea7n gi\u1ea3m m\u1ed9t n\u1eeda, m\u00fac 20 &#8211; 50g.<\/p>\n\n\n\n<p><img decoding=\"async\" src=\"https:\/\/tepbac.com\/upload\/images\/2023\/04\/cac-loai-tom-the5_1681534038.jpg\" alt=\"T\u00f4m th\u1ebb\">T\u00f4m th\u1ebb r\u1ea5t gi\u00e0u Protein, Canxi, Vitamin B12,\u2026 c\u00f3 l\u1ee3i cho c\u01a1 th\u1ec3 con ng\u01b0\u1eddi.<\/p>\n\n\n\n<p>N\u1ebfu \u0103n qu\u00e1 nhi\u1ec1u t\u00f4m, s\u1ebd g\u00e2y ra ph\u1ea3n \u1ee9ng ng\u01b0\u1ee3c, ch\u1ea5t dinh d\u01b0\u1ee1ng s\u1ebd \u0111\u01b0\u1ee3c h\u1ea5p th\u1ee5 \u00edt \u0111i. Th\u00eam v\u00e0o \u0111\u00f3 l\u00e0 t\u00ecnh tr\u1ea1ng kh\u00f3 ti\u00eau, r\u1ed1i lo\u1ea1n ti\u00eau h\u00f3a, \u0111\u1ea7y b\u1ee5ng, th\u1eadm ch\u00ed l\u00e0 ti\u00eau ch\u1ea3y. L\u01b0u \u00fd, khi \u0103n n\u00ean b\u1ecf v\u1ecf t\u00f4m nh\u00e9!<\/p>\n\n\n\n<p>L\u01b0u \u00fd, khi \u0103n n\u00ean b\u1ecf v\u1ecf t\u00f4m nh\u00e9! B\u1edfi v\u00ec nhi\u1ec1u kh\u00e1ch h\u00e0ng lu\u00f4n suy ngh\u0129 canxi c\u1ee7a t\u00f4m n\u1eb1m t\u1eadp trung t\u1ea1i ph\u1ea7n v\u1ecf. Tuy nhi\u00ean, \u0111i\u1ec1u n\u00e0y \u0111\u01b0\u1ee3c cho l\u00e0 quan ni\u1ec7m sai l\u1ea7m. B\u1edfi v\u1ecf t\u00f4m r\u1ea5t c\u1ee9ng, s\u1ebd g\u00e2y kh\u00f3 kh\u0103n cho d\u1ea1 d\u00e0y khi ti\u00eau h\u00f3a, ngo\u00e0i ra ch\u00fang c\u00f2n ch\u1ee9a \u0111\u1ed9c t\u1ed1 g\u00e2y h\u1ea1i. V\u00e0 d\u00f9 c\u00f3 \u0103n t\u00f4m nu\u00f4i hay t\u00f4m bi\u1ec3n th\u00ec b\u1ea1n c\u0169ng n\u00ean ch\u1ebf bi\u1ebfn ch\u00edn t\u00f4m, h\u1ea1n ch\u1ebf \u0103n nh\u1eefng m\u00f3n t\u00e1i, s\u1ed1ng nh\u01b0 g\u1ecfi t\u00f4m, t\u00f4m t\u00e1i chanh, t\u00f4m s\u1ed1t th\u00e1i,&#8230;<\/p>\n\n\n\n<h2 class=\"wp-block-heading\">C\u00e1ch l\u1ef1a ch\u1ecdn t\u00f4m th\u1ebb t\u01b0\u01a1i<\/h2>\n\n\n\n<p>N\u1ebfu b\u1ea1n \u0111ang b\u0103n kho\u0103n kh\u00f4ng bi\u1ebft n\u00ean l\u1ef1a ch\u1ecdn t\u00f4m th\u1ebb n\u00e0o cho t\u01b0\u01a1i ngon, th\u00ec h\u00e3y \u00e1p d\u1ee5ng m\u1ed9t s\u1ed1 c\u00e1ch d\u01b0\u1edbi \u0111\u00e2y nh\u00e9:<\/p>\n\n\n\n<p>&#8211; L\u1ef1a ch\u1ecdn mua nh\u1eefng con t\u00f4m c\u00f2n s\u1ed1ng, t\u00f4m \u0111ang b\u01a1i. Nh\u01b0 v\u1eady b\u1ea1n kh\u00f4ng c\u1ea7n \u0111\u1eafn \u0111o v\u1ec1 m\u1ee9c \u0111\u1ed9 t\u01b0\u01a1i s\u1ed1ng c\u1ee7a t\u00f4m.<\/p>\n\n\n\n<p>&#8211; D\u1ef1a v\u00e0o m\u00e0u s\u1eafc c\u1ee7a t\u00f4m \u0111\u1ec3 ph\u00e2n bi\u1ec7t: T\u00f4m t\u01b0\u01a1i th\u01b0\u1eddng c\u00f3 m\u00e0u xanh ho\u1eb7c \u00e1nh v\u00e0ng, con t\u00f4m nh\u00ecn r\u1ea5t b\u00f3ng, kh\u00f4ng m\u1ed9t d\u1ea5u hi\u1ec7u tr\u1ea7y x\u01b0\u1edbc.<\/p>\n\n\n\n<p>&#8211; Khi c\u1ea7m n\u1eafm t\u00f4m, b\u1ea1n ch\u00fa \u00fd r\u00f5 ph\u1ea7n c\u1ed5 t\u00f4m. \u0110\u1ea7u t\u00f4m g\u1eafn v\u1edbi th\u00e2n t\u00f4m kh\u00f4ng \u0111\u01b0\u1ee3c l\u1ecfng l\u1ebbo, hay r\u1ee5ng r\u1eddi b\u1ed9 ph\u1eadn. T\u00f4m t\u01b0\u01a1i ph\u1ea3i c\u00f2n nguy\u00ean v\u1eb9n \u0111\u1ea7u, th\u00e2n, \u0111u\u00f4i v\u00e0 ch\u00e2n.<\/p>\n\n\n\n<p>&#8211; B\u1ea1n c\u00f3 th\u1ec3 ki\u1ec3m tra t\u00f4m t\u01b0\u01a1i hay \u01b0\u01a1n qua c\u00e1c kh\u1edbp tr\u00ean th\u00e2n t\u00f4m. N\u1ebfu c\u1ea7m con t\u00f4m kh\u00f4ng ch\u1eafc tay, c\u00e1c kh\u1edbp l\u1ecfng l\u1ebbo th\u00ec \u0111\u00f3 ch\u1eafc ch\u1eafn l\u00e0 con t\u00f4m \u01b0\u01a1n. Nh\u01b0ng n\u1ebfu th\u1ea5y c\u00e1c kh\u1edbp t\u00f4m c\u1ee9ng c\u00e1p, kh\u00f4ng b\u1ecb gi\u00e3n ra nhi\u1ec1u th\u00ec \u0111\u00f3 l\u00e0 t\u00f4m t\u01b0\u01a1i.<\/p>\n\n\n\n<p>&#8211; Ki\u1ec3m tra \u0111\u1ed9 \u0111\u00e0n h\u1ed3i c\u1ee7a t\u00f4m. Con t\u00f4m t\u01b0\u01a1i c\u00f3 \u0111\u1ed9 \u0111\u00e0n h\u1ed3i t\u1ed1t, khi c\u1ea7m r\u1ea5t ch\u1eafc tay. Kh\u00f4ng qu\u00e1 m\u1ec1m c\u0169ng kh\u00f4ng qu\u00e1 c\u1ee9ng. Tr\u00e1i l\u1ea1i v\u1edbi nh\u1eefng con t\u00f4m \u01b0\u01a1n, ch\u00fang s\u1ebd r\u1ea5t m\u1ec1m, c\u1ee9ng v\u00e0 kh\u00f4ng h\u1ec1 c\u00f3 \u0111\u1ed9 \u0111\u00e0n h\u1ed3i.<\/p>\n\n\n\n<p>&#8211; Ho\u1eb7c n\u1ebfu b\u1ea1n th\u1ea5y con t\u00f4m kh\u00f4ng c\u00f3 m\u00e0u \u0111\u1eb7c tr\u01b0ng, thay v\u00e0o \u0111\u00f3 l\u00e0 m\u00e0u ng\u1ea3 \u0111\u1ecf hay m\u00e0u \u0111en ho\u1eb7c c\u00f3 m\u00f9i h\u00f4i kh\u00f3 ch\u1ecbu. C\u1ed9ng v\u1edbi vi\u1ec7c t\u00f4m ti\u1ebft ra c\u00e1c ch\u1ea5t gi\u1ed1ng d\u1ecbch nh\u1ea7y, c\u00f3 m\u00f9i tanh n\u1ed3ng th\u00ec \u0111\u1eebng mua nh\u00e9. V\u00ec \u0111\u00f3 l\u00e0 nh\u1eefng con t\u00f4m \u0111\u00e3 ch\u1ebft t\u1eeb l\u00e2u v\u00e0 \u0111\u00e3 m\u1ea5t h\u1ebft ch\u1ea5t dinh d\u01b0\u1ee1ng.<\/p>\n\n\n\n<p>T\u00f3m l\u1ea1i, t\u00f4m th\u1ebb l\u00e0 lo\u1ea1i h\u1ea3i s\u1ea3n \u0111\u01b0\u1ee3c v\u00f4 s\u1ed1 ng\u01b0\u1eddi y\u00eau th\u00edch, xu\u1ea5t hi\u1ec7n trong c\u00e1c m\u00e2m c\u01a1m gia \u0111\u00ecnh t\u1eeb B\u1eafc \u0111\u1ebfn Nam. Tr\u00ean \u0111\u00e2y l\u00e0 to\u00e0n b\u1ed9 th\u00f4ng tin v\u1ec1 c\u00e1c lo\u1ea1i t\u00f4m th\u1ebb v\u00e0 c\u00e1c ch\u1ecdn t\u00f4m t\u01b0\u01a1i khi mua. <\/p>\n\n\n\n<p>Contact Us:<\/p>\n\n\n\n<p>H\u00e3y li\u00ean h\u1ec7 ngay v\u1edbi C\u00f4ng Ty TNHH Xu\u1ea5t Nh\u1eadp Kh\u1ea9u v\u00e0 Logistics An Phong \u0111\u1ec3 \u0111\u01b0\u1ee3c t\u01b0 v\u1ea5n v\u00e0 \u0111\u1eb7t h\u00e0ng s\u1ea3n ph\u1ea9m t\u00f4m th\u1ebb t\u01b0\u01a1i xu\u1ea5t kh\u1ea9u ch\u1ea5t l\u01b0\u1ee3ng cao.<\/p>\n\n\n\n<p>An Phong Import Export and Logistics Company Limited<\/p>\n\n\n\n<p>Website: anphongcargo.com<\/p>\n\n\n\n<p>Hotline: 0978 195 057<\/p>\n\n\n\n<p>Email: anphongcargo@gmail.com<\/p>","protected":false},"excerpt":{"rendered":"<p>T\u00f4m th\u1ebb \u0111\u01b0\u1ee3c bi\u1ebft \u0111\u1ebfn l\u00e0 lo\u1ea1i t\u00f4m ch\u1ee9a nhi\u1ec1u ch\u1ea5t dinh d\u01b0\u1ee1ng, c\u1ea7n thi\u1ebft cho c\u01a1 th\u1ec3. Th\u01b0\u1eddng \u0111\u01b0\u1ee3c ch\u1ecdn \u0111\u1ec3 ch\u1ebf bi\u1ebfn nhi\u1ec1u m\u00f3n \u0103n ngon. Qua b\u00e0i vi\u1ebft n\u00e0y,s\u1ebd gi\u1edbi thi\u1ec7u cho b\u1ea1n nh\u1eefng th\u00f4ng tin v\u1ec1 c\u00e1c lo\u1ea1i t\u00f4m th\u1ebb v\u00e0 c\u00e1ch ch\u1ecdn \u0111\u01b0\u1ee3c nh\u1eefng con t\u00f4m t\u01b0\u01a1i nh\u00e9. \u0110\u00f4i n\u00e9t [&hellip;]<\/p>","protected":false},"author":2,"featured_media":0,"parent":0,"menu_order":0,"comment_status":"closed","ping_status":"closed","template":"","meta":{"footnotes":""},"class_list":["post-1816","page","type-page","status-publish","hentry"],"_links":{"self":[{"href":"https:\/\/anphongcargo.com\/en\/wp-json\/wp\/v2\/pages\/1816","targetHints":{"allow":["GET"]}}],"collection":[{"href":"https:\/\/anphongcargo.com\/en\/wp-json\/wp\/v2\/pages"}],"about":[{"href":"https:\/\/anphongcargo.com\/en\/wp-json\/wp\/v2\/types\/page"}],"author":[{"embeddable":true,"href":"https:\/\/anphongcargo.com\/en\/wp-json\/wp\/v2\/users\/2"}],"replies":[{"embeddable":true,"href":"https:\/\/anphongcargo.com\/en\/wp-json\/wp\/v2\/comments?post=1816"}],"version-history":[{"count":3,"href":"https:\/\/anphongcargo.com\/en\/wp-json\/wp\/v2\/pages\/1816\/revisions"}],"predecessor-version":[{"id":1901,"href":"https:\/\/anphongcargo.com\/en\/wp-json\/wp\/v2\/pages\/1816\/revisions\/1901"}],"wp:attachment":[{"href":"https:\/\/anphongcargo.com\/en\/wp-json\/wp\/v2\/media?parent=1816"}],"curies":[{"name":"wp","href":"https:\/\/api.w.org\/{rel}","templated":true}]}}