{"id":1818,"date":"2025-04-24T02:26:27","date_gmt":"2025-04-24T02:26:27","guid":{"rendered":"https:\/\/anphongcargo.com\/?page_id=1818"},"modified":"2025-05-07T07:55:38","modified_gmt":"2025-05-07T07:55:38","slug":"tom-su","status":"publish","type":"page","link":"https:\/\/anphongcargo.com\/en\/tom-su\/","title":{"rendered":"T\u00f4m s\u00fa"},"content":{"rendered":"<h3 class=\"wp-block-heading\" id=\"qmenu1\">1. T\u00f4m s\u00fa l\u00e0 g\u00ec ?<\/h3>\n\n\n\n<h4 class=\"wp-block-heading\" id=\"subqmenu1\">\u0110\u1eb7c \u0111i\u1ec3m t\u00f4m s\u00fa<\/h4>\n\n\n\n<p>T\u00f4m s\u00fa, t\u00ean khoa h\u1ecdc l\u00e0 Penaeus monodon, l\u00e0 m\u1ed9t lo\u1ea1i t\u00f4m \u0111\u01b0\u1ee3c \u01b0a chu\u1ed9ng kh\u1eafp th\u1ebf gi\u1edbi. T\u00f4m s\u00fa \u0111\u01b0\u1ee3c bi\u1ebft \u0111\u1ebfn l\u00e0 lo\u00e0i t\u00f4m bi\u1ec3n, ph\u00e2n b\u1ed1 tr\u1ea3i d\u00e0i t\u1eeb b\u1edd \u0110\u00f4ng Ch\u00e2u Phi \u0111\u1ebfn t\u1eadn b\u1edd bi\u1ec3n Nh\u1eadt B\u1ea3n. \u1ede m\u1ed9t s\u1ed1 v\u00f9ng bi\u1ec3n \u0110\u00f4ng \u00dac, \u0110\u1ecba Trung H\u1ea3i, Hawaii v\u00e0 b\u1edd bi\u1ec3n \u0110\u1ea1i T\u00e2y D\u01b0\u01a1ng c\u1ee7a M\u1ef9 c\u0169ng xu\u1ea5t hi\u1ec7n lo\u00e0i t\u00f4m n\u00e0y nh\u01b0ng v\u1edbi s\u1ed1 l\u01b0\u1ee3ng kh\u00f4ng nhi\u1ec1u.<\/p>\n\n\n\n<p>T\u00f4m s\u00fa c\u00f3 k\u00edch th\u01b0\u1edbc l\u1edbn, trung b\u00ecnh d\u00e0i kho\u1ea3ng 36cm m\u1ed7i con v\u00e0 \u0111\u1ed3ng th\u1eddi kh\u1ed1i l\u01b0\u1ee3ng c\u0169ng l\u1edbn h\u01a1n so v\u1edbi c\u00e1c lo\u1ea1i t\u00f4m kh\u00e1c, l\u00ean \u0111\u1ebfn 650gr\/con. V\u1ecf t\u00f4m d\u00e0y g\u1ed3m nhi\u1ec1u m\u00e0u nh\u01b0 \u0111\u1ecf, n\u00e2u, x\u00e1m, xanh \u0111an xen. Th\u1ecbt t\u00f4m s\u00fa c\u0169ng dai v\u00e0 ch\u1eafc h\u01a1n so v\u1edbi t\u00f4m th\u1ebb.<\/p>\n\n\n\n<p>T\u00f4m s\u00fa l\u00e0 lo\u00e0i \u0111\u1ed9ng v\u1eadt m\u00e1u l\u1ea1nh n\u00ean r\u1ea5t d\u1ec5 b\u1ecb \u1ea3nh h\u01b0\u1edfng b\u1edfi kh\u00ed h\u1eadu. Tr\u01b0\u1edbc kia, t\u00f4m s\u00fa ch\u1ec9 sinh s\u1ed1ng \u1edf bi\u1ec3n nh\u01b0ng do th\u1ecb hi\u1ebfu ng\u01b0\u1eddi ti\u00eau d\u00f9ng n\u00ean lo\u1ea1i t\u00f4m n\u00e0y \u0111\u00e3 \u0111\u01b0\u1ee3c nu\u00f4i tr\u1ed3ng \u1edf c\u00e1c v\u00f9ng n\u01b0\u1edbc ng\u1ecdt.<\/p>\n\n\n\n<figure class=\"wp-block-image\"><img decoding=\"async\" src=\"https:\/\/cdn.tgdd.vn\/2021\/09\/content\/unnamed(1)-800x500.jpg\" alt=\"\u0110\u1eb7c \u0111i\u1ec3m t\u00f4m s\u00fa\"\/><\/figure>\n\n\n\n<h4 class=\"wp-block-heading\" id=\"subqmenu2\">Gi\u00e1 tr\u1ecb dinh d\u01b0\u1ee1ng c\u1ee7a t\u00f4m s\u00fa<\/h4>\n\n\n\n<p>T\u00f4m s\u00fa l\u00e0 m\u1ed9t ngu\u1ed3n dinh d\u01b0\u1ee1ng d\u1ed3i d\u00e0o v\u1edbi protein v\u00e0 nhi\u1ec1u d\u01b0\u1ee1ng ch\u1ea5t c\u1ea7n thi\u1ebft cho c\u01a1 th\u1ec3. \u0110\u1eb7c bi\u1ec7t, t\u00f4m s\u00fa kh\u00f4ng ch\u1ee9a ch\u1ea5t b\u00e9o v\u00e0 c\u00f3 h\u00e0m l\u01b0\u1ee3ng calories t\u01b0\u01a1ng \u0111\u1ed1i th\u1ea5p. L\u01b0\u1ee3ng dinh d\u01b0\u1ee1ng c\u00f3 trong 1 con t\u00f4m s\u00fa nh\u01b0 sau:<\/p>\n\n\n\n<ul class=\"wp-block-list\">\n<li><a href=\"https:\/\/vi.wikipedia.org\/wiki\/Natri\" target=\"_blank\" rel=\"noreferrer noopener\">Natri<\/a>: 76.7mgr<\/li>\n\n\n\n<li><a href=\"https:\/\/www.dienmayxanh.com\/vao-bep\/carbohydrate-la-gi-vai-tro-cua-carb-va-cach-phan-biet-carb-02078\" target=\"_blank\" rel=\"noreferrer noopener\">Carbohydrates<\/a>: 1.5gr<\/li>\n\n\n\n<li><a href=\"https:\/\/www.dienmayxanh.com\/vao-bep\/chat-xo-la-gi-co-may-loai-vai-tro-va-cach-bo-sung-chat-xo-an-11725\" target=\"_blank\" rel=\"noreferrer noopener\">Ch\u1ea5t x\u01a1<\/a>: 0.2gr<\/li>\n\n\n\n<li><a href=\"https:\/\/www.dienmayxanh.com\/vao-bep\/chat-dam-protein-la-gi-protein-co-tac-dung-gi-voi-suc-khoe-10843\" target=\"_blank\" rel=\"noreferrer noopener\">Protein<\/a>: 3.2gr<\/li>\n\n\n\n<li><a href=\"https:\/\/www.dienmayxanh.com\/vao-bep\/canxi-la-gi-tac-dung-cua-canxi-luong-dung-va-nguon-thuc-pham-12286\" target=\"_blank\" rel=\"noreferrer noopener\">Canxi<\/a>: 1% DV<\/li>\n\n\n\n<li><a href=\"https:\/\/vi.wikipedia.org\/wiki\/S%E1%BA%AFt\" target=\"_blank\" rel=\"noreferrer noopener\">S\u1eaft<\/a>: 2% DV<\/li>\n\n\n\n<li><a href=\"https:\/\/vi.wikipedia.org\/wiki\/Kali\" target=\"_blank\" rel=\"noreferrer noopener\">Kali<\/a>: 1% DV<\/li>\n<\/ul>\n\n\n\n<figure class=\"wp-block-image\"><img decoding=\"async\" src=\"https:\/\/cdn.tgdd.vn\/2021\/09\/content\/02-800x450-8.jpg\" alt=\"Gi\u00e1 tr\u1ecb dinh d\u01b0\u1ee1ng c\u1ee7a t\u00f4m s\u00fa\"\/><\/figure>\n\n\n\n<h3 class=\"wp-block-heading\" id=\"qmenu2\">2 C\u00e1c lo\u1ea1i t\u00f4m s\u00fa ph\u1ed5 bi\u1ebfn<\/h3>\n\n\n\n<h4 class=\"wp-block-heading\" id=\"subqmenu3\">T\u00f4m s\u00fa m\u1eb9<\/h4>\n\n\n\n<p>T\u00f4m s\u00fa m\u1eb9 c\u00f2n \u0111\u01b0\u1ee3c g\u1ecdi v\u1edbi nhi\u1ec1u t\u00ean g\u1ecdi kh\u00e1c nh\u01b0 t\u00f4m s\u00fa bi\u1ec3n, t\u00f4m s\u00fa lo\u1ea1i 1 hay t\u00f4m s\u00fa t\u1ef1 nhi\u00ean. \u0110\u00e2y l\u00e0 lo\u1ea1i t\u00f4m to b\u1eb1ng c\u1ed5 tay, ngang ng\u1eeda v\u1edbi t\u00f4m h\u00f9m xanh. Ngu\u1ed3n cung c\u1ee7a t\u00f4m s\u00fa m\u1eb9 kh\u00f4ng nhi\u1ec1u ch\u00ednh v\u00ec v\u1eady gi\u00e1 n\u00f3 kh\u00e1 cao so v\u1edbi t\u00f4m s\u00fa nu\u00f4i.<\/p>\n\n\n\n<p>Th\u1ecbt t\u00f4m s\u00fa m\u1eb9 \u0111\u1eb7c bi\u1ec7t ngon, ng\u1ecdt, th\u1ecbt s\u0103n ch\u1eafc mang h\u01b0\u01a1ng v\u1ecb \u0111\u1eb7c tr\u01b0ng c\u1ee7a bi\u1ec3n c\u1ea3. T\u00f4m s\u00fa m\u1eb9 c\u00f3 th\u1ec3 n\u00f3i l\u00e0 &#8220;ngang s\u1ee9c ngang t\u00e0i&#8221; v\u1edbi t\u00f4m h\u00f9m nh\u1edd h\u01b0\u01a1ng v\u1ecb kh\u00f4ng h\u1ec1 thua k\u00e9m nh\u01b0ng l\u01b0\u1ee3ng th\u1ecbt l\u1ea1i nhi\u1ec1u h\u01a1n. \u0110\u00e2y l\u00e0 l\u1ef1a ch\u1ecdn tuy\u1ec7t v\u1eddi cho nh\u1eefng ng\u01b0\u1eddi \u0111am m\u00ea h\u1ea3i s\u1ea3n.<\/p>\n\n\n\n<figure class=\"wp-block-image\"><img decoding=\"async\" src=\"https:\/\/cdn.tgdd.vn\/2021\/09\/content\/unnamed(5)-800x500.jpg\" alt=\"T\u00f4m s\u00fa m\u1eb9\"\/><\/figure>\n\n\n\n<h4 class=\"wp-block-heading\" id=\"subqmenu4\">T\u00f4m s\u00fa C\u00e0 Mau<\/h4>\n\n\n\n<p>T\u00f4m s\u00fa C\u00e0 Mau l\u00e0 m\u1ed9t trong nh\u1eefng \u0111\u1eb7c s\u1ea3n c\u1ee7a \u0111\u1ea5t ph\u01b0\u01a1ng Nam. Lo\u1ea1i t\u00f4m n\u00e0y \u0111\u01b0\u1ee3c nu\u00f4i tr\u1ed3ng ho\u00e0n to\u00e0n t\u1ef1 nhi\u00ean, \u0103n nh\u1eefng th\u1ee9c \u0103n t\u1ef1 nhi\u00ean nh\u1edd nh\u1eefng k\u1ef9 thu\u1eadt canh t\u00e1c ph\u1ee9c t\u1ea1p.<\/p>\n\n\n\n<p>Th\u1ecbt c\u1ee7a t\u00f4m s\u00fa C\u00e0 Mau ngon ng\u1ecdt, s\u0103n ch\u1eafc, k\u00edch th\u01b0\u1edbc c\u0169ng t\u01b0\u01a1ng \u0111\u1ed1i l\u1edbn h\u01a1n so v\u1edbi t\u00f4m th\u1ebb, d\u00e0i t\u1ea7m 10 &#8211; 13cm. Nh\u1edd h\u01b0\u01a1ng v\u1ecb c\u1ee7a n\u00f3 m\u00e0 gi\u00e1 th\u00e0nh c\u1ee7a lo\u1ea1i t\u00f4m n\u00e0y t\u01b0\u01a1ng \u0111\u1ed1i cao, nh\u01b0ng v\u1eabn th\u1ea5p h\u01a1n so v\u1edbi t\u00f4m s\u00fa m\u1eb9.<\/p>\n\n\n\n<figure class=\"wp-block-image\"><img decoding=\"async\" src=\"https:\/\/cdn.tgdd.vn\/2021\/09\/content\/tom-su-tuoi-song-tren-ruong-lua-800x500.jpg\" alt=\"T\u00f4m s\u00fa C\u00e0 Mau \"\/><\/figure>\n\n\n\n<h3 class=\"wp-block-heading\" id=\"qmenu3\">3 Ph\u00e2n bi\u1ec7t t\u00f4m s\u00fa nu\u00f4i v\u00e0 t\u00f4m s\u00fa bi\u1ec3n<\/h3>\n\n\n\n<p>Ng\u00e0y nay, do nhu c\u1ea7u c\u1ee7a th\u1ecb tr\u01b0\u1eddng, t\u00f4m s\u00fa \u0111\u00e3 \u0111\u01b0\u1ee3c nu\u00f4i tr\u1ed3ng kh\u00e1 ph\u1ed5 bi\u1ebfn. Tuy nhi\u00ean, nh\u1eefng con t\u00f4m s\u00fa \u0111\u00e1nh b\u1eaft t\u1ef1 nhi\u00ean v\u1eabn cho h\u01b0\u01a1ng v\u1ecb ngon v\u00e0 \u0111\u1eb7c s\u1eafc h\u01a1n. \u0110\u1ec3 \u0111\u1ea3m b\u1ea3o cho b\u1eefa \u0103n, b\u1ea1n c\u1ea7n ph\u00e2n bi\u1ec7t \u0111\u01b0\u1ee3c t\u00f4m s\u00fa nu\u00f4i v\u00e0 t\u00f4m s\u00fa bi\u1ec3n th\u00f4ng qua h\u00ecnh d\u00e1ng b\u00ean ngo\u00e0i c\u1ee7a n\u00f3.<\/p>\n\n\n\n<p>T\u00f4m s\u00fa bi\u1ec3n t\u1ef1 nhi\u00ean th\u01b0\u1eddng c\u00f3 m\u00e0u \u0111\u1ecf ho\u1eb7c \u00e1nh v\u00e0ng \u0111\u1eb7c tr\u01b0ng, k\u00edch th\u01b0\u1edbc to v\u00e0 kh\u00f4ng \u0111\u1ed3ng \u0111\u1ec1u. Trong khi \u0111\u00f3, t\u00f4m s\u00fa \u0111\u01b0\u1ee3c nu\u00f4i s\u1ebd c\u00f3 m\u00e0u xanh gi\u1ed1ng v\u1edbi nh\u1eefng lo\u1ea1i t\u00f4m kh\u00e1c, k\u00edch th\u01b0\u1edbc nh\u1ecf h\u01a1n so v\u1edbi t\u00f4m s\u00fa bi\u1ec3n.<\/p>\n\n\n\n<p><strong>Xem chi ti\u1ebft:<\/strong><a href=\"https:\/\/www.dienmayxanh.com\/vao-bep\/tong-hop-cac-loai-tom-pho-bien-o-viet-nam-ban-biet-chua-11430#qmenu1\" target=\"_blank\" rel=\"noreferrer noopener\">C\u00e1ch ph\u00e2n bi\u1ec7t t\u00f4m s\u00fa nu\u00f4i v\u00e0 t\u00f4m s\u00fa bi\u1ec3n<\/a><\/p>\n\n\n\n<figure class=\"wp-block-image\"><img decoding=\"async\" src=\"https:\/\/cdn.tgdd.vn\/2021\/09\/content\/4ed501a3-a1b4-4059-8794-5aabe7db074b-jpeg-800x500.jpg\" alt=\"Ph\u00e2n bi\u1ec7t t\u00f4m s\u00fa nu\u00f4i v\u00e0 t\u00f4m s\u00fa bi\u1ec3n\"\/><\/figure>\n\n\n\n<h3 class=\"wp-block-heading\" id=\"qmenu4\"><\/h3>\n\n\n\n<h3 class=\"wp-block-heading\" id=\"qmenu5\">4 C\u00e1ch b\u1ea3o qu\u1ea3n t\u00f4m s\u00fa t\u01b0\u01a1i<\/h3>\n\n\n\n<h4 class=\"wp-block-heading\" id=\"subqmenu5\">C\u00e1ch b\u1ea3o qu\u1ea3n t\u00f4m s\u00fa s\u1ed1ng<\/h4>\n\n\n\n<p>B\u1ea3o qu\u1ea3n h\u1ea3i s\u1ea3n t\u01b0\u01a1i s\u1ed1ng \u0111\u00f2i h\u1ecfi nhi\u1ec1u k\u1ef9 thu\u1eadt chuy\u00ean m\u00f4n, \u0111\u1eb7c bi\u1ec7t v\u1edbi lo\u00e0i t\u00f4m s\u00fa.<\/p>\n\n\n\n<p>Cho t\u00f4m s\u00fa t\u01b0\u01a1i s\u1ed1ng v\u00e0o n\u01b0\u1edbc, b\u1ecdc l\u01b0\u1edbi l\u1ea1i \u0111\u1ec3 tr\u00e1nh t\u00f4m s\u00fa nh\u1ea3y ra ngo\u00e0i. B\u1ea1n c\u1ea7n \u0111\u1ea3m b\u1ea3o \u0111\u00e2y l\u00e0 ngu\u1ed3n n\u01b0\u1edbc s\u1ea1ch v\u00e0 t\u0129nh ho\u1eb7c ch\u1ec9 g\u1ee3n s\u00f3ng nh\u1eb9. Ngo\u00e0i ra, c\u1ea7n \u0111\u1ea3m b\u1ea3o r\u1eb1ng m\u1eadt \u0111\u1ed9 t\u00f4m kh\u00f4ng qu\u00e1 300 con\/m3 v\u00e0 ph\u1ea3i d\u00f9ng m\u00e1y b\u01a1m oxi cho t\u00f4m.<\/p>\n\n\n\n<p>\u0110\u00e2y \u0111\u1ec1u l\u00e0 nh\u1eefng thao t\u00e1c ph\u1ee9c t\u1ea1p, c\u1ea7n chuy\u00ean m\u00f4n cao v\u00e0 c\u00e1c \u0111\u1ed3 d\u00f9ng chuy\u00ean d\u1ee5ng. V\u00ec v\u1eady vi\u1ec7c b\u1ea3o qu\u1ea3n t\u00f4m s\u00fa s\u1ed1ng ch\u1ec9 c\u00f3 \u1edf c\u00e1c c\u01a1 s\u1edf kinh doanh, c\u01a1 s\u1edf ch\u1ebf bi\u1ebfn th\u1ee9c \u0103n ho\u1eb7c c\u00e1c nh\u00e0 h\u00e0ng l\u1edbn.<\/p>\n\n\n\n<figure class=\"wp-block-image\"><img decoding=\"async\" src=\"https:\/\/cdn.tgdd.vn\/2021\/09\/content\/unnamed(2)-800x500.jpg\" alt=\"C\u00e1ch b\u1ea3o qu\u1ea3n t\u00f4m s\u00fa s\u1ed1ng \"\/><\/figure>\n\n\n\n<h4 class=\"wp-block-heading\" id=\"subqmenu6\">C\u00e1ch b\u1ea3o qu\u1ea3n t\u00f4m trong t\u1ee7 l\u1ea1nh<\/h4>\n\n\n\n<p>B\u1ea3o qu\u1ea3n t\u1ee7 l\u1ea1nh l\u00e0 c\u00e1ch ph\u00f9 h\u1ee3p nh\u1ea5t \u0111\u1ec3 b\u1ea3o qu\u1ea3n t\u00f4m \u1edf c\u00e1c gia \u0111\u00ecnh v\u00e0 \u0111\u01b0\u1ee3c nhi\u1ec1u b\u00e0 n\u1ed9i tr\u1ee3 l\u1ef1a ch\u1ecdn.<\/p>\n\n\n\n<p>Tr\u01b0\u1edbc h\u1ebft, b\u1ea1n c\u1ea7n s\u01a1 ch\u1ebf t\u00f4m. Nh\u1eb7t b\u1ecf r\u00e2u t\u00f4m, d\u00f9ng b\u00e0n ch\u1ea3i \u0111\u1ec3 v\u1ec7 sinh th\u00e2n t\u00f4m r\u1ed3i r\u1eeda l\u1ea1i v\u1edbi n\u01b0\u1edbc s\u1ea1ch. \u0110\u1ec3 r\u00e1o t\u1ea7m 10 ph\u00fat tr\u01b0\u1edbc khi \u0111\u01b0a \u0111i \u0111\u00f4ng \u0111\u00e1.<\/p>\n\n\n\n<p>Khi t\u00f4m \u0111\u00e3 kh\u00f4 r\u00e1o, b\u1ea1n cho t\u00f4m v\u00e0o c\u00e1c h\u1ed9p \u0111\u1ef1ng th\u1ef1c ph\u1ea9m, \u0111\u1eady k\u00edn n\u1eafp h\u1ed9p, lau s\u1ea1ch ph\u1ea7n v\u1ecf h\u1ed9p b\u00ean ngo\u00e0i r\u1ed3i cho v\u00e0o ng\u0103n \u0111\u00f4ng t\u1ee7 l\u1ea1nh. Nhi\u1ec7t \u0111\u1ed9 th\u1ea5p s\u1ebd ng\u0103n c\u1ea3n vi khu\u1ea9n ph\u00e1t tri\u1ec3n, t\u1eeb \u0111\u00f3 c\u00f3 th\u1ec3 b\u1ea3o qu\u1ea3n t\u00f4m s\u00fa l\u00e2u d\u00e0i.<\/p>\n\n\n\n<p>Tuy nhi\u00ean, t\u00f4m s\u00fa \u0103n ngon nh\u1ea5t v\u1eabn l\u00e0 \u0103n khi c\u00f2n t\u01b0\u01a1i, tr\u1eef \u0111\u00f4ng l\u00e2u ng\u00e0y s\u1ebd l\u00e0m gi\u1ea3m \u0111\u1ed9 ngon c\u1ee7a n\u00f3. B\u1ea1n ch\u1ec9 n\u00ean b\u1ea3o qu\u1ea3n t\u00f4m t\u1ed1i \u0111a 2 tu\u1ea7n \u0111\u1ec3 c\u00f3 th\u1ec3 th\u01b0\u1edfng th\u1ee9c m\u00f3n \u0103n t\u1ed1t nh\u1ea5t.<\/p>\n\n\n\n<figure class=\"wp-block-image\"><img decoding=\"async\" src=\"https:\/\/cdn.tgdd.vn\/2021\/09\/content\/cach-bao-quan-tom-song-va-tom-tuoi-duoc-lau-nhat-ma-khong-lam-mat-chat-dinh-duong-cua-tom-7-760x367-800x500.jpg\" alt=\"C\u00e1ch b\u1ea3o qu\u1ea3n t\u00f4m trong t\u1ee7 l\u1ea1nh \"\/><\/figure>\n\n\n\n<h3 class=\"wp-block-heading\" id=\"qmenu6\"><\/h3>\n\n\n\n<figure class=\"wp-block-image\"><img decoding=\"async\" src=\"https:\/\/cdn.tgdd.vn\/2021\/09\/content\/giatomsu-800x500.jpg\" alt=\"T\u00f4m s\u00fa bao nhi\u00eau ti\u1ec1n 1kg? \"\/><\/figure>\n\n\n\n<p>Contact Us:<\/p>\n\n\n\n<p>H\u00e3y li\u00ean h\u1ec7 ngay v\u1edbi C\u00f4ng Ty TNHH Xu\u1ea5t Nh\u1eadp Kh\u1ea9u v\u00e0 Logistics An Phong \u0111\u1ec3 \u0111\u01b0\u1ee3c t\u01b0 v\u1ea5n v\u00e0 \u0111\u1eb7t h\u00e0ng s\u1ea3n ph\u1ea9m T\u00f4m s\u00fa xu\u1ea5t kh\u1ea9u ch\u1ea5t l\u01b0\u1ee3ng cao.<\/p>\n\n\n\n<p>An Phong Import Export and Logistics Company Limited<\/p>\n\n\n\n<p>Website: anphongcargo.com<\/p>\n\n\n\n<p>Hotline: 0978 195 057<\/p>\n\n\n\n<p>Email: anphongcargo@gmail.com<\/p>","protected":false},"excerpt":{"rendered":"<p>1. T\u00f4m s\u00fa l\u00e0 g\u00ec ? \u0110\u1eb7c \u0111i\u1ec3m t\u00f4m s\u00fa T\u00f4m s\u00fa, t\u00ean khoa h\u1ecdc l\u00e0 Penaeus monodon, l\u00e0 m\u1ed9t lo\u1ea1i t\u00f4m \u0111\u01b0\u1ee3c \u01b0a chu\u1ed9ng kh\u1eafp th\u1ebf gi\u1edbi. T\u00f4m s\u00fa \u0111\u01b0\u1ee3c bi\u1ebft \u0111\u1ebfn l\u00e0 lo\u00e0i t\u00f4m bi\u1ec3n, ph\u00e2n b\u1ed1 tr\u1ea3i d\u00e0i t\u1eeb b\u1edd \u0110\u00f4ng Ch\u00e2u Phi \u0111\u1ebfn t\u1eadn b\u1edd bi\u1ec3n Nh\u1eadt B\u1ea3n. \u1ede m\u1ed9t s\u1ed1 [&hellip;]<\/p>","protected":false},"author":2,"featured_media":0,"parent":0,"menu_order":0,"comment_status":"closed","ping_status":"closed","template":"","meta":{"footnotes":""},"class_list":["post-1818","page","type-page","status-publish","hentry"],"_links":{"self":[{"href":"https:\/\/anphongcargo.com\/en\/wp-json\/wp\/v2\/pages\/1818","targetHints":{"allow":["GET"]}}],"collection":[{"href":"https:\/\/anphongcargo.com\/en\/wp-json\/wp\/v2\/pages"}],"about":[{"href":"https:\/\/anphongcargo.com\/en\/wp-json\/wp\/v2\/types\/page"}],"author":[{"embeddable":true,"href":"https:\/\/anphongcargo.com\/en\/wp-json\/wp\/v2\/users\/2"}],"replies":[{"embeddable":true,"href":"https:\/\/anphongcargo.com\/en\/wp-json\/wp\/v2\/comments?post=1818"}],"version-history":[{"count":3,"href":"https:\/\/anphongcargo.com\/en\/wp-json\/wp\/v2\/pages\/1818\/revisions"}],"predecessor-version":[{"id":1902,"href":"https:\/\/anphongcargo.com\/en\/wp-json\/wp\/v2\/pages\/1818\/revisions\/1902"}],"wp:attachment":[{"href":"https:\/\/anphongcargo.com\/en\/wp-json\/wp\/v2\/media?parent=1818"}],"curies":[{"name":"wp","href":"https:\/\/api.w.org\/{rel}","templated":true}]}}