{"id":1820,"date":"2025-04-24T02:27:48","date_gmt":"2025-04-24T02:27:48","guid":{"rendered":"https:\/\/anphongcargo.com\/?page_id=1820"},"modified":"2025-05-07T08:00:16","modified_gmt":"2025-05-07T08:00:16","slug":"phong-tom","status":"publish","type":"page","link":"https:\/\/anphongcargo.com\/en\/phong-tom\/","title":{"rendered":"Ph\u1ed3ng t\u00f4m"},"content":{"rendered":"<h1 class=\"wp-block-heading\">\u0110\u1eb7c s\u1ea3n b\u00e1nh ph\u1ed3ng t\u00f4m<\/h1>\n\n\n\n<p>l\u00e0 m\u00f3n \u0103n d\u00e2n d\u00e3 c\u1ee7a ng\u01b0\u1eddi mi\u1ec1n T\u00e2y, v\u1edbi kh\u00ed h\u1eadu \u1ed5n \u0111\u1ecbnh, \u00f4n ho\u00e0 quanh n\u0103m n\u00ean nu\u00f4i t\u00f4m c\u00e1 \u0111\u1ec1u thu\u1eadn l\u1ee3i, do \u0111\u00f3 cho ra l\u00f2 nh\u1eefng chi\u1ebfc b\u00e1nh ph\u1ed3ng \u0111\u1eadm v\u1ecb th\u1ecbt t\u00f4m s\u0103n ch\u1eafc, t\u1ea1o n\u00ean h\u01b0\u01a1ng v\u1ecb \u0111\u1eb7c tr\u01b0ng c\u1ee7a m\u00f3n b\u00e1nh n\u00e0y .<\/p>\n\n\n\n<p>B\u00e1nh ph\u1ed3ng t\u00f4m mi\u1ec1n T\u00e2y c\u00f3 h\u00ecnh d\u1ea1ng h\u00ecnh ch\u1eef nh\u1eadt v\u1eeba \u0111\u1ec1u, m\u00e0u s\u1eabm v\u00e0 c\u00f3 h\u1ea1t ti\u00eau s\u1ecd l\u00e0 m\u00f3n \u0103n v\u1eb7t th\u1ecbnh h\u00e0nh c\u1ee7a gi\u1edbi tr\u1ebb l\u00fac b\u1ea5y gi\u1edd, ng\u00e0y nay \u0111\u01b0\u1ee3c n\u00e2ng c\u1ea5p tr\u1edf th\u00e0nh m\u00f3n khai v\u1ecb trong c\u00e1c bu\u1ed5i ti\u1ec7c m\u1eebng.<\/p>\n\n\n\n<p>Tuy nhi\u00ean kh\u00f4ng ph\u1ea3i t\u1ec9nh n\u00e0o c\u0169ng c\u00f3 th\u1ec3 l\u00e0m b\u00e1nh ph\u1ed3ng t\u00f4m ngon v\u00e0 ch\u1ea5t l\u01b0\u1ee3ng m\u00e0 c\u00f2n ph\u1ee5 thu\u1ed9c v\u00e0o y\u1ebfu t\u1ed1 kh\u00ed h\u1eadu.<\/p>\n\n\n\n<p>\u0110\u1eb7c bi\u1ec7t \u1edf C\u00e0 Mau v\u00e0 S\u00f3c Tr\u0103ng l\u00e0 hai t\u1ec9nh c\u00f3 nh\u1eefng l\u00f2 l\u00e0m b\u00e1nh ph\u1ed3ng truy\u1ec1n th\u1ed1ng l\u00e2u \u0111\u1eddi nh\u1ea5t \u0111\u1ebfn t\u1eadn b\u00e2y gi\u1edd.<\/p>\n\n\n\n<p>L\u00e0 s\u1ea3n ph\u1ea9m \u0111\u1eb7c s\u1ea3n Vi\u1ec7t Nam \u0111ang m\u1edf r\u1ed9ng sang th\u1ecb tr\u01b0\u1eddng qu\u1ed1c t\u1ebf n\u00ean c\u00e1c l\u00f2 s\u1ea3n xu\u1ea5t lu\u00f4n \u01b0u ti\u00ean l\u1ef1a ch\u1ecdn ch\u1ea5t li\u1ec7u \u0111\u1ea1t chu\u1ea9n ATTP \u0111\u1ec3 \u0111\u00f3ng g\u00f3i bao b\u00ec cho ng\u01b0\u1eddi ti\u00eau d\u00f9ng lu\u00f4n an t\u00e2m tin d\u00f9ng.<\/p>\n\n\n\n<p>H\u00e3y li\u00ean h\u1ec7 ngay v\u1edbi C\u00f4ng ty TNHH Xu\u1ea5t Nh\u1eadp Kh\u1ea9u v\u00e0 Logistics An Phong \u0111\u1ec3 \u0111\u01b0\u1ee3c t\u01b0 v\u1ea5n v\u00e0 \u0111\u1eb7t h\u00e0ng s\u1ea3n ph\u1ea9m ph\u1ed3ng t\u00f4m ch\u1ea5t l\u01b0\u1ee3ng cao. Ch\u00fang t\u00f4i lu\u00f4n s\u1eb5n s\u00e0ng ph\u1ee5c v\u1ee5 v\u00e0 \u0111\u1ed3ng h\u00e0nh c\u00f9ng s\u1ef1 th\u00e0nh c\u00f4ng c\u1ee7a qu\u00fd kh\u00e1ch h\u00e0ng.<\/p>\n\n\n\n<p><em><strong>An Phong Import Export and Logistics Company Limited<\/strong><br><\/em><br><strong>Website:<\/strong>&nbsp;anphongcargo.com<\/p>\n\n\n\n<p><strong>Hotline:<\/strong>&nbsp;0978 195 057<\/p>\n\n\n\n<p><strong>Email:<\/strong>&nbsp;anphongcargo@gmail.com<\/p>","protected":false},"excerpt":{"rendered":"<p>\u0110\u1eb7c s\u1ea3n b\u00e1nh ph\u1ed3ng t\u00f4m l\u00e0 m\u00f3n \u0103n d\u00e2n d\u00e3 c\u1ee7a ng\u01b0\u1eddi mi\u1ec1n T\u00e2y, v\u1edbi kh\u00ed h\u1eadu \u1ed5n \u0111\u1ecbnh, \u00f4n ho\u00e0 quanh n\u0103m n\u00ean nu\u00f4i t\u00f4m c\u00e1 \u0111\u1ec1u thu\u1eadn l\u1ee3i, do \u0111\u00f3 cho ra l\u00f2 nh\u1eefng chi\u1ebfc b\u00e1nh ph\u1ed3ng \u0111\u1eadm v\u1ecb th\u1ecbt t\u00f4m s\u0103n ch\u1eafc, t\u1ea1o n\u00ean h\u01b0\u01a1ng v\u1ecb \u0111\u1eb7c tr\u01b0ng c\u1ee7a m\u00f3n b\u00e1nh n\u00e0y [&hellip;]<\/p>","protected":false},"author":2,"featured_media":0,"parent":0,"menu_order":0,"comment_status":"closed","ping_status":"closed","template":"","meta":{"footnotes":""},"class_list":["post-1820","page","type-page","status-publish","hentry"],"_links":{"self":[{"href":"https:\/\/anphongcargo.com\/en\/wp-json\/wp\/v2\/pages\/1820","targetHints":{"allow":["GET"]}}],"collection":[{"href":"https:\/\/anphongcargo.com\/en\/wp-json\/wp\/v2\/pages"}],"about":[{"href":"https:\/\/anphongcargo.com\/en\/wp-json\/wp\/v2\/types\/page"}],"author":[{"embeddable":true,"href":"https:\/\/anphongcargo.com\/en\/wp-json\/wp\/v2\/users\/2"}],"replies":[{"embeddable":true,"href":"https:\/\/anphongcargo.com\/en\/wp-json\/wp\/v2\/comments?post=1820"}],"version-history":[{"count":3,"href":"https:\/\/anphongcargo.com\/en\/wp-json\/wp\/v2\/pages\/1820\/revisions"}],"predecessor-version":[{"id":1906,"href":"https:\/\/anphongcargo.com\/en\/wp-json\/wp\/v2\/pages\/1820\/revisions\/1906"}],"wp:attachment":[{"href":"https:\/\/anphongcargo.com\/en\/wp-json\/wp\/v2\/media?parent=1820"}],"curies":[{"name":"wp","href":"https:\/\/api.w.org\/{rel}","templated":true}]}}