{"id":1868,"date":"2025-04-26T04:40:24","date_gmt":"2025-04-26T04:40:24","guid":{"rendered":"https:\/\/anphongcargo.com\/?page_id=1868"},"modified":"2025-05-07T08:14:32","modified_gmt":"2025-05-07T08:14:32","slug":"xeng-nhua-cong-nghiep","status":"publish","type":"page","link":"https:\/\/anphongcargo.com\/en\/xeng-nhua-cong-nghiep\/","title":{"rendered":"H\u00f3t r\u00e1c nh\u1ef1a c\u00f4ng nghi\u1ec7p"},"content":{"rendered":"<p>X\u1ebbng, h\u00f3t r\u00e1c to \u0111\u1ea1i<br>T\u00ednh n\u0103ng ;<br>&#8211; Ki\u1ec3u c\u00e1ch tr\u1ebb trung trang nh\u00e3<br>&#8211; V\u1edbi ch\u1ea5t li\u1ec7u l\u00e0 nh\u1ef1a c\u1ee9ng cao c\u1ea5p,n\u00ean gh\u1ebf ch\u1ecbu \u0111\u01b0\u1ee3c va \u0111\u1eadp ,ch\u1ecbu l\u1ef1c t\u00e1c d\u1ee5ng t\u1ed1t<br>&#8211; Tu\u1ed5i th\u1ecd s\u1ea3n ph\u1ea9m cao d\u00f9 c\u00f3 \u0111\u1ec3 \u1edf ngo\u00e0i m\u00f4i tr\u01b0\u1eddng t\u1ef1 nhi\u00ean<br>&#8211; D\u1ec5 d\u00e0ng lau ch\u00f9i,r\u1eeda khi c\u1ea7n.<br>&#8211; K\u00edch th\u01b0\u1edbc : d\u00e0i 37 r\u1ed9ng 35.5 cao 15.5 cm<br>&#8211; Ch\u1ecbu nhi\u1ec7t \u0111\u1ed9 l\u00ean \u0111\u1ebfn 100*C<\/p>\n\n\n\n<p>H\u01b0\u1edbng d\u1eabn s\u1eed d\u1ee5ng<\/p>\n\n\n\n<p>&#8211; D\u00f9ng \u0111\u1ec3 \u0111\u1ef1ng r\u00e1c cho gia \u0111\u00ecnh, v\u0103n ph\u00f2ng l\u00e0m vi\u1ec7c ho\u1eb7c s\u1eed d\u1ee5ng theo nhu c\u1ea7u<br>&#8211; D\u00f9ng l\u00e0m h\u00f3t tuy\u1ebft \u0111\u01b0\u1ee3c s\u1eed d\u1ee5ng b\u00ean Ch\u00e2u \u00c2u.<\/p>\n\n\n\n<figure class=\"wp-block-image size-full\"><img loading=\"lazy\" decoding=\"async\" width=\"800\" height=\"800\" src=\"https:\/\/anphongcargo.com\/wp-content\/uploads\/2025\/04\/f62ffb21-be35-4b62-ab97-6e1cb7d4ce15.png\" alt=\"\" class=\"wp-image-1873\" srcset=\"https:\/\/anphongcargo.com\/wp-content\/uploads\/2025\/04\/f62ffb21-be35-4b62-ab97-6e1cb7d4ce15.png 800w, https:\/\/anphongcargo.com\/wp-content\/uploads\/2025\/04\/f62ffb21-be35-4b62-ab97-6e1cb7d4ce15-300x300.png 300w, https:\/\/anphongcargo.com\/wp-content\/uploads\/2025\/04\/f62ffb21-be35-4b62-ab97-6e1cb7d4ce15-150x150.png 150w, https:\/\/anphongcargo.com\/wp-content\/uploads\/2025\/04\/f62ffb21-be35-4b62-ab97-6e1cb7d4ce15-768x768.png 768w, https:\/\/anphongcargo.com\/wp-content\/uploads\/2025\/04\/f62ffb21-be35-4b62-ab97-6e1cb7d4ce15-12x12.png 12w\" sizes=\"auto, (max-width: 800px) 100vw, 800px\" \/><\/figure>\n\n\n\n<figure class=\"wp-block-image size-full\"><img loading=\"lazy\" decoding=\"async\" width=\"480\" height=\"480\" src=\"https:\/\/anphongcargo.com\/wp-content\/uploads\/2025\/04\/vn-11134207-7r98o-lys4apyrwkgx77.jpg\" alt=\"\" class=\"wp-image-1874\" srcset=\"https:\/\/anphongcargo.com\/wp-content\/uploads\/2025\/04\/vn-11134207-7r98o-lys4apyrwkgx77.jpg 480w, https:\/\/anphongcargo.com\/wp-content\/uploads\/2025\/04\/vn-11134207-7r98o-lys4apyrwkgx77-300x300.jpg 300w, https:\/\/anphongcargo.com\/wp-content\/uploads\/2025\/04\/vn-11134207-7r98o-lys4apyrwkgx77-150x150.jpg 150w, https:\/\/anphongcargo.com\/wp-content\/uploads\/2025\/04\/vn-11134207-7r98o-lys4apyrwkgx77-12x12.jpg 12w\" sizes=\"auto, (max-width: 480px) 100vw, 480px\" \/><\/figure>\n\n\n\n<p><strong>Contact Us:<\/strong><\/p>\n\n\n\n<p>H\u00e3y li\u00ean h\u1ec7 ngay v\u1edbi <strong>C\u00f4ng Ty TNHH Xu\u1ea5t Nh\u1eadp Kh\u1ea9u v\u00e0 Logistics An Phong<\/strong> \u0111\u1ec3 \u0111\u01b0\u1ee3c t\u01b0 v\u1ea5n v\u00e0 \u0111\u1eb7t h\u00e0ng s\u1ea3n ph\u1ea9m h\u00f3t r\u00e1c nh\u1ef1a c\u00f4ng nghi\u1ec7p xu\u1ea5t kh\u1ea9u ch\u1ea5t l\u01b0\u1ee3ng cao.<\/p>\n\n\n\n<p><em><strong>An Phong Import Export and Logistics Company Limited<\/strong><br><\/em><br><strong>Website:<\/strong>&nbsp;anphongcargo.com<\/p>\n\n\n\n<p><strong>Hotline:<\/strong>&nbsp;0978 195 057<\/p>\n\n\n\n<p><strong>Email:<\/strong>&nbsp;anphongcargo@gmail.com<\/p>","protected":false},"excerpt":{"rendered":"<p>X\u1ebbng, h\u00f3t r\u00e1c to \u0111\u1ea1iT\u00ednh n\u0103ng ;&#8211; Ki\u1ec3u c\u00e1ch tr\u1ebb trung trang nh\u00e3&#8211; V\u1edbi ch\u1ea5t li\u1ec7u l\u00e0 nh\u1ef1a c\u1ee9ng cao c\u1ea5p,n\u00ean gh\u1ebf ch\u1ecbu \u0111\u01b0\u1ee3c va \u0111\u1eadp ,ch\u1ecbu l\u1ef1c t\u00e1c d\u1ee5ng t\u1ed1t&#8211; Tu\u1ed5i th\u1ecd s\u1ea3n ph\u1ea9m cao d\u00f9 c\u00f3 \u0111\u1ec3 \u1edf ngo\u00e0i m\u00f4i tr\u01b0\u1eddng t\u1ef1 nhi\u00ean&#8211; D\u1ec5 d\u00e0ng lau ch\u00f9i,r\u1eeda khi c\u1ea7n.&#8211; K\u00edch th\u01b0\u1edbc : d\u00e0i [&hellip;]<\/p>","protected":false},"author":2,"featured_media":0,"parent":0,"menu_order":0,"comment_status":"closed","ping_status":"closed","template":"","meta":{"footnotes":""},"class_list":["post-1868","page","type-page","status-publish","hentry"],"_links":{"self":[{"href":"https:\/\/anphongcargo.com\/en\/wp-json\/wp\/v2\/pages\/1868","targetHints":{"allow":["GET"]}}],"collection":[{"href":"https:\/\/anphongcargo.com\/en\/wp-json\/wp\/v2\/pages"}],"about":[{"href":"https:\/\/anphongcargo.com\/en\/wp-json\/wp\/v2\/types\/page"}],"author":[{"embeddable":true,"href":"https:\/\/anphongcargo.com\/en\/wp-json\/wp\/v2\/users\/2"}],"replies":[{"embeddable":true,"href":"https:\/\/anphongcargo.com\/en\/wp-json\/wp\/v2\/comments?post=1868"}],"version-history":[{"count":4,"href":"https:\/\/anphongcargo.com\/en\/wp-json\/wp\/v2\/pages\/1868\/revisions"}],"predecessor-version":[{"id":1914,"href":"https:\/\/anphongcargo.com\/en\/wp-json\/wp\/v2\/pages\/1868\/revisions\/1914"}],"wp:attachment":[{"href":"https:\/\/anphongcargo.com\/en\/wp-json\/wp\/v2\/media?parent=1868"}],"curies":[{"name":"wp","href":"https:\/\/api.w.org\/{rel}","templated":true}]}}