{"id":1890,"date":"2025-05-07T04:09:56","date_gmt":"2025-05-07T04:09:56","guid":{"rendered":"https:\/\/anphongcargo.com\/?page_id=1890"},"modified":"2025-05-07T08:30:50","modified_gmt":"2025-05-07T08:30:50","slug":"chuoi-say-deo","status":"publish","type":"page","link":"https:\/\/anphongcargo.com\/en\/chuoi-say-deo\/","title":{"rendered":"Chu\u1ed1i s\u1ea5y d\u1ebbo"},"content":{"rendered":"<h1 class=\"wp-block-heading\">Chu\u1ed1i s\u1ea5y d\u1ebbo l\u00e0 g\u00ec? L\u1ee3i \u00edch khi \u0103n chu\u1ed1i s\u1ea5y d\u1ebbo?<\/h1>\n\n\n\n<figure class=\"wp-block-image\"><img decoding=\"async\" src=\"https:\/\/file.hstatic.net\/200000684957\/article\/chuoi-say-deo_f0aac72d4fda4a8596cf4a147fb84fb8.jpg\" alt=\"Chu\u1ed1i s\u1ea5y d\u1ebbo l\u00e0 g\u00ec? L\u1ee3i \u00edch khi \u0103n chu\u1ed1i s\u1ea5y d\u1ebbo?\"\/><\/figure>\n\n\n\n<p>Ng\u01b0\u1eddi Vi\u1ec7t Nam ch\u1eafc h\u1eb3n ai c\u0169ng \u0111\u00e3 bi\u1ebft \u0111\u1ebfn tr\u00e1i chu\u1ed1i. C\u0169ng \u0111\u00e3 qu\u00e1 quen thu\u1ed9c v\u1edbi vi\u1ec7c d\u00f9ng chu\u1ed1i t\u01b0\u01a1i l\u00e0m m\u00f3n tr\u00e1ng mi\u1ec7ng, m\u00f3n \u0103n v\u1eb7t&#8230; Chu\u1ed1i l\u00e0 m\u1ed9t lo\u1ea1i hoa qu\u1ea3 ngon ng\u1ecdt d\u1ec5 \u0103n v\u1eeba mang l\u1ea1i gi\u00e1 tr\u1ecb dinh d\u01b0\u1ee1ng tuy\u1ec7t v\u1eddi cho c\u01a1 th\u1ec3. Tuy nhi\u00ean vi\u1ec7c ch\u1ec9 d\u00f9ng chu\u1ed1i t\u01b0\u01a1i \u0111ang l\u00e0m b\u1ea1n c\u1ea3m th\u1ea5y nh\u00e0n ch\u00e1n v\u00e0 b\u1ea1n mu\u1ed1n t\u00ecm m\u1ed9t s\u1ef1 m\u1edbi l\u1ea1 t\u1eeb lo\u1ea1i hoa qu\u1ea3 n\u00e0y? V\u1eady chu\u1ed1i s\u1ea5y d\u1ebbo l\u00e0 g\u00ec v\u00e0 t\u1ea5t t\u1ea7n t\u1eadt m\u1ecdi th\u1ee9 v\u1ec1 n\u00f3 nh\u01b0 th\u1ebf n\u00e0o?<\/p>\n\n\n\n<h2 class=\"wp-block-heading\" id=\"chuoi_say_deo_la_gi__\">Chu\u1ed1i s\u1ea5y d\u1ebbo l\u00e0 g\u00ec ?<\/h2>\n\n\n\n<figure class=\"wp-block-image\"><img decoding=\"async\" src=\"https:\/\/file.hstatic.net\/200000684957\/file\/chuoi_say_deo_32716620ca8b4816aa75912d394c9b66_grande.jpg\" alt=\"\"\/><\/figure>\n\n\n\n<p>Chu\u1ed1i s\u1ea5y d\u1ebbo l\u00e0 s\u1ea3n ph\u1ea9m \u0111\u01b0\u1ee3c ch\u1ebf bi\u1ebfn t\u1eeb tr\u00e1i c\u00e2y t\u01b0\u01a1i, qua&nbsp;<em>c\u00f4<\/em>ng ngh\u1ec7 s\u1ea5y \u1edf nhi\u1ec7t \u0111\u1ed9 th\u1ea5p, l\u00e0m m\u1ea5t \u0111i m\u1ed9t ph\u1ea7n n\u01b0\u1edbc trong nguy\u00ean li\u1ec7u.&nbsp;<em>Sau&nbsp;<\/em>khi s\u1ea5y \u0111\u1ea1t \u0111\u1ebfn \u0111\u1ed9 \u1ea9m nh\u1ea5t \u0111\u1ecbnh s\u1ebd \u0111\u01b0\u1ee3c l\u1ea5y ra v\u00e0 l\u00e0m m\u00e1t. S\u1ea3n ph\u1ea9m s\u1ebd c\u00f3 \u0111\u1ed9 th\u01a1m, m\u1ec1m v\u00e0 d\u1ebbo dai \u0111\u1eb7c tr\u01b0ng c\u1ee7a tr\u00e1i c\u00e2y t\u01b0\u01a1i.<\/p>\n\n\n\n<p>Chu\u1ed1i s\u1ea5y d\u1ebbo v\u1edbi v\u1ecb ng\u1ecdt v\u1eeba \u0111\u1ee7, kh\u00f4ng kh\u00f4 khan nh\u01b0 chu\u1ed1i s\u1ea5y th\u01b0\u1eddng, c\u0169ng kh\u00f4ng \u01b0\u1edbt nh\u01b0 chu\u1ed1i rim \u0111\u01b0\u1eddng m\u1eb9 v\u1eabn hay l\u00e0m,\u00a0<strong>\u0103n ho\u00e0i c\u0169ng ch\u1eb3ng s\u1ee3 d\u00ednh tay<\/strong>. M\u00f9i th\u01a1m th\u01a1m nh\u1eb9, khi c\u1eafn v\u00e0o v\u1ecb ng\u1ecdt t\u1eeb mi\u1ebfng chu\u1ed1i s\u1ea5y d\u1ebbo th\u1ea5m tr\u00ean \u0111\u1ea7u l\u01b0\u1ee1i, ng\u1ecdt nh\u01b0 tr\u00e1i trong v\u01b0\u1eddn nh\u00e0 v\u1eeba ch\u00edn t\u1edbi.\u00a0<\/p>\n\n\n\n<h3 class=\"wp-block-heading\" id=\"la-gi\"><strong>Chu\u1ed1i s\u1ea5y d\u1ebbo c\u00f3 t\u1ed1t kh\u00f4ng?&nbsp;<\/strong><\/h3>\n\n\n\n<p>\u2013 Chu\u1ed1i S\u1ea5y D\u1ebbo&nbsp;lu\u00f4n l\u00e0 m\u00f3n \u0103n v\u1eb7t r\u1ea5t \u0111\u01b0\u1ee3c ph\u00e1i n\u1eef y\u00eau th\u00edch v\u00ec v\u1ecb v\u1eeba ng\u1ecdt, b\u00f9i b\u00f9i, c\u00f3 ph\u1ea7n th\u01a1m th\u01a1m c\u1ee7a chu\u1ed1i, \u0103n nhi\u1ec1u m\u00e0 kh\u00f4ng ph\u1ea3i lo b\u00e9o l\u1ea1i c\u00f2n t\u1ed1t cho s\u1ee9c kh\u1ecfe n\u1eefa.<br><strong>\u2013 S\u1ea3n ph\u1ea9m ti\u1ec7n l\u1ee3i c\u00f3 th\u1ec3 d\u00f9ng ngay, kh\u00f4ng t\u1ed1n th\u1eddi gian c\u1eaft, g\u1ecdt m\u00e0 l\u1ea1i ch\u1eb3ng s\u1ee3 d\u00ednh tay hay v\u1ea5y b\u1ea9n ra ngo\u00e0i.<\/strong><\/p>\n\n\n\n<p>\u2013 Thi\u1ebft k\u1ebf bao b\u00ec d\u1ea1ng t\u00fai zipper, d\u1ec5 s\u1eed d\u1ee5ng v\u00e0 b\u1ea3o qu\u1ea3n, ti\u1ec7n l\u1ee3i khi mang \u0111i xa v\u00e0 d\u00f9ng \u0111\u01b0\u1ee3c l\u00e2u. B\u1ea1n c\u0169ng c\u00f3 th\u1ec3 d\u1ec5 d\u00e0ng mang theo trong nh\u1eefng chuy\u1ebfn \u0111i ch\u01a1i, picnic \u0111\u1ec3 c\u00f9ng chia s\u1ebb v\u1edbi m\u1ecdi ng\u01b0\u1eddi hay d\u00e0nh l\u00e0m qu\u00e0 t\u1eb7ng cho b\u1ea1n b\u00e8, ng\u01b0\u1eddi th\u00e2n v\u00e0 m\u1ed7i d\u1ecbp l\u1ec5, T\u1ebft.<\/p>\n\n\n\n<h3 class=\"wp-block-heading\" id=\"thanh_phan_dinh_duong_chuoi_say_deo\">&nbsp;<strong>Th\u00e0nh ph\u1ea7n dinh d\u01b0\u1ee1ng chu\u1ed1i s\u1ea5y d\u1ebbo&nbsp;<\/strong><\/h3>\n\n\n\n<p>\u2013 N\u0103ng l\u01b0\u1ee3ng , Carbohydrate, Ch\u1ea5t x\u01a1, \u0110\u01b0\u1eddng, Ch\u1ea5t \u0110\u1ea1m, Vitamin C, Canxi, S\u1eaft\u2026<\/p>\n\n\n\n<p>\u2013 C\u00e1c ch\u1ea5t dinh d\u01b0\u1ee1ng d\u1ed3i d\u00e0o trong chu\u1ed1i t\u1ed1t cho c\u01a1 th\u1ec3 nh\u01b0 vitamin C, kali, vitamin B6, mangan,..<\/p>\n\n\n\n<p>\u2013 H\u00e0m l\u01b0\u1ee3ng Potassium t\u1ef1 nhi\u00ean trong chu\u1ed1i r\u1ea5t cao, gi\u00fap \u0111i\u1ec1u h\u00f2a ho\u1ea1t \u0111\u1ed9ng c\u1ee7a h\u1ec7 th\u1ea7n kinh, gi\u00e0m nguy c\u01a1 b\u1ec7nh tim m\u1ea1ch.<\/p>\n\n\n\n<p>\u2013 Chu\u1ed1i ch\u1ee9a \u00edt ch\u1ea5t b\u00e9o b\u00e3o h\u00f2a, cholesterol v\u00e0 natri. L\u00e0 lo\u1ea1i tr\u00e1i c\u00e2y r\u1ea5t t\u1ed1t cho c\u01a1 th\u1ec3, h\u1ed7 tr\u1ee3 qu\u00e1 tr\u00ecnh&nbsp;<em>gi\u1ea3m c\u00e2n<\/em>, gi\u00fap t\u0103ng s\u1ef1 t\u1eadp trung, tr\u00ed th\u00f4ng minh v\u00e0 gi\u1ea3m nguy c\u01a1 m\u1eafc b\u1ec7nh hen suy\u1ec5n \u1edf tr\u1ebb em.<\/p>\n\n\n\n<p>\u2013&nbsp;Ph\u00f9 h\u1ee3p v\u1edbi m\u1ecdi \u0111\u1ed1i t\u01b0\u1ee3ng, \u0111\u1eb7c bi\u1ec7t&nbsp;<strong>ng\u01b0\u1eddi<em>&nbsp;\u0103n ki\u00eang&nbsp;<\/em>c\u00f3 th\u1ec3 s\u1eed d\u1ee5ng tho\u1ea3i m\u00e1i<\/strong>&nbsp;m\u00e0 kh\u00f4ng s\u1ee3 \u1ea3nh h\u01b0\u1edfng \u0111\u1ebfn c\u00e2n n\u1eb7ng c\u1ee7a m\u00ecnh.<\/p>\n\n\n\n<h2 class=\"wp-block-heading\" id=\"chuoi_say_deo_mua_o_dau__\">Chu\u1ed1i s\u1ea5y d\u1ebbo mua \u1edf \u0111\u00e2u ?<\/h2>\n\n\n\n<p>Chu\u1ed1i s\u1ea5y d\u1ebbo hi\u1ec7n nay \u0111ang tr\u1edf th\u00e0nh m\u00f3n \u0103n h\u00f3t h\u00f2n h\u1ecdt tr\u00ean th\u1ecb tr\u01b0\u1eddng. B\u1ea1n c\u00f3 th\u1ec3 d\u1ec5 d\u00e0ng t\u00ecm ki\u1ebfm tr\u00ean c\u00e1c trang mua b\u00e1n online ho\u1eb7c c\u00e1c si\u00eau th\u1ecb, ch\u1ee3, h\u00e0ng qu\u00e1n. Tuy nhi\u00ean ch\u1ea5t l\u01b0\u1ee3ng s\u1ea3n ph\u1ea9m kh\u00f4ng ph\u1ea3i n\u01a1i n\u00e0o c\u0169ng \u0111\u01b0\u1ee3c \u0111\u1ea3m b\u1ea3o. V\u00ec v\u1eady, l\u00e0 m\u1ed9t nh\u00e0 ti\u00eau d\u00f9ng th\u00f4ng minh, b\u1ea1n n\u00ean t\u00ecm hi\u1ec3u v\u00e0 l\u1ef1a ch\u1ecdn cho b\u1ea3n th\u00e2n v\u00e0 gia \u0111\u00ecnh nh\u1eefng s\u1ea3n ph\u1ea9m ch\u1ea5t l\u01b0\u1ee3ng, an to\u00e0n.<\/p>\n\n\n\n<p>\u0110\u1ebfn v\u1edbi chu\u1ed1i s\u1ea5y d\u1ebbo c\u1ee7a ch\u00fang t\u00f4i, b\u1ea1n ho\u00e0n to\u00e0n c\u00f3 th\u1ec3 y\u00ean t\u00e2m v\u1ec1 \u0111i\u1ec1u \u0111\u00f3. Ch\u00fang t\u00f4i<em>\u00a0cam k\u1ebft\u00a0<\/em>s\u1ea3n ph\u1ea9m \u0111\u1ea1t chu\u1ea9n ch\u1ea5t l\u01b0\u1ee3ng, an to\u00e0n v\u1ec7 sinh th\u1ef1c ph\u1ea9m v\u1edbi \u0111\u1ea7y \u0111\u1ee7 gi\u1ea5y t\u1edd ch\u1ee9ng nh\u1eadn:<\/p>\n\n\n\n<p>+ B\u1ea3ng&nbsp;<em>c\u00f4<\/em>ng b\u1ed1 k\u1ebft qu\u1ea3 ki\u1ec3m nghi\u1ec7m s\u1ea3n ph\u1ea9m<\/p>\n\n\n\n<p>+ Gi\u1ea5y ch\u1ee9ng nh\u1eadn an to\u00e0n th\u1ef1c ph\u1ea9m<\/p>\n\n\n\n<p>+ Gi\u1ea5y ch\u1ee9ng nh\u1eadn \u0111\u0103ng k\u00ed&nbsp;<em>c\u00f4<\/em>ng b\u1ed1 th\u1ef1c ph\u1ea9m<\/p>\n\n\n\n<p>+ Ngu\u1ed3n tr\u00e1i c\u00e2y&nbsp;<em>100%&nbsp;<\/em>t\u1ef1 nhi\u00ean<\/p>\n\n\n\n<p>+&nbsp;<em>C\u00f4<\/em>ng ngh\u1ec7 ti\u00ean ti\u1ebfn, m\u00e1y m\u00f3c hi\u1ec7n \u0111\u1ea1i<\/p>\n\n\n\n<p>+ Quy tr\u00ecnh s\u1ea3n xu\u1ea5t<em>&nbsp;\u0111\u1ea3m b\u1ea3o&nbsp;<\/em>v\u1ec7 sinh<\/p>\n\n\n\n<p>+ S\u1ea3n ph\u1ea9m ch\u1ea5t l\u01b0\u1ee3ng, v\u1eabn gi\u1eef nguy\u00ean h\u00e0m l\u01b0\u1ee3ng ch\u1ea5t dinh d\u01b0\u1ee1ng, m\u00f9i v\u1ecb th\u01a1m ngon c\u1ee7a tr\u00e1i t\u01b0\u01a1i.<\/p>\n\n\n\n<figure class=\"wp-block-image\"><img decoding=\"async\" src=\"https:\/\/file.hstatic.net\/200000684957\/file\/chuoi_say_deo_01_5033ce8f4e1142a0a30758c747c1552b_grande.jpg\" alt=\"\"\/><\/figure>\n\n\n\n<p>Mang t\u1edbi&nbsp;ng\u01b0\u1eddi d\u00f9ng nh\u1eefng s\u1ea3n ph\u1ea9m ch\u1ea5t l\u01b0\u1ee3ng, an to\u00e0n v\u1ec7 sinh, ngu\u1ed3n g\u1ed1c n\u00f4ng s\u1ea3n, bao b\u00ec \u0111\u1eb9p m\u1eaft, gi\u00e1 c\u1ea3 ph\u1ea3i ch\u0103ng m\u00e0 c\u00f2n gi\u00fap b\u00e0 con n\u00f4ng d\u00e2n gi\u1ea3i quy\u1ebft n\u1ed7i lo l\u1eafng \u0111\u1ea7u ra cho s\u1ea3n ph\u1ea9m tr\u00e1i c\u00e2y&nbsp;<em>sau&nbsp;<\/em>m\u1ed7i m\u00f9a v\u1ee5 thu ho\u1ea1ch.<\/p>\n\n\n\n<p><strong>Contact Us:<\/strong><\/p>\n\n\n\n<p>H\u00e3y li\u00ean h\u1ec7 ngay v\u1edbi <strong>C\u00f4ng Ty TNHH Xu\u1ea5t Nh\u1eadp Kh\u1ea9u v\u00e0 Logistics An Phong<\/strong> \u0111\u1ec3 \u0111\u01b0\u1ee3c t\u01b0 v\u1ea5n v\u00e0 \u0111\u1eb7t h\u00e0ng s\u1ea3n ph\u1ea9m chu\u1ed1i s\u1ea5y d\u1ebbo xu\u1ea5t kh\u1ea9u ch\u1ea5t l\u01b0\u1ee3ng cao.<\/p>\n\n\n\n<p><em><strong>An Phong Import Export and Logistics Company Limited<\/strong><br><\/em><br><strong>Website:<\/strong>&nbsp;anphongcargo.com<\/p>\n\n\n\n<p><strong>Hotline:<\/strong>&nbsp;0978 195 057<\/p>\n\n\n\n<p><strong>Email:<\/strong>&nbsp;anphongcargo@gmail.com<\/p>","protected":false},"excerpt":{"rendered":"<p>Chu\u1ed1i s\u1ea5y d\u1ebbo l\u00e0 g\u00ec? L\u1ee3i \u00edch khi \u0103n chu\u1ed1i s\u1ea5y d\u1ebbo? Ng\u01b0\u1eddi Vi\u1ec7t Nam ch\u1eafc h\u1eb3n ai c\u0169ng \u0111\u00e3 bi\u1ebft \u0111\u1ebfn tr\u00e1i chu\u1ed1i. C\u0169ng \u0111\u00e3 qu\u00e1 quen thu\u1ed9c v\u1edbi vi\u1ec7c d\u00f9ng chu\u1ed1i t\u01b0\u01a1i l\u00e0m m\u00f3n tr\u00e1ng mi\u1ec7ng, m\u00f3n \u0103n v\u1eb7t&#8230; Chu\u1ed1i l\u00e0 m\u1ed9t lo\u1ea1i hoa qu\u1ea3 ngon ng\u1ecdt d\u1ec5 \u0103n v\u1eeba mang l\u1ea1i gi\u00e1 [&hellip;]<\/p>","protected":false},"author":2,"featured_media":0,"parent":0,"menu_order":0,"comment_status":"closed","ping_status":"closed","template":"","meta":{"footnotes":""},"class_list":["post-1890","page","type-page","status-publish","hentry"],"_links":{"self":[{"href":"https:\/\/anphongcargo.com\/en\/wp-json\/wp\/v2\/pages\/1890","targetHints":{"allow":["GET"]}}],"collection":[{"href":"https:\/\/anphongcargo.com\/en\/wp-json\/wp\/v2\/pages"}],"about":[{"href":"https:\/\/anphongcargo.com\/en\/wp-json\/wp\/v2\/types\/page"}],"author":[{"embeddable":true,"href":"https:\/\/anphongcargo.com\/en\/wp-json\/wp\/v2\/users\/2"}],"replies":[{"embeddable":true,"href":"https:\/\/anphongcargo.com\/en\/wp-json\/wp\/v2\/comments?post=1890"}],"version-history":[{"count":3,"href":"https:\/\/anphongcargo.com\/en\/wp-json\/wp\/v2\/pages\/1890\/revisions"}],"predecessor-version":[{"id":1916,"href":"https:\/\/anphongcargo.com\/en\/wp-json\/wp\/v2\/pages\/1890\/revisions\/1916"}],"wp:attachment":[{"href":"https:\/\/anphongcargo.com\/en\/wp-json\/wp\/v2\/media?parent=1890"}],"curies":[{"name":"wp","href":"https:\/\/api.w.org\/{rel}","templated":true}]}}