{"id":1892,"date":"2025-05-07T06:55:25","date_gmt":"2025-05-07T06:55:25","guid":{"rendered":"https:\/\/anphongcargo.com\/?page_id=1892"},"modified":"2025-05-08T03:38:45","modified_gmt":"2025-05-08T03:38:45","slug":"chuoi-snack","status":"publish","type":"page","link":"https:\/\/anphongcargo.com\/en\/chuoi-snack\/","title":{"rendered":"Chu\u1ed1i Snack"},"content":{"rendered":"<p>Tr\u1ebb con th\u00edch \u0103n v\u1eb7t, ng\u01b0\u1eddi l\u1edbn c\u0169ng t\u1eeb tr\u1ebb con ra n\u00ean c\u1ef1c th\u00edch \u0103n v\u1eb7t nh\u01b0ng \u0103n nh\u01b0 m\u00f3n n\u00e0o \u0111\u1ec3 b\u1ed5 d\u01b0\u1ee1ng m\u00e0 kh\u00f4ng h\u1ea1i s\u1ee9c kho\u1ebb? \u0110\u00f3 l\u00e0 tr\u0103n tr\u1edf c\u1ee7a h\u1ea7u h\u1ebft ch\u00fang ta v\u00e0 nh\u1eefng ng\u01b0\u1eddi l\u00e0m M\u1eb9. Nhi\u1ec1u khi con kh\u00f3c \u0111\u00f2i m\u00e0 kh\u00f4ng cho con \u0103n th\u00ec \u0111\u1ec3 con th\u00e8m m\u00ecnh th\u1ea5y th\u01b0\u01a1ng, cho con \u0103n v\u1eb7t th\u1ee9c \u0103n kh\u00f4ng \u0111\u1ea3m b\u1ea3o th\u01b0\u01a1ng s\u1ebd th\u00e0nh h\u1ea1i.<br>\u2618\ufe0fCho con \u0103n v\u1eb7t tho\u1ea3 th\u00edch m\u00e0 kh\u00f4ng s\u1ee3 t\u0103ng c\u00e2n v\u00ec \u0111\u00e3 c\u00f3 tinh b\u1ed9t kh\u00e1ng trong chu\u1ed1i xanh ki\u1ec3m so\u00e1t.<br>\u2618\ufe0f Kh\u00f4ng lo t\u00e1o b\u00f3n<br>\u2618\ufe0f T\u1ed1t cho h\u1ec7 ti\u00eau ho\u00e1<br>\u2618\ufe0f T\u0103ng c\u01b0\u1eddng s\u1ee9c kho\u1ebb tim m\u1ea1ch<\/p>\n\n\n\n<figure class=\"wp-block-image\"><img decoding=\"async\" src=\"https:\/\/cdn.tgdd.vn\/2020\/11\/CookProduct\/snack-chuoi-chin-thumbnail-1200x676.jpg\" alt=\"4 c\u00e1ch l\u00e0m snack chu\u1ed1i\"\/><\/figure>\n\n\n\n<p>Th\u00f4ng th\u01b0\u1eddng s\u1ebd c\u00f3 4 lo\u1ea1i Snack chu\u1ed1i<\/p>\n\n\n\n<h2 class=\"wp-block-heading\"><strong>1.<\/strong>&nbsp;Snack chu\u1ed1i ch\u00edn<\/h2>\n\n\n\n<figure class=\"wp-block-image\"><img decoding=\"async\" src=\"https:\/\/cdn.tgdd.vn\/2020\/07\/CookRecipe\/Avatar\/snack-chuoi-chin-thumbnail.jpg\" alt=\"Snack chu\u1ed1i ch\u00edn\"\/><\/figure>\n\n\n\n<p><\/p>\n\n\n\n<figure class=\"wp-block-image\"><img decoding=\"async\" src=\"https:\/\/cdn.tgdd.vn\/Files\/2020\/04\/26\/1252045\/2-cach-lam-snack-chuoi-thom-ngon-gion-tan-de-lam-c-12.jpg\" alt=\"Nguy\u00ean li\u1ec7u m\u00f3n \u0103n 4 c\u00e1ch l\u00e0m snack chu\u1ed1i\" title=\"Nguy\u00ean li\u1ec7u\"\/><\/figure>\n\n\n\n<h2 class=\"wp-block-heading\"><\/h2>\n\n\n\n<p><img decoding=\"async\" src=\"https:\/\/cdn.tgdd.vn\/Files\/2020\/04\/26\/1252045\/2-cach-lam-snack-chuoi-thom-ngon-gion-tan-de-lam-c-13.jpg\" alt=\"B\u01b0\u1edbc 1 S\u01a1 ch\u1ebf chu\u1ed1i Snack chu\u1ed1i ch\u00edn\"><img decoding=\"async\" src=\"https:\/\/cdn.tgdd.vn\/Files\/2020\/04\/26\/1252045\/2-cach-lam-snack-chuoi-thom-ngon-gion-tan-de-lam-c-16.jpg\" alt=\"B\u01b0\u1edbc 1 S\u01a1 ch\u1ebf chu\u1ed1i Snack chu\u1ed1i ch\u00edn\"><\/p>\n\n\n\n<h2 class=\"wp-block-heading\"><strong>2.<\/strong>&nbsp;Snack chu\u1ed1i m\u1eadt ong<\/h2>\n\n\n\n<figure class=\"wp-block-image\"><img decoding=\"async\" src=\"https:\/\/cdn.tgdd.vn\/2020\/11\/CookRecipe\/Avatar\/snack-chuoi-mat-ong-thumbnail-1.jpg\" alt=\"Snack chu\u1ed1i m\u1eadt ong\"\/><\/figure>\n\n\n\n<h2 class=\"wp-block-heading\"><\/h2>\n\n\n\n<figure class=\"wp-block-image\"><img decoding=\"async\" src=\"https:\/\/cdn.tgdd.vn\/2020\/11\/content\/chia4khongvien-800x450-10.jpg\" alt=\"Nguy\u00ean li\u1ec7u m\u00f3n \u0103n 4 c\u00e1ch l\u00e0m snack chu\u1ed1i\"\/><\/figure>\n\n\n\n<h2 class=\"wp-block-heading\"><strong>3.<\/strong>&nbsp;Snack chu\u1ed1i ph\u00f4 mai<\/h2>\n\n\n\n<figure class=\"wp-block-image\"><img decoding=\"async\" src=\"https:\/\/cdn.tgdd.vn\/2020\/11\/CookRecipe\/Avatar\/snack-chuoi-pho-mai-thumbnail-1.jpg\" alt=\"Snack chu\u1ed1i ph\u00f4 mai\"\/><\/figure>\n\n\n\n<h2 class=\"wp-block-heading\"><strong>4.<\/strong>&nbsp;Snack chu\u1ed1i chi\u00ean m\u00e8<\/h2>\n\n\n\n<figure class=\"wp-block-image\"><img decoding=\"async\" src=\"https:\/\/cdn.tgdd.vn\/2020\/11\/CookRecipe\/Avatar\/snack-chuoi-chien-me-thumbnail-1.jpg\" alt=\"Snack chu\u1ed1i chi\u00ean m\u00e8\"\/><\/figure>\n\n\n\n<p>\u00a0<\/p>\n\n\n\n<h2 class=\"wp-block-heading\"><\/h2>\n\n\n\n<figure class=\"wp-block-image\"><img decoding=\"async\" src=\"https:\/\/cdn.tgdd.vn\/2020\/11\/content\/chia2khongvien-800x450-2.jpg\" alt=\"Nguy\u00ean li\u1ec7u m\u00f3n \u0103n 4 c\u00e1ch l\u00e0m snack chu\u1ed1i\"\/><\/figure>\n\n\n\n<p><strong>Contact Us:<\/strong><\/p>\n\n\n\n<p>H\u00e3y li\u00ean h\u1ec7 ngay v\u1edbi <strong>C\u00f4ng Ty TNHH Xu\u1ea5t Nh\u1eadp Kh\u1ea9u v\u00e0 Logistics An Phong<\/strong> \u0111\u1ec3 \u0111\u01b0\u1ee3c t\u01b0 v\u1ea5n v\u00e0 \u0111\u1eb7t h\u00e0ng s\u1ea3n ph\u1ea9m Chu\u1ed1i snack xu\u1ea5t kh\u1ea9u ch\u1ea5t l\u01b0\u1ee3ng cao.<\/p>\n\n\n\n<p><em><strong>An Phong Import Export and Logistics Company Limited<\/strong><br><\/em><br><strong>Website:<\/strong>&nbsp;anphongcargo.com<\/p>\n\n\n\n<p><strong>Hotline:<\/strong>&nbsp;0978 195 057<\/p>\n\n\n\n<p><strong>Email:<\/strong>&nbsp;anphongcargo@gmail.com<\/p>","protected":false},"excerpt":{"rendered":"<p>Tr\u1ebb con th\u00edch \u0103n v\u1eb7t, ng\u01b0\u1eddi l\u1edbn c\u0169ng t\u1eeb tr\u1ebb con ra n\u00ean c\u1ef1c th\u00edch \u0103n v\u1eb7t nh\u01b0ng \u0103n nh\u01b0 m\u00f3n n\u00e0o \u0111\u1ec3 b\u1ed5 d\u01b0\u1ee1ng m\u00e0 kh\u00f4ng h\u1ea1i s\u1ee9c kho\u1ebb? \u0110\u00f3 l\u00e0 tr\u0103n tr\u1edf c\u1ee7a h\u1ea7u h\u1ebft ch\u00fang ta v\u00e0 nh\u1eefng ng\u01b0\u1eddi l\u00e0m M\u1eb9. Nhi\u1ec1u khi con kh\u00f3c \u0111\u00f2i m\u00e0 kh\u00f4ng cho con \u0103n th\u00ec [&hellip;]<\/p>","protected":false},"author":2,"featured_media":0,"parent":0,"menu_order":0,"comment_status":"closed","ping_status":"closed","template":"","meta":{"footnotes":""},"class_list":["post-1892","page","type-page","status-publish","hentry"],"_links":{"self":[{"href":"https:\/\/anphongcargo.com\/en\/wp-json\/wp\/v2\/pages\/1892","targetHints":{"allow":["GET"]}}],"collection":[{"href":"https:\/\/anphongcargo.com\/en\/wp-json\/wp\/v2\/pages"}],"about":[{"href":"https:\/\/anphongcargo.com\/en\/wp-json\/wp\/v2\/types\/page"}],"author":[{"embeddable":true,"href":"https:\/\/anphongcargo.com\/en\/wp-json\/wp\/v2\/users\/2"}],"replies":[{"embeddable":true,"href":"https:\/\/anphongcargo.com\/en\/wp-json\/wp\/v2\/comments?post=1892"}],"version-history":[{"count":3,"href":"https:\/\/anphongcargo.com\/en\/wp-json\/wp\/v2\/pages\/1892\/revisions"}],"predecessor-version":[{"id":1918,"href":"https:\/\/anphongcargo.com\/en\/wp-json\/wp\/v2\/pages\/1892\/revisions\/1918"}],"wp:attachment":[{"href":"https:\/\/anphongcargo.com\/en\/wp-json\/wp\/v2\/media?parent=1892"}],"curies":[{"name":"wp","href":"https:\/\/api.w.org\/{rel}","templated":true}]}}