{"id":1919,"date":"2025-05-08T04:11:54","date_gmt":"2025-05-08T04:11:54","guid":{"rendered":"https:\/\/anphongcargo.com\/?page_id=1919"},"modified":"2025-05-08T04:11:54","modified_gmt":"2025-05-08T04:11:54","slug":"qua-xoai-tuoi","status":"publish","type":"page","link":"https:\/\/anphongcargo.com\/en\/qua-xoai-tuoi\/","title":{"rendered":"Qu\u1ea3 xo\u00e0i t\u01b0\u01a1i"},"content":{"rendered":"<h1 class=\"wp-block-heading\">Qu\u1ea3 xo\u00e0i v\u00e0 8 l\u1ee3i \u00edch s\u1ee9c kh\u1ecfe kh\u00f4ng th\u1ec3 b\u1ecf qua<\/h1>\n\n\n\n<p>Qu\u1ea3 xo\u00e0i v\u1edbi v\u1ecb ng\u1ecdt thanh v\u00e0 h\u01b0\u01a1ng th\u01a1m \u0111\u1eb7c tr\u01b0ng \u0111\u01b0\u1ee3c m\u1ec7nh danh l\u00e0 vua tr\u00e1i c\u00e2y mi\u1ec1n nhi\u1ec7t \u0111\u1edbi. Trong th\u00e0nh ph\u1ea7n c\u1ee7a th\u1ee9c qu\u1ea3 n\u00e0y c\u00f3 nhi\u1ec1u d\u01b0\u1ee1ng ch\u1ea5t t\u1ed1t cho h\u1ec7 mi\u1ec5n d\u1ecbch, gi\u00fap ph\u00f2ng ng\u1eeba nguy c\u01a1 m\u1eafc m\u1ed9t s\u1ed1 b\u1ec7nh l\u00fd. N\u1ebfu b\u1ea1n c\u00f2n ch\u01b0a bi\u1ebft nhi\u1ec1u v\u1ec1 l\u1ee3i \u00edch c\u1ee7a qu\u1ea3 xo\u00e0i th\u00ec kh\u00f4ng n\u00ean b\u1ecf qua nh\u1eefng th\u00f4ng tin sau \u0111\u00e2y.<\/p>\n\n\n\n<h2 class=\"wp-block-heading\">1. M\u1ed9t s\u1ed1 \u0111\u1eb7c \u0111i\u1ec3m kh\u00e1i qu\u00e1t v\u1ec1 c\u00e2y xo\u00e0i v\u00e0 qu\u1ea3 xo\u00e0i<\/h2>\n\n\n\n<p>Xo\u00e0i l\u00e0 lo\u1ea1i tr\u00e1i c\u00e2y nhi\u1ec7t \u0111\u1edbi c\u00f3 m\u1eb7t \u1edf nhi\u1ec1u n\u01b0\u1edbc tr\u00ean th\u1ebf gi\u1edbi, nh\u1ea5t l\u00e0 Th\u00e1i Lan, \u1ea4n \u0110\u1ed9 v\u00e0 Vi\u1ec7t Nam. C\u00f3 r\u1ea5t nhi\u1ec1u gi\u1ed1ng xo\u00e0i kh\u00e1c nhau, m\u1ed7i gi\u1ed1ng c\u00f3 nh\u1eefng \u0111\u1eb7c \u0111i\u1ec3m ri\u00eang bi\u1ec7t v\u1ec1 h\u00ecnh d\u00e1ng, m\u00e0u s\u1eafc v\u00e0 h\u01b0\u01a1ng v\u1ecb:<\/p>\n\n\n\n<p>&#8211; Xo\u00e0i c\u00e1t H\u00f2a L\u1ed9c: v\u1ecb ng\u1ecdt \u0111\u1eadm, th\u1ecbt d\u00e0y v\u00e0 \u00edt x\u01a1.<\/p>\n\n\n\n<p>&#8211; Xo\u00e0i keo: h\u01a1i chua nh\u1eb9, th\u1ecbt gi\u00f2n.<\/p>\n\n\n\n<p>&#8211; Xo\u00e0i t\u1ee9 qu\u00fd: k\u00edch th\u01b0\u1edbc l\u1edbn, v\u1ecb ng\u1ecdt v\u1eeba, th\u1ecbt gi\u00f2n khi xanh v\u00e0 m\u1ec1m khi ch\u00edn.<\/p>\n\n\n\n<p><strong>Qu\u1ea3 xo\u00e0i <\/strong>gi\u00e0u ch\u1ea5t ch\u1ed1ng oxy h\u00f3a, ch\u1ea5t x\u01a1, vitamin v\u00e0 kho\u00e1ng ch\u1ea5t quan tr\u1ecdng nh\u01b0: vitamin C, A, E, kali,&#8230;\u00a0<\/p>\n\n\n\n<figure class=\"wp-block-image\"><img decoding=\"async\" src=\"https:\/\/medlatec.vn\/media\/30297\/file\/qua-xoai-1.jpg\" alt=\"Qu\u1ea3 xo\u00e0i c\u00f3 nhi\u1ec1u th\u00e0nh ph\u1ea7n dinh d\u01b0\u1ee1ng c\u00f3 l\u1ee3i cho s\u1ee9c kh\u1ecfe\"\/><\/figure>\n\n\n\n<p><em>Qu\u1ea3 xo\u00e0i c\u00f3 nhi\u1ec1u th\u00e0nh ph\u1ea7n dinh d\u01b0\u1ee1ng c\u00f3 l\u1ee3i cho s\u1ee9c kh\u1ecfe<\/em><\/p>\n\n\n\n<h2 class=\"wp-block-heading\">2. 8 l\u1ee3i \u00edch s\u1ee9c kh\u1ecfe kh\u00f4ng th\u1ec3 b\u1ecf qua c\u1ee7a qu\u1ea3 xo\u00e0i<\/h2>\n\n\n\n<h3 class=\"wp-block-heading\">2.1. N\u00e2ng cao mi\u1ec5n d\u1ecbch<\/h3>\n\n\n\n<p><strong>Qu\u1ea3 xo\u00e0i<\/strong> gi\u00e0u vitamin C &#8211; th\u00e0nh ph\u1ea7n quan tr\u1ecdng \u0111\u1ec3 t\u0103ng c\u01b0\u1eddng h\u1ec7 mi\u1ec5n d\u1ecbch. Vitamin C \u0111\u00f3ng vai tr\u00f2 nh\u01b0 ch\u1ea5t ch\u1ed1ng oxy h\u00f3a gi\u00fap c\u01a1 th\u1ec3 \u0111\u01b0\u1ee3c b\u1ea3o v\u1ec7 tr\u01b0\u1edbc vi khu\u1ea9n, virus,&#8230; V\u00ec th\u1ebf, b\u1ed5 sung xo\u00e0i v\u00e0o ch\u1ebf \u0111\u1ed9 \u0103n c\u00f3 th\u1ec3 t\u1ea1o h\u00e0ng r\u00e0o b\u1ea3o v\u1ec7 c\u01a1 th\u1ec3 tr\u01b0\u1edbc nguy c\u01a1 m\u1eafc b\u1ec7nh l\u00fd nhi\u1ec5m tr\u00f9ng.<\/p>\n\n\n\n<h3 class=\"wp-block-heading\">2.2. C\u1ea3i thi\u1ec7n ti\u00eau h\u00f3a<\/h3>\n\n\n\n<p>H\u00e0m l\u01b0\u1ee3ng ch\u1ea5t x\u01a1 trong qu\u1ea3 xo\u00e0i kh\u00f4ng ch\u1ec9 gi\u00fap th\u1ee9c \u0103n di chuy\u1ec3n trong h\u1ec7 ti\u00eau h\u00f3a m\u1ed9t c\u00e1ch d\u1ec5 d\u00e0ng m\u00e0 c\u00f2n ng\u0103n ng\u1eeba t\u00e1o b\u00f3n v\u00e0 c\u00e1c v\u1ea5n \u0111\u1ec1 ti\u00eau h\u00f3a kh\u00e1c. Xo\u00e0i c\u00f2n ch\u1ee9a enzyme amylase gi\u00fap ph\u00e2n h\u1ee7y carbohydrate th\u00e0nh \u0111\u01b0\u1eddng \u0111\u01a1n \u0111\u1ec3 c\u01a1 th\u1ec3 h\u1ea5p th\u1ee5 m\u1ed9t c\u00e1ch d\u1ec5 d\u00e0ng.<\/p>\n\n\n\n<h3 class=\"wp-block-heading\">2.3. H\u1ed7 tr\u1ee3 gi\u1ea3m c\u00e2n<\/h3>\n\n\n\n<p>M\u1eb7c d\u00f9 xo\u00e0i c\u00f3 v\u1ecb ng\u1ecdt t\u1ef1 nhi\u00ean nh\u01b0ng \u0111\u00e2y l\u1ea1i l\u00e0 tr\u00e1i c\u00e2y gi\u00e0u ch\u1ea5t x\u01a1, \u00edt calo. Ch\u1ea5t x\u01a1 trong qu\u1ea3 xo\u00e0i t\u1ea1o c\u1ea3m gi\u00e1c no l\u00e2u, gi\u1ea3m c\u1ea3m gi\u00e1c th\u00e8m \u0103n \u0111\u1ec3 qu\u00e1 tr\u00ecnh gi\u1ea3m c\u00e2n tr\u1edf n\u00ean hi\u1ec7u qu\u1ea3. Xo\u00e0i c\u0169ng cung c\u1ea5p n\u0103ng l\u01b0\u1ee3ng v\u00e0 ngu\u1ed3n dinh d\u01b0\u1ee1ng c\u1ea7n thi\u1ebft m\u00e0 kh\u00f4ng ph\u1ea3i lo l\u1eafng v\u1ec1 s\u1ef1 gia t\u0103ng l\u01b0\u1ee3ng calo n\u1ea1p v\u00e0o c\u01a1 th\u1ec3.<\/p>\n\n\n\n<h3 class=\"wp-block-heading\">2.4. L\u00e0m \u0111\u1eb9p da<\/h3>\n\n\n\n<p>Trong th\u00e0nh ph\u1ea7n c\u1ee7a qu\u1ea3 xo\u00e0i ch\u1ee9a vitamin C, E v\u00e0 ch\u1ea5t ch\u1ed1ng oxy h\u00f3a r\u1ea5t t\u1ed1t cho v\u1ebb \u0111\u1eb9p c\u1ee7a l\u00e0n da. \u0110\u00e2y l\u00e0 nh\u1eefng y\u1ebfu t\u1ed1 gi\u00fap ng\u0103n ng\u1eeba h\u00ecnh th\u00e0nh g\u1ed1c t\u1ef1 do, l\u00e3o h\u00f3a v\u00e0 v\u1ebft nh\u0103n tr\u00ean da.&nbsp;<\/p>\n\n\n\n<p>Xo\u00e0i c\u00f2n ch\u1ee9a ti\u1ec1n ch\u1ea5t c\u1ee7a vitamin A l\u00e0 beta-carotene c\u00f3 t\u00e1c d\u1ee5ng c\u1ea3i thi\u1ec7n \u0111\u1ed9 \u0111\u00e0n h\u1ed3i c\u1ee7a da, l\u00e0m cho da m\u1ecbn v\u00e0 t\u01b0\u01a1i s\u00e1ng h\u01a1n.<\/p>\n\n\n\n<figure class=\"wp-block-image\"><img decoding=\"async\" src=\"https:\/\/medlatec.vn\/media\/30298\/file\/qua-xoai-2.jpg\" alt=\"M\u1eb7t n\u1ea1 xo\u00e0i c\u00f3 th\u1ec3 tr\u1ecb m\u1ee5n, l\u00e0m s\u00e1ng da\"\/><\/figure>\n\n\n\n<p><em>M\u1eb7t n\u1ea1 xo\u00e0i c\u00f3 th\u1ec3 tr\u1ecb m\u1ee5n, l\u00e0m s\u00e1ng da<\/em><\/p>\n\n\n\n<h3 class=\"wp-block-heading\">2.5. T\u1ed1t cho tim m\u1ea1ch<\/h3>\n\n\n\n<p>C\u00e1c kho\u00e1ng ch\u1ea5t nh\u01b0 kali, magie trong qu\u1ea3 xo\u00e0i gi\u00fap \u0111i\u1ec1u h\u00f2a huy\u1ebft \u00e1p v\u00e0 \u1ed5n \u0111\u1ecbnh s\u1ee9c kh\u1ecfe tim m\u1ea1ch. Kali l\u00e0 kho\u00e1ng ch\u1ea5t c\u00f3 vai tr\u00f2 \u0111i\u1ec1u ch\u1ec9nh c\u00e2n b\u1eb1ng l\u01b0\u1ee3ng n\u01b0\u1edbc v\u00e0 \u0111i\u1ec7n gi\u1ea3i trong c\u01a1 th\u1ec3. Magie c\u00f3 vai tr\u00f2 th\u01b0 gi\u00e3n, gi\u1ea3m c\u0103ng c\u01a1. Ch\u1ea5t x\u01a1 trong xo\u00e0i c\u00f2n c\u00f3 th\u1ec3 gi\u1ea3m h\u00e0m l\u01b0\u1ee3ng cholesterol LDL trong m\u00e1u \u0111\u1ec3 ng\u0103n ng\u1eeba nguy c\u01a1 m\u1eafc b\u1ec7nh l\u00fd tim m\u1ea1ch.<\/p>\n\n\n\n<h3 class=\"wp-block-heading\">2.6. Ph\u00f2ng ng\u1eeba ung th\u01b0<\/h3>\n\n\n\n<p>C\u00e1c ch\u1ea5t ch\u1ed1ng oxy h\u00f3a trong qu\u1ea3 xo\u00e0i nh\u01b0 quercetin, fisetin, axit gallic v\u00e0 methyl gallate gi\u00fap ng\u0103n ng\u1eeba s\u1ef1 ph\u00e1t tri\u1ec3n c\u1ee7a t\u1ebf b\u00e0o ung th\u01b0. Nh\u1eefng ch\u1ea5t n\u00e0y c\u00f3 th\u1ec3 gi\u00fap b\u1ea3o v\u1ec7 t\u1ebf b\u00e0o kh\u1ecfi t\u1ed5n th\u01b0\u01a1ng do g\u1ed1c t\u1ef1 do, t\u1eeb \u0111\u00f3 gi\u1ea3m nguy c\u01a1 m\u1eafc ung th\u01b0 v\u00fa, ung th\u01b0 ru\u1ed9t k\u1ebft, ung th\u01b0 ti\u1ec1n li\u1ec7t tuy\u1ebfn.<\/p>\n\n\n\n<h3 class=\"wp-block-heading\">2.7. H\u1ed7 tr\u1ee3 ch\u1ee9c n\u0103ng n\u00e3o<\/h3>\n\n\n\n<p><strong>Qu\u1ea3 xo\u00e0i<\/strong> cung c\u1ea5p vitamin B6 &#8211; ch\u1ea5t c\u1ea7n cho ch\u1ee9c n\u0103ng n\u00e3o b\u1ed9 v\u00e0 h\u1ec7 th\u1ea7n kinh. Vitamin B6 gi\u00fap duy tr\u00ec ch\u1ee9c n\u0103ng b\u00ecnh th\u01b0\u1eddng c\u1ee7a n\u00e3o v\u00e0 c\u1ea3i thi\u1ec7n t\u00e2m tr\u1ea1ng, h\u1ed7 tr\u1ee3 qu\u00e1 tr\u00ecnh s\u1ea3n xu\u1ea5t ch\u1ea5t d\u1eabn truy\u1ec1n th\u1ea7n kinh l\u00e0 serotonin v\u00e0 dopamine. B\u1ed5 sung xo\u00e0i v\u00e0o ch\u1ebf \u0111\u1ed9 \u0103n u\u1ed1ng h\u00e0ng ng\u00e0y c\u00f3 th\u1ec3 gi\u00fap c\u1ea3i thi\u1ec7n tr\u00ed nh\u1edb v\u00e0 t\u0103ng c\u01b0\u1eddng kh\u1ea3 n\u0103ng t\u1eadp trung.<\/p>\n\n\n\n<h3 class=\"wp-block-heading\">2.8. Ki\u1ec3m so\u00e1t ti\u1ec3u \u0111\u01b0\u1eddng<\/h3>\n\n\n\n<p>M\u1eb7c d\u00f9 xo\u00e0i c\u00f3 v\u1ecb ng\u1ecdt nh\u01b0ng \u0111\u00e2y l\u1ea1i l\u00e0 tr\u00e1i c\u00e2y c\u00f3 ch\u1ec9 s\u1ed1 \u0111\u01b0\u1eddng huy\u1ebft th\u1ea5p. \u0110i\u1ec1u n\u00e0y c\u00f3 ngh\u0129a l\u00e0 nguy c\u01a1 l\u00e0m t\u0103ng \u0111\u01b0\u1eddng huy\u1ebft sau \u0103n c\u1ee7a qu\u1ea3 xo\u00e0i r\u1ea5t th\u1ea5p. H\u01a1n n\u1eefa, ch\u1ea5t x\u01a1 trong qu\u1ea3 xo\u00e0i c\u00f2n l\u00e0m ch\u1eadm qu\u00e1 tr\u00ecnh ti\u00eau h\u00f3a v\u00e0 h\u1ea5p th\u1ee5 \u0111\u01b0\u1eddng. \u0110\u1ed1i v\u1edbi ng\u01b0\u1eddi c\u00f3 nguy c\u01a1 ho\u1eb7c \u0111ang m\u1eafc b\u1ec7nh ti\u1ec3u \u0111\u01b0\u1eddng th\u00ec \u0111\u00e2y l\u00e0 m\u1ed9t l\u1ef1a ch\u1ecdn kh\u00e1 t\u1ed1t.<\/p>\n\n\n\n<h2 class=\"wp-block-heading\">3. C\u00e1ch s\u1eed d\u1ee5ng qu\u1ea3 xo\u00e0i trong ch\u1ebf \u0111\u1ed9 dinh d\u01b0\u1ee1ng th\u01b0\u1eddng ng\u00e0y<\/h2>\n\n\n\n<figure class=\"wp-block-image\"><img decoding=\"async\" src=\"https:\/\/medlatec.vn\/media\/30302\/file\/qua-xoai-3.jpg\" alt=\"X\u00f4i xo\u00e0i - m\u00f3n \u0103n l\u1ea1 mi\u1ec7ng, k\u00edch th\u00edch v\u1ecb gi\u00e1c\"\/><\/figure>\n\n\n\n<p><em>X\u00f4i xo\u00e0i &#8211; m\u00f3n \u0103n l\u1ea1 mi\u1ec7ng, k\u00edch th\u00edch v\u1ecb gi\u00e1c<\/em><\/p>\n\n\n\n<p>\u0110\u1ec3 t\u1eadn d\u1ee5ng t\u1ed1i \u0111a nh\u1eefng l\u1ee3i \u00edch t\u1eeb<strong> qu\u1ea3 xo\u00e0i<\/strong>, b\u1ea1n c\u00f3 th\u1ec3 s\u1eed d\u1ee5ng tr\u00e1i c\u00e2y n\u00e0y theo c\u00e1ch:<\/p>\n\n\n\n<p>&#8211; \u0102n tr\u1ef1c ti\u1ebfp<\/p>\n\n\n\n<p>Ch\u1ec9 c\u1ea7n g\u1ecdt b\u1ecf v\u1ecf c\u1ee7a qu\u1ea3 xo\u00e0i r\u1ed3i c\u1eaft th\u00e0nh t\u1eebng mi\u1ebfng \u0111\u1ec3 \u0103n. \u0110\u00e2y l\u00e0 c\u00e1ch \u0111\u01a1n gi\u1ea3n nh\u1ea5t \u0111\u1ec3 b\u1ea1n th\u01b0\u1edfng th\u1ee9c h\u01b0\u01a1ng v\u1ecb th\u01a1m ngon t\u1eeb qu\u1ea3 xo\u00e0i.<\/p>\n\n\n\n<p>&#8211; \u00c9p n\u01b0\u1edbc<\/p>\n\n\n\n<p>N\u01b0\u1edbc \u00e9p xo\u00e0i l\u00e0 m\u1ed9t th\u1ee9c u\u1ed1ng gi\u1ea3i kh\u00e1t tuy\u1ec7t v\u1eddi trong nh\u1eefng ng\u00e0y h\u00e8 n\u00f3ng b\u1ee9c. B\u1ea1n ch\u1ec9 c\u1ea7n xay nhuy\u1ec5n xo\u00e0i c\u00f9ng ch\u00fat n\u01b0\u1edbc v\u00e0 \u0111\u01b0\u1eddng (n\u1ebfu mu\u1ed1n t\u0103ng \u0111\u1ed9 ng\u1ecdt), sau \u0111\u00f3 l\u1ecdc qua r\u00e2y \u0111\u1ec3 l\u1ea5y n\u01b0\u1edbc u\u1ed1ng.<\/p>\n\n\n\n<p>&#8211; Sinh t\u1ed1 xo\u00e0i<\/p>\n\n\n\n<p>Sinh t\u1ed1 xo\u00e0i k\u1ebft h\u1ee3p v\u1edbi s\u1eefa chua, s\u1eefa t\u01b0\u01a1i ho\u1eb7c c\u00e1c lo\u1ea1i tr\u00e1i c\u00e2y kh\u00e1c l\u00e0 m\u1ed9t b\u1eefa s\u00e1ng ho\u1eb7c b\u1eefa ph\u1ee5 th\u01a1m ngon, gi\u00e0u dinh d\u01b0\u1ee1ng.<\/p>\n\n\n\n<p>&#8211; M\u00f3n tr\u00e1ng mi\u1ec7ng<\/p>\n\n\n\n<p>Xo\u00e0i c\u00f3 th\u1ec3 \u0111\u01b0\u1ee3c s\u1eed d\u1ee5ng \u0111\u1ec3 l\u00e0m nhi\u1ec1u m\u00f3n tr\u00e1ng mi\u1ec7ng h\u1ea5p d\u1eabn nh\u01b0 b\u00e1nh xo\u00e0i, kem xo\u00e0i, ho\u1eb7c ch\u00e8 xo\u00e0i.<\/p>\n\n\n\n<p>&#8211; N\u1ea5u \u0103n<\/p>\n\n\n\n<p>Xo\u00e0i c\u0169ng c\u00f3 th\u1ec3 d\u00f9ng k\u00e8m v\u00e0o c\u00e1c m\u00f3n \u0103n m\u1eb7n \u0111\u1ec3 k\u00edch th\u00edch v\u1ecb gi\u00e1c nh\u01b0: c\u00e1 s\u1ed1t xo\u00e0i, g\u1ecfi xo\u00e0i, salad, n\u1ed9m,&#8230;<\/p>\n\n\n\n<h2 class=\"wp-block-heading\">4. \u0102n nhi\u1ec1u xo\u00e0i c\u00f3 th\u1ec3 ti\u1ec1m \u1ea9n m\u1ed9t s\u1ed1 m\u1ed1i nguy h\u1ea1i&nbsp;<\/h2>\n\n\n\n<p><strong>Qu\u1ea3 xo\u00e0i<\/strong> gi\u00e0u carbohydrate n\u00ean \u0103n qu\u00e1 nhi\u1ec1u c\u00f3 th\u1ec3 g\u00e2y ra m\u1ed9t s\u1ed1 v\u1ea5n \u0111\u1ec1 v\u1ec1 ti\u00eau h\u00f3a nh\u01b0: \u0111\u1ea7y b\u1ee5ng, tr\u00e0o ng\u01b0\u1ee3c d\u1ea1 d\u00e0y, bu\u1ed3n n\u00f4n, n\u00f4n,\u2026 N\u1ebfu g\u1eb7p ph\u1ea3i nh\u1eefng v\u1ea5n \u0111\u1ec1 n\u00e0y th\u00ec n\u00ean h\u1ea1n ch\u1ebf \u0103n xo\u00e0i.\u00a0<\/p>\n\n\n\n<p>\u0102n qu\u00e1 nhi\u1ec1u xo\u00e0i c\u00f2n ti\u1ec1m \u1ea9n nguy c\u01a1 t\u0103ng \u0111\u01b0\u1eddng huy\u1ebft do \u0111\u00e2y l\u00e0 tr\u00e1i c\u00e2y c\u00f3 h\u00e0m l\u01b0\u1ee3ng carbohydrate v\u00e0 \u0111\u01b0\u1eddng t\u1ef1 nhi\u00ean cao. D\u00f9 vi\u1ec7c ti\u00eau th\u1ee5 tr\u00e1i c\u00e2y gi\u00e0u ch\u1ea5t x\u01a1 nh\u01b0 qu\u1ea3 xo\u00e0i khi\u1ebfn \u0111\u01b0\u1eddng huy\u1ebft t\u0103ng ch\u1eadm nh\u01b0ng sau khi g\u1ecdt v\u1ecf, h\u00e0m l\u01b0\u1ee3ng ch\u1ea5t x\u01a1 \u0111\u00e3 b\u1ecb gi\u1ea3m b\u1edbt, n\u1ebfu \u0103n qu\u00e1 nhi\u1ec1u xo\u00e0i v\u1eabn c\u00f3 th\u1ec3 l\u00e0m t\u0103ng \u0111\u01b0\u1eddng huy\u1ebft \u0111\u1ed9t ng\u1ed9t.&nbsp;<\/p>\n\n\n\n<p>C\u00f3 th\u1ec3 ch\u1ebf bi\u1ebfn <strong>qu\u1ea3 xo\u00e0i<\/strong> theo nhi\u1ec1u c\u00e1ch kh\u00e1c nhau \u0111\u1ec3 c\u1ea3i thi\u1ec7n kh\u1ea9u v\u1ecb m\u00e0 v\u1eabn khai th\u00e1c \u0111\u01b0\u1ee3c nh\u1eefng gi\u00e1 tr\u1ecb dinh d\u01b0\u1ee1ng v\u1ed1n c\u00f3. Tuy nhi\u00ean, h\u00e3y nh\u1edb s\u1eed d\u1ee5ng xo\u00e0i m\u1ed9t c\u00e1ch h\u1ee3p l\u00fd v\u00e0 l\u01b0u \u00fd c\u00e1c b\u1ec7nh l\u00fd \u0111\u1eb7c bi\u1ec7t \u0111\u1ec3 vi\u1ec7c s\u1eed d\u1ee5ng lo\u1ea1i tr\u00e1i c\u00e2y n\u00e0y tr\u1edf th\u00e0nh tr\u1ea3i nghi\u1ec7m t\u1ed1t cho s\u1ee9c kh\u1ecfe.<\/p>\n\n\n\n<p>H\u00e3y li\u00ean h\u1ec7 ngay v\u1edbi <strong>C\u00f4ng Ty TNHH Xu\u1ea5t Nh\u1eadp Kh\u1ea9u v\u00e0 Logistics An Phong<\/strong> \u0111\u1ec3 \u0111\u01b0\u1ee3c t\u01b0 v\u1ea5n v\u00e0 \u0111\u1eb7t h\u00e0ng s\u1ea3n ph\u1ea9m xo\u00e0i xu\u1ea5t kh\u1ea9u ch\u1ea5t l\u01b0\u1ee3ng cao.<\/p>\n\n\n\n<p><em><strong>An Phong Import Export and Logistics Company Limited<\/strong><br><\/em><br><strong>Website:<\/strong>&nbsp;anphongcargo.com<\/p>\n\n\n\n<p><strong>Hotline:<\/strong>&nbsp;0978 195 057<\/p>\n\n\n\n<p><strong>Email:<\/strong>&nbsp;anphongcargo@gmail.com<\/p>","protected":false},"excerpt":{"rendered":"<p>Qu\u1ea3 xo\u00e0i v\u00e0 8 l\u1ee3i \u00edch s\u1ee9c kh\u1ecfe kh\u00f4ng th\u1ec3 b\u1ecf qua Qu\u1ea3 xo\u00e0i v\u1edbi v\u1ecb ng\u1ecdt thanh v\u00e0 h\u01b0\u01a1ng th\u01a1m \u0111\u1eb7c tr\u01b0ng \u0111\u01b0\u1ee3c m\u1ec7nh danh l\u00e0 vua tr\u00e1i c\u00e2y mi\u1ec1n nhi\u1ec7t \u0111\u1edbi. Trong th\u00e0nh ph\u1ea7n c\u1ee7a th\u1ee9c qu\u1ea3 n\u00e0y c\u00f3 nhi\u1ec1u d\u01b0\u1ee1ng ch\u1ea5t t\u1ed1t cho h\u1ec7 mi\u1ec5n d\u1ecbch, gi\u00fap ph\u00f2ng ng\u1eeba nguy c\u01a1 m\u1eafc [&hellip;]<\/p>","protected":false},"author":2,"featured_media":0,"parent":0,"menu_order":0,"comment_status":"closed","ping_status":"closed","template":"","meta":{"footnotes":""},"class_list":["post-1919","page","type-page","status-publish","hentry"],"_links":{"self":[{"href":"https:\/\/anphongcargo.com\/en\/wp-json\/wp\/v2\/pages\/1919","targetHints":{"allow":["GET"]}}],"collection":[{"href":"https:\/\/anphongcargo.com\/en\/wp-json\/wp\/v2\/pages"}],"about":[{"href":"https:\/\/anphongcargo.com\/en\/wp-json\/wp\/v2\/types\/page"}],"author":[{"embeddable":true,"href":"https:\/\/anphongcargo.com\/en\/wp-json\/wp\/v2\/users\/2"}],"replies":[{"embeddable":true,"href":"https:\/\/anphongcargo.com\/en\/wp-json\/wp\/v2\/comments?post=1919"}],"version-history":[{"count":1,"href":"https:\/\/anphongcargo.com\/en\/wp-json\/wp\/v2\/pages\/1919\/revisions"}],"predecessor-version":[{"id":1920,"href":"https:\/\/anphongcargo.com\/en\/wp-json\/wp\/v2\/pages\/1919\/revisions\/1920"}],"wp:attachment":[{"href":"https:\/\/anphongcargo.com\/en\/wp-json\/wp\/v2\/media?parent=1919"}],"curies":[{"name":"wp","href":"https:\/\/api.w.org\/{rel}","templated":true}]}}