{"id":2007,"date":"2025-05-17T04:19:01","date_gmt":"2025-05-17T04:19:01","guid":{"rendered":"https:\/\/anphongcargo.com\/?page_id=2007"},"modified":"2025-05-20T07:52:32","modified_gmt":"2025-05-20T07:52:32","slug":"hat-dieu-rang-muoi","status":"publish","type":"page","link":"https:\/\/anphongcargo.com\/en\/hat-dieu-rang-muoi\/","title":{"rendered":"H\u1ea1t \u0111i\u1ec1u rang mu\u1ed1i"},"content":{"rendered":"<h2 class=\"wp-block-heading\">T\u00c1C D\u1ee4NG C\u1ee6A H\u1ea0T \u0110I\u1ec0U RANG MU\u1ed0I KHI \u0102N \u0110\u00daNG C\u00c1CH<\/h2>\n\n\n\n<p>H\u1ea1t \u0111i\u1ec1u rang mu\u1ed1i l\u00e0 m\u00f3n \u0103n v\u1eb7t quen thu\u1ed9c \u0111\u01b0\u1ee3c nhi\u1ec1u ng\u01b0\u1eddi y\u00eau th\u00edch b\u1edfi h\u01b0\u01a1ng v\u1ecb th\u01a1m ngon v\u00e0 gi\u00e1 tr\u1ecb dinh d\u01b0\u1ee1ng cao. Tuy nhi\u00ean, kh\u00f4ng ph\u1ea3i ai c\u0169ng bi\u1ebft c\u00e1ch \u0103n h\u1ea1t \u0111i\u1ec1u rang mu\u1ed1i \u0111\u00fang c\u00e1ch \u0111\u1ec3 mang l\u1ea1i l\u1ee3i \u00edch t\u1ed1i \u01b0u cho s\u1ee9c kh\u1ecfe. B\u00e0i vi\u1ebft n\u00e0y s\u1ebd cung c\u1ea5p cho b\u1ea1n nh\u1eefng th\u00f4ng tin v\u1ec1 t\u00e1c d\u1ee5ng c\u1ee7a h\u1ea1t \u0111i\u1ec1u rang mu\u1ed1i khi \u0103n \u0111\u00fang c\u00e1ch, gi\u00fap b\u1ea1n c\u00f3 th\u1ec3 b\u1ed5 sung lo\u1ea1i th\u1ef1c ph\u1ea9m b\u1ed5 d\u01b0\u1ee1ng n\u00e0y v\u00e0o ch\u1ebf \u0111\u1ed9 \u0103n u\u1ed1ng c\u1ee7a m\u00ecnh m\u1ed9t c\u00e1ch khoa h\u1ecdc.<\/p>\n\n\n\n<h2 class=\"wp-block-heading\">T\u1ed1t cho tim m\u1ea1ch<\/h2>\n\n\n\n<figure class=\"wp-block-image\"><img decoding=\"async\" src=\"https:\/\/file.hstatic.net\/1000175970\/file\/hat-dieu-co-nong-khong__3__31167adc500a4afca79b20ca62afd05d_grande.jpg\" alt=\"\"\/><\/figure>\n\n\n\n<p>B\u1ed5 sung h\u1ea1t \u0111i\u1ec1u v\u00e0o th\u1ef1c \u0111\u01a1n h\u1eb1ng ng\u00e0y<\/p>\n\n\n\n<ul class=\"wp-block-list\">\n<li>H\u1ea1t \u0111i\u1ec1u ch\u1ee9a nhi\u1ec1u ch\u1ea5t b\u00e9o kh\u00f4ng b\u00e3o h\u00f2a \u0111\u01a1n, gi\u00fap gi\u1ea3m cholesterol x\u1ea5u (LDL) v\u00e0 t\u0103ng cholesterol t\u1ed1t (HDL), t\u1eeb \u0111\u00f3 b\u1ea3o v\u1ec7 tim m\u1ea1ch.<\/li>\n\n\n\n<li>Magi\u00ea trong h\u1ea1t \u0111i\u1ec1u gi\u00fap \u0111i\u1ec1u h\u00f2a huy\u1ebft \u00e1p, gi\u1ea3m nguy c\u01a1 m\u1eafc c\u00e1c b\u1ec7nh tim m\u1ea1ch.<\/li>\n<\/ul>\n\n\n\n<h2 class=\"wp-block-heading\">H\u1ed7 tr\u1ee3 gi\u1ea3m c\u00e2n<\/h2>\n\n\n\n<ul class=\"wp-block-list\">\n<li>Ch\u1ea5t x\u01a1 trong h\u1ea1t \u0111i\u1ec1u t\u1ea1o c\u1ea3m gi\u00e1c no l\u00e2u, gi\u00fap h\u1ea1n ch\u1ebf c\u1ea3m gi\u00e1c th\u00e8m \u0103n v\u00e0 ki\u1ec3m so\u00e1t l\u01b0\u1ee3ng calo n\u1ea1p v\u00e0o c\u01a1 th\u1ec3.<\/li>\n\n\n\n<li>Protein trong h\u1ea1t \u0111i\u1ec1u gi\u00fap t\u0103ng c\u01b0\u1eddng trao \u0111\u1ed5i ch\u1ea5t, \u0111\u1ed1t ch\u00e1y calo hi\u1ec7u qu\u1ea3.<\/li>\n<\/ul>\n\n\n\n<h2 class=\"wp-block-heading\">C\u1ea3i thi\u1ec7n s\u1ee9c kh\u1ecfe n\u00e3o b\u1ed9<\/h2>\n\n\n\n<ul class=\"wp-block-list\">\n<li>H\u1ea1t \u0111i\u1ec1u ch\u1ee9a nhi\u1ec1u vitamin B6, gi\u00fap c\u1ea3i thi\u1ec7n ch\u1ee9c n\u0103ng n\u00e3o b\u1ed9, t\u0103ng c\u01b0\u1eddng tr\u00ed nh\u1edb v\u00e0 kh\u1ea3 n\u0103ng t\u1eadp trung.<\/li>\n\n\n\n<li>\u0110\u1ed3ng trong h\u1ea1t \u0111i\u1ec1u gi\u00fap t\u0103ng c\u01b0\u1eddng l\u01b0u th\u00f4ng m\u00e1u l\u00ean n\u00e3o, h\u1ed7 tr\u1ee3 ng\u0103n ng\u1eeba b\u1ec7nh Alzheimer v\u00e0 Parkinson.<\/li>\n<\/ul>\n\n\n\n<h2 class=\"wp-block-heading\">T\u1ed1t cho m\u1eaft<\/h2>\n\n\n\n<figure class=\"wp-block-image\"><img decoding=\"async\" src=\"https:\/\/file.hstatic.net\/1000175970\/file\/ga-nau-dau-hoa-lan__2__d15d9071ad3a4508adb48bacaa8bc57c_grande.jpg\" alt=\"\"\/><\/figure>\n\n\n\n<p>H\u1ea1t \u0111i\u1ec1u r\u1ea5t t\u1ed1t cho m\u1eaft<\/p>\n\n\n\n<ul class=\"wp-block-list\">\n<li>H\u1ea1t \u0111i\u1ec1u ch\u1ee9a lutein v\u00e0 zeaxanthin, l\u00e0 hai ch\u1ea5t ch\u1ed1ng oxy h\u00f3a gi\u00fap b\u1ea3o v\u1ec7 m\u1eaft kh\u1ecfi t\u00e1c h\u1ea1i c\u1ee7a \u00e1nh s\u00e1ng xanh, gi\u1ea3m nguy c\u01a1 m\u1eafc c\u00e1c b\u1ec7nh v\u1ec1 m\u1eaft nh\u01b0 tho\u00e1i h\u00f3a \u0111i\u1ec3m v\u00e0ng, \u0111\u1ee5c th\u1ee7y tinh th\u1ec3.<\/li>\n<\/ul>\n\n\n\n<h2 class=\"wp-block-heading\">T\u0103ng c\u01b0\u1eddng h\u1ec7 mi\u1ec5n d\u1ecbch<\/h2>\n\n\n\n<ul class=\"wp-block-list\">\n<li>H\u1ea1t \u0111i\u1ec1u ch\u1ee9a nhi\u1ec1u vitamin C, gi\u00fap t\u0103ng c\u01b0\u1eddng h\u1ec7 mi\u1ec5n d\u1ecbch, ch\u1ed1ng l\u1ea1i c\u00e1c b\u1ec7nh truy\u1ec1n nhi\u1ec5m.<\/li>\n\n\n\n<li>K\u1ebdm trong h\u1ea1t \u0111i\u1ec1u gi\u00fap c\u01a1 th\u1ec3 ch\u1ed1ng l\u1ea1i c\u00e1c g\u1ed1c t\u1ef1 do, b\u1ea3o v\u1ec7 t\u1ebf b\u00e0o kh\u1ecfi t\u1ed5n th\u01b0\u01a1ng.<\/li>\n<\/ul>\n\n\n\n<h2 class=\"wp-block-heading\">Gi\u00fap x\u01b0\u01a1ng ch\u1eafc kh\u1ecfe<\/h2>\n\n\n\n<ul class=\"wp-block-list\">\n<li>H\u1ea1t \u0111i\u1ec1u ch\u1ee9a magie, canxi v\u00e0 photpho, l\u00e0 nh\u1eefng kho\u00e1ng ch\u1ea5t thi\u1ebft y\u1ebfu cho s\u1ee9c kh\u1ecfe c\u1ee7a x\u01b0\u01a1ng.<\/li>\n\n\n\n<li>Vitamin K trong h\u1ea1t \u0111i\u1ec1u gi\u00fap c\u1ea3i thi\u1ec7n m\u1eadt \u0111\u1ed9 x\u01b0\u01a1ng, gi\u1ea3m nguy c\u01a1 lo\u00e3ng x\u01b0\u01a1ng.<\/li>\n<\/ul>\n\n\n\n<h2 class=\"wp-block-heading\">T\u1ed1t cho h\u1ec7 ti\u00eau h\u00f3a<\/h2>\n\n\n\n<ul class=\"wp-block-list\">\n<li>Ch\u1ea5t x\u01a1 trong h\u1ea1t \u0111i\u1ec1u gi\u00fap h\u1ec7 ti\u00eau h\u00f3a ho\u1ea1t \u0111\u1ed9ng t\u1ed1t h\u01a1n, ng\u0103n ng\u1eeba t\u00e1o b\u00f3n.<\/li>\n\n\n\n<li>Prebiotics trong h\u1ea1t \u0111i\u1ec1u gi\u00fap nu\u00f4i d\u01b0\u1ee1ng vi khu\u1ea9n c\u00f3 l\u1ee3i cho \u0111\u01b0\u1eddng ru\u1ed9t, t\u0103ng c\u01b0\u1eddng s\u1ee9c kh\u1ecfe h\u1ec7 ti\u00eau h\u00f3a.<\/li>\n<\/ul>\n\n\n\n<h2 class=\"wp-block-heading\">Gi\u00fap \u0111\u1eb9p da<\/h2>\n\n\n\n<figure class=\"wp-block-image\"><img decoding=\"async\" src=\"https:\/\/file.hstatic.net\/1000175970\/file\/hat-dieu-dinh-duong__2__848844a3540644f4b818a74793b4c155_grande.jpg\" alt=\"\"\/><\/figure>\n\n\n\n<p>H\u1ea1t \u0111i\u1ec1u c\u00f3 nhi\u1ec1u d\u01b0\u1ee1ng ch\u1ea5t<\/p>\n\n\n\n<ul class=\"wp-block-list\">\n<li>Vitamin E trong h\u1ea1t \u0111i\u1ec1u l\u00e0 ch\u1ea5t ch\u1ed1ng oxy h\u00f3a m\u1ea1nh, gi\u00fap b\u1ea3o v\u1ec7 da kh\u1ecfi t\u00e1c h\u1ea1i c\u1ee7a g\u1ed1c t\u1ef1 do, gi\u1ea3m n\u1ebfp nh\u0103n v\u00e0 t\u0103ng \u0111\u1ed9 \u0111\u00e0n h\u1ed3i cho da.<\/li>\n\n\n\n<li>\u0110\u1ed3ng trong h\u1ea1t \u0111i\u1ec1u gi\u00fap k\u00edch th\u00edch s\u1ea3n sinh collagen, gi\u00fap da s\u00e1ng m\u1ecbn v\u00e0 kh\u1ecfe m\u1ea1nh.<\/li>\n<\/ul>\n\n\n\n<p>L\u01b0u \u00fd:<\/p>\n\n\n\n<ul class=\"wp-block-list\">\n<li>N\u00ean \u0103n h\u1ea1t \u0111i\u1ec1u rang mu\u1ed1i v\u1eeba ph\u1ea3i, kho\u1ea3ng 30-50g m\u1ed7i ng\u00e0y \u0111\u1ec3 tr\u00e1nh t\u0103ng c\u00e2n.<\/li>\n\n\n\n<li>Kh\u00f4ng n\u00ean \u0103n h\u1ea1t \u0111i\u1ec1u rang mu\u1ed1i \u0111\u00e3 b\u1ecb m\u1ed1c ho\u1eb7c h\u01b0 h\u1ecfng.<\/li>\n\n\n\n<li>N\u00ean ch\u1ecdn mua h\u1ea1t \u0111i\u1ec1u rang mu\u1ed1i \u1edf nh\u1eefng c\u01a1 s\u1edf uy t\u00edn \u0111\u1ec3 \u0111\u1ea3m b\u1ea3o ch\u1ea5t l\u01b0\u1ee3ng.<\/li>\n\n\n\n<li><\/li>\n<\/ul>\n\n\n\n<p>H\u1ea1t \u0111i\u1ec1u rang mu\u1ed1i l\u00e0 th\u1ef1c ph\u1ea9m b\u1ed5 d\u01b0\u1ee1ng mang l\u1ea1i nhi\u1ec1u l\u1ee3i \u00edch cho s\u1ee9c kh\u1ecfe. Khi \u0103n \u0111\u00fang c\u00e1ch, h\u1ea1t \u0111i\u1ec1u rang mu\u1ed1i s\u1ebd g\u00f3p ph\u1ea7n c\u1ea3i thi\u1ec7n s\u1ee9c kh\u1ecfe tim m\u1ea1ch, n\u00e3o b\u1ed9, m\u1eaft, x\u01b0\u01a1ng, h\u1ec7 ti\u00eau h\u00f3a v\u00e0 da.<\/p>\n\n\n\n<p><strong>Contact Us:<\/strong><\/p>\n\n\n\n<p>H\u00e3y li\u00ean h\u1ec7 ngay v\u1edbi <strong>C\u00f4ng Ty TNHH Xu\u1ea5t Nh\u1eadp Kh\u1ea9u v\u00e0 Logistics An Phong<\/strong> \u0111\u1ec3 \u0111\u01b0\u1ee3c t\u01b0 v\u1ea5n v\u00e0 \u0111\u1eb7t h\u00e0ng s\u1ea3n ph\u1ea9m h\u1ea1t \u0111i\u1ec1u rang mu\u1ed1i xu\u1ea5t kh\u1ea9u ch\u1ea5t l\u01b0\u1ee3ng cao.<\/p>\n\n\n\n<p><em><strong>An Phong Import Export and Logistics Company Limited<\/strong><br><\/em><br><strong>Website:<\/strong>&nbsp;anphongcargo.com<\/p>\n\n\n\n<p><strong>Hotline:<\/strong>&nbsp;0978 195 057<\/p>\n\n\n\n<p><strong>Email:<\/strong>&nbsp;anphongcargo@gmail.com<\/p>","protected":false},"excerpt":{"rendered":"<p>T\u00c1C D\u1ee4NG C\u1ee6A H\u1ea0T \u0110I\u1ec0U RANG MU\u1ed0I KHI \u0102N \u0110\u00daNG C\u00c1CH H\u1ea1t \u0111i\u1ec1u rang mu\u1ed1i l\u00e0 m\u00f3n \u0103n v\u1eb7t quen thu\u1ed9c \u0111\u01b0\u1ee3c nhi\u1ec1u ng\u01b0\u1eddi y\u00eau th\u00edch b\u1edfi h\u01b0\u01a1ng v\u1ecb th\u01a1m ngon v\u00e0 gi\u00e1 tr\u1ecb dinh d\u01b0\u1ee1ng cao. Tuy nhi\u00ean, kh\u00f4ng ph\u1ea3i ai c\u0169ng bi\u1ebft c\u00e1ch \u0103n h\u1ea1t \u0111i\u1ec1u rang mu\u1ed1i \u0111\u00fang c\u00e1ch \u0111\u1ec3 mang l\u1ea1i [&hellip;]<\/p>","protected":false},"author":2,"featured_media":0,"parent":0,"menu_order":0,"comment_status":"closed","ping_status":"closed","template":"","meta":{"footnotes":""},"class_list":["post-2007","page","type-page","status-publish","hentry"],"_links":{"self":[{"href":"https:\/\/anphongcargo.com\/en\/wp-json\/wp\/v2\/pages\/2007","targetHints":{"allow":["GET"]}}],"collection":[{"href":"https:\/\/anphongcargo.com\/en\/wp-json\/wp\/v2\/pages"}],"about":[{"href":"https:\/\/anphongcargo.com\/en\/wp-json\/wp\/v2\/types\/page"}],"author":[{"embeddable":true,"href":"https:\/\/anphongcargo.com\/en\/wp-json\/wp\/v2\/users\/2"}],"replies":[{"embeddable":true,"href":"https:\/\/anphongcargo.com\/en\/wp-json\/wp\/v2\/comments?post=2007"}],"version-history":[{"count":3,"href":"https:\/\/anphongcargo.com\/en\/wp-json\/wp\/v2\/pages\/2007\/revisions"}],"predecessor-version":[{"id":2046,"href":"https:\/\/anphongcargo.com\/en\/wp-json\/wp\/v2\/pages\/2007\/revisions\/2046"}],"wp:attachment":[{"href":"https:\/\/anphongcargo.com\/en\/wp-json\/wp\/v2\/media?parent=2007"}],"curies":[{"name":"wp","href":"https:\/\/api.w.org\/{rel}","templated":true}]}}