{"id":9,"date":"2023-01-24T08:09:45","date_gmt":"2023-01-24T08:09:45","guid":{"rendered":"https:\/\/demosites.royal-elementor-addons.com\/car-repair-v1\/?page_id=9"},"modified":"2025-05-22T07:11:29","modified_gmt":"2025-05-22T07:11:29","slug":"about","status":"publish","type":"page","link":"https:\/\/anphongcargo.com\/en\/about\/","title":{"rendered":"INTRODUCE"},"content":{"rendered":"<div data-elementor-type=\"wp-page\" data-elementor-id=\"9\" class=\"elementor elementor-9\">\n\t\t\t\t\t\t\t\t\t<section class=\"elementor-section elementor-top-section elementor-element elementor-element-ef95f03 elementor-section-height-min-height elementor-section-boxed elementor-section-height-default elementor-section-items-middle wpr-particle-no wpr-jarallax-no wpr-parallax-no wpr-sticky-section-no\" data-id=\"ef95f03\" data-element_type=\"section\" data-settings=\"{&quot;background_background&quot;:&quot;classic&quot;,&quot;shape_divider_bottom&quot;:&quot;tilt&quot;}\">\n\t\t\t\t\t\t\t<div class=\"elementor-background-overlay\"><\/div>\n\t\t\t\t\t\t<div class=\"elementor-shape elementor-shape-bottom\" data-negative=\"false\">\n\t\t\t<svg xmlns=\"http:\/\/www.w3.org\/2000\/svg\" viewbox=\"0 0 1000 100\" preserveaspectratio=\"none\">\n\t<path class=\"elementor-shape-fill\" d=\"M0,6V0h1000v100L0,6z\"\/>\n<\/svg>\t\t<\/div>\n\t\t\t\t\t<div class=\"elementor-container elementor-column-gap-default\">\n\t\t\t\t\t<div class=\"elementor-column elementor-col-100 elementor-top-column elementor-element elementor-element-c8dd92e\" data-id=\"c8dd92e\" data-element_type=\"column\">\n\t\t\t<div class=\"elementor-widget-wrap elementor-element-populated\">\n\t\t\t\t\t\t\t\t<div class=\"elementor-element elementor-element-3de19c3 elementor-widget elementor-widget-heading\" data-id=\"3de19c3\" data-element_type=\"widget\" data-widget_type=\"heading.default\">\n\t\t\t\t<div class=\"elementor-widget-container\">\n\t\t\t<style>\/*! elementor - v3.15.0 - 02-08-2023 *\/\n.elementor-heading-title{padding:0;margin:0;line-height:1}.elementor-widget-heading .elementor-heading-title[class*=elementor-size-]>a{color:inherit;font-size:inherit;line-height:inherit}.elementor-widget-heading .elementor-heading-title.elementor-size-small{font-size:15px}.elementor-widget-heading .elementor-heading-title.elementor-size-medium{font-size:19px}.elementor-widget-heading .elementor-heading-title.elementor-size-large{font-size:29px}.elementor-widget-heading .elementor-heading-title.elementor-size-xl{font-size:39px}.elementor-widget-heading .elementor-heading-title.elementor-size-xxl{font-size:59px}<\/style><h2 class=\"elementor-heading-title elementor-size-default\">INTRODUCE<\/h2>\t\t<\/div>\n\t\t\t\t<\/div>\n\t\t\t\t\t<\/div>\n\t\t<\/div>\n\t\t\t\t\t\t\t<\/div>\n\t\t<\/section>\n\t\t\t\t<section class=\"elementor-section elementor-top-section elementor-element elementor-element-9572656 elementor-section-boxed elementor-section-height-default elementor-section-height-default wpr-particle-no wpr-jarallax-no wpr-parallax-no wpr-sticky-section-no\" data-id=\"9572656\" data-element_type=\"section\">\n\t\t\t\t\t\t<div class=\"elementor-container elementor-column-gap-default\">\n\t\t\t\t\t<div class=\"elementor-column elementor-col-100 elementor-top-column elementor-element elementor-element-ecd14f9\" data-id=\"ecd14f9\" data-element_type=\"column\">\n\t\t\t<div class=\"elementor-widget-wrap elementor-element-populated\">\n\t\t\t\t\t\t\t\t<div class=\"elementor-element elementor-element-ec0e276 elementor-widget__width-initial elementor-widget elementor-widget-text-editor\" data-id=\"ec0e276\" data-element_type=\"widget\" data-widget_type=\"text-editor.default\">\n\t\t\t\t<div class=\"elementor-widget-container\">\n\t\t\t<style>\/*! elementor - v3.15.0 - 02-08-2023 *\/\n.elementor-widget-text-editor.elementor-drop-cap-view-stacked .elementor-drop-cap{background-color:#69727d;color:#fff}.elementor-widget-text-editor.elementor-drop-cap-view-framed .elementor-drop-cap{color:#69727d;border:3px solid;background-color:transparent}.elementor-widget-text-editor:not(.elementor-drop-cap-view-default) .elementor-drop-cap{margin-top:8px}.elementor-widget-text-editor:not(.elementor-drop-cap-view-default) .elementor-drop-cap-letter{width:1em;height:1em}.elementor-widget-text-editor .elementor-drop-cap{float:left;text-align:center;line-height:1;font-size:50px}.elementor-widget-text-editor .elementor-drop-cap-letter{display:inline-block}<\/style>\t\t\t\t<h4><strong>ABOUT THE COMPANY<\/strong><\/h4><p>An Phong exports agricultural, forestry and fishery products and supports, providing transportation, customs clearance, international import and export services. We use advanced technology and strict quality management processes to ensure that our customers receive the best goods.<\/p><ol><li><strong>Our Services<\/strong><\/li><\/ol><ul><li><strong>\u00a0<\/strong>Import and export entrustment<\/li><li>Xu\u1ea5t kh\u1ea9u h\u00e0ng h\u00f3a: n\u00f4ng s\u1ea3n, th\u1ee7y s\u1ea3n, l\u00e2m s\u1ea3n, c\u00e1c s\u1ea3n ph\u1ea9m t\u1eeb g\u1ed7, m\u00e2y tre, nh\u1ef1a<\/li><\/ul><ol start=\"2\"><li><strong>Our customers<\/strong><\/li><\/ol><ul><li>Manufacturing industry<\/li><li>Food and beverage industry<\/li><li>Pharmaceutical and medical industry<\/li><li>Supermarket, wholesale and retail system<\/li><li>Shop, restaurant, chef\u2026<\/li><\/ul><ol start=\"3\"><li><strong>Our vision and mission<\/strong><\/li><\/ol><ul><li>Our vision is to become one of the most trusted import and export service providers, providing clean, safe and quality products to customers.<\/li><li>Our mission is to connect to bring Vietnamese products to the world and further, giving consumers quality, clean, safe products at reasonable prices.<\/li><li>Connect to reach the world and to go further is our slogan.<\/li><\/ul><ol start=\"4\"><li><strong>Values \u200b\u200band strengths<\/strong><\/li><\/ol><ul><li>There are areas for growing agricultural products.<\/li><li>Has a factory with a process that ensures quality products.<\/li><li>Has a reliable and experienced transportation, storage and distribution system<\/li><li>\u0110\u1ed9i ng\u0169 nghi\u00ean c\u1ee9u ri\u00eang \u0111\u1ec3 c\u1ea3ii ti\u1ebfn, ph\u00e1t tri\u1ec3n s\u1ea3n ph\u1ea9m m\u1edbi v\u00ec c\u1ed9ng \u0111\u1ed9ng<\/li><\/ul><ol start=\"5\"><li><strong>Target:<\/strong><\/li><\/ol><ul><li>Bringing to consumers around the world quality, safe, quality Vietnamese products at reasonable prices and changing the way people approach products.<\/li><\/ul><ol start=\"6\"><li><strong>Inspiration:<\/strong><\/li><\/ol><ul><li>Vietnamese products for the world and for the world to help improve people's health and quality of life.<\/li><\/ul><ol start=\"7\"><li><strong>Community Responsibility<\/strong><\/li><\/ol><ul><li>Customers have products of organic origin, without preservatives.<\/li><li>Products made for the community are environmentally friendly.<\/li><li>Safe production, transportation and storage using environmentally friendly technology.<\/li><li>Our products are all grown directly by Vietnamese farmers according to standard instructions. We have signed a product purchase agreement to help farmers always have a stable selling price, without losing value or being unable to sell the product.<\/li><\/ul><ol start=\"8\"><li><strong>Sustainable Development<\/strong><\/li><\/ol><ul><li>S\u1ea3n ph\u1ea9m t\u1eeb khi thu ho\u1ea1ch, s\u1ea3n xu\u1ea5t, v\u1eadn chuy\u1ec3n lu\u00f4n kh\u00f4ng s\u1eed d\u1ee5ng h\u00f3a ch\u1ea5t v\u00e0 ch\u1ebf ph\u1ea9m h\u00f3a h\u1ecdc, th\u1ef1c ph\u1ea9m kh\u00f4ng \u0111\u1ea1t chu\u1ea9n s\u1ebd ti\u00eau h\u1ee7y, s\u1ea3n ph\u1ea9m \u0111\u01b0\u1ee3c ki\u1ec3m so\u00e1t ngu\u1ed3n g\u1ed1c t\u1eeb khi tr\u1ed3ng \u0111\u1ebfn khi thu ho\u1ea1ch v\u00e0 ch\u1ebf bi\u1ebfn, \u0111\u00f3ng g\u00f3i.<\/li><li>We develop towards being a friend of Vietnamese farmers, a point connecting their products to the world, exchanging and unifying with farmers and guiding how to grow and harvest products that meet organic standards for export to high-value markets.<\/li><\/ul><ol start=\"9\"><li><strong>About the product:<\/strong><\/li><\/ol><ul><li>N\u00f4ng s\u1ea3n: hoa qu\u1ea3 t\u01b0\u01a1i, hoa qu\u1ea3 s\u1ea5y d\u1ebbo, hoa qu\u1ea3 s\u1ea5y kh\u00f4 ( chu\u1ed1i, xo\u00e0i, m\u00edt, v\u1ea3i, nh\u00e3n, \u0111i\u1ec1u&#8230;) na, chanh leo, qu\u1ebf, h\u1ed3i&#8230;<\/li><li>Art products<strong>: <\/strong>S\u1ea3n ph\u1ea9m t\u1eeb m\u00e2y tre nh\u01b0: Gi\u1ecf \u0111\u1ef1ng \u0111\u1ed3, gi\u1ecf hoa, \u0111\u1ed3 gia d\u1ee5ng trong nh\u00e0<\/li><li>S\u1ea3n ph\u1ea9m n\u1ed9i th\u1ea5t t\u1eeb g\u1ed7: pallet g\u1ed7, g\u1ed7 d\u00e1n<\/li><li>C\u00e1c lo\u1ea1i th\u1ee7y s\u1ea3n nh\u01b0 : cua, ngao l\u1ee5a, t\u00f4m&#8230;<\/li><\/ul><p>Thank you for your trust and support in the past time.<\/p><p><em>Best regards.<\/em><\/p>\t\t\t\t\t\t<\/div>\n\t\t\t\t<\/div>\n\t\t\t\t\t<\/div>\n\t\t<\/div>\n\t\t\t\t\t\t\t<\/div>\n\t\t<\/section>\n\t\t\t\t\t\t\t<\/div>","protected":false},"excerpt":{"rendered":"<p>GI\u1edaI THI\u1ec6U Gi\u1edbi thi\u1ec7u v\u1ec1 C\u00f4ng ty An Phong xu\u1ea5t kh\u1ea9u c\u00e1c h\u00e0ng h\u00f3a n\u00f4ng l\u00e2m th\u1ee7y s\u1ea3n v\u00e0 h\u1ed7 tr\u1ee3, cung c\u1ea5p d\u1ecbch v\u1ee5 v\u1eadn chuy\u1ec3n, th\u00f4ng quan, xu\u1ea5t nh\u1eadp kh\u1ea9u qu\u1ed1c t\u1ebf. Ch\u00fang t\u00f4i s\u1eed d\u1ee5ng c\u00f4ng ngh\u1ec7 ti\u00ean ti\u1ebfn v\u00e0 quy tr\u00ecnh qu\u1ea3n l\u00fd ch\u1ea5t l\u01b0\u1ee3ng nghi\u00eam ng\u1eb7t \u0111\u1ec3 \u0111\u1ea3m b\u1ea3o r\u1eb1ng [&hellip;]<\/p>","protected":false},"author":1,"featured_media":0,"parent":0,"menu_order":0,"comment_status":"closed","ping_status":"closed","template":"elementor_canvas","meta":{"footnotes":""},"class_list":["post-9","page","type-page","status-publish","hentry"],"_links":{"self":[{"href":"https:\/\/anphongcargo.com\/en\/wp-json\/wp\/v2\/pages\/9","targetHints":{"allow":["GET"]}}],"collection":[{"href":"https:\/\/anphongcargo.com\/en\/wp-json\/wp\/v2\/pages"}],"about":[{"href":"https:\/\/anphongcargo.com\/en\/wp-json\/wp\/v2\/types\/page"}],"author":[{"embeddable":true,"href":"https:\/\/anphongcargo.com\/en\/wp-json\/wp\/v2\/users\/1"}],"replies":[{"embeddable":true,"href":"https:\/\/anphongcargo.com\/en\/wp-json\/wp\/v2\/comments?post=9"}],"version-history":[{"count":42,"href":"https:\/\/anphongcargo.com\/en\/wp-json\/wp\/v2\/pages\/9\/revisions"}],"predecessor-version":[{"id":2054,"href":"https:\/\/anphongcargo.com\/en\/wp-json\/wp\/v2\/pages\/9\/revisions\/2054"}],"wp:attachment":[{"href":"https:\/\/anphongcargo.com\/en\/wp-json\/wp\/v2\/media?parent=9"}],"curies":[{"name":"wp","href":"https:\/\/api.w.org\/{rel}","templated":true}]}}