{"id":955,"date":"2023-08-21T08:08:22","date_gmt":"2023-08-21T08:08:22","guid":{"rendered":"https:\/\/hdt.mrtrang.com\/?page_id=955"},"modified":"2024-10-10T03:07:57","modified_gmt":"2024-10-10T03:07:57","slug":"dich-vu-dong-goi-va-boc-xep-tai-san-bay","status":"publish","type":"page","link":"https:\/\/anphongcargo.com\/en\/dich-vu-dong-goi-va-boc-xep-tai-san-bay\/","title":{"rendered":"Packing and loading"},"content":{"rendered":"<h4 class=\"wp-block-heading\"><strong>Packing and loading services at the airport<\/strong><\/h4>\n\n\n\n<p>Packing and loading is the first important process for you to be able to move goods from the shipping location, onto the means of transport, until the goods are delivered to the receiving location.<\/p>\n\n\n\n<p>However, the packing and loading process plays the first important role because it requires high technical expertise and understanding of the nature and uses of the goods in order to pack and arrange them accurately.<\/p>\n\n\n\n<figure class=\"wp-block-image\" id=\"attachment_41001\"><img decoding=\"async\" src=\"https:\/\/fado.vn\/blog\/wp-content\/uploads\/2020\/04\/Luu-kho-dong-goi-boc-xep-hang-hoa-4.jpg\" alt=\"L\u01b0u kho, \u0111\u00f3ng g\u00f3i v\u00e0 b\u1ed1c x\u1ebfp h\u00e0ng h\u00f3a 2\" class=\"wp-image-41001\"\/><figcaption class=\"wp-element-caption\">The process of packing and loading goods plays an important role in Logistics.<\/figcaption><\/figure>\n\n\n\n<p>In particular, the process of packing and loading goods must comply with certain criteria, be carried out safely and quickly, and avoid damage and distortion of goods during the process.<\/p>\n\n\n\n<p>The loading and unloading service was created to serve customers who need to load and unload goods or large businesses that need to invest a lot of labor, to meet the huge volume of goods that need to be packed and loaded quickly and conveniently.<\/p>\n\n\n\n<h4 class=\"wp-block-heading has-text-align-left\" id=\"the-manh-cua-ratraco-solutions-trong-viec-boc-xep-dong-goi-va-bao-luu-hang-hoa\"><strong>An Phong's strengths in loading and packaging <\/strong><\/h4>\n\n\n\n<p>An Phong provides professional and fast packing and loading services with a variety of different service packages with full procedures and VAT invoices upon customer request.<\/p>\n\n\n\n<p>We always serve our customers 24\/7, even at night, on Sundays, holidays... with the most competitive prices on the market with specific strengths. <\/p>\n\n\n\n<blockquote class=\"wp-block-quote is-style-default is-layout-flow wp-block-quote-is-layout-flow\">\n<h3 class=\"wp-block-heading has-text-align-left\"><strong>Strength in professional and fast packing and loading of goods<\/strong><\/h3>\n<\/blockquote>\n\n\n\n<p>An Phong with many years of experience in the field of transportation, loading and packaging of goods, is committed to bringing the best quality of service to customers.<\/p>\n\n\n\n<p>We accept loading and unloading of goods, loading and unloading of goods at a package price, or at a labor price. Loading and unloading of goods: By hand, by forklift, according to the nature and type of goods. In particular, An Phong performs quickly, neatly and cleanly with a variety of modern packaging equipment and supplies according to the correct process.<\/p>\n\n\n\n<p>Our unit always has specific plans to help you reduce many steps, save time and costs that customers have to pay.<\/p>\n\n\n\n<figure class=\"wp-block-image\" id=\"attachment_41006\"><img decoding=\"async\" src=\"https:\/\/fado.vn\/blog\/wp-content\/uploads\/2020\/04\/Luu-kho-dong-goi-boc-xep-hang-hoa-3.jpg\" alt=\"L\u01b0u kho, \u0111\u00f3ng g\u00f3i v\u00e0 b\u1ed1c x\u1ebfp h\u00e0ng h\u00f3a 4\" class=\"wp-image-41006\"\/><figcaption class=\"wp-element-caption\">Packing and loading goods requires professionalism to ensure safety and avoid damage to goods.<\/figcaption><\/figure>\n\n\n\n<p>Packing and loading services are provided by An Phong in full package or in stages as requested by customers with the most practical benefits. Specifically as follows:<\/p>\n\n\n\n<ul class=\"wp-block-list\">\n<li>Hire technical workers for disassembly, assembly and technical guidance<\/li>\n\n\n\n<li>Construction equipment loading and unloading services<\/li>\n\n\n\n<li>Cargo and luggage handling services for tourists at airports and ports<\/li>\n\n\n\n<li>Agricultural and seafood loading and unloading services<\/li>\n\n\n\n<li>Warehouse and factory loading and unloading services<\/li>\n\n\n\n<li>Supermarket cargo handling and technology equipment services<\/li>\n\n\n\n<li>Loading, packing, unloading of trucks and containers of all kinds<\/li>\n\n\n\n<li>Receive loading and unloading of goods by month or order<\/li>\n\n\n\n<li>Hire stevedores by the day or hour<\/li>\n<\/ul>\n\n\n\n<p>Contact information:<\/p>\n\n\n\n<p><span style=\"text-decoration: underline;\"><strong><em>An Phong Import Export and Logistics Company Limited<\/em><\/strong><br><\/span><br><strong>Website:<\/strong>&nbsp;anphongcargo.com<\/p>\n\n\n\n<p><strong>Hotline:<\/strong>&nbsp;0972 458 885<\/p>\n\n\n\n<p><strong>Email:<\/strong>&nbsp;anphonglogistics@gmail.com<\/p>","protected":false},"excerpt":{"rendered":"<p>D\u1ecbch v\u1ee5 \u0111\u00f3ng g\u00f3i v\u00e0 b\u1ed1c x\u1ebfp t\u1ea1i s\u00e2n bay Vi\u1ec7c \u0111\u00f3ng g\u00f3i v\u00e0 b\u1ed1c x\u1ebfp h\u00e0ng l\u00e0 quy tr\u00ecnh quan tr\u1ecdng \u0111\u1ea7u ti\u00ean \u0111\u1ec3 b\u1ea1n c\u00f3 th\u1ec3 di chuy\u1ec3n \u0111\u01b0\u1ee3c ngu\u1ed3n h\u00e0ng t\u1eeb \u0111\u1ecba \u0111i\u1ec3m g\u1eedi h\u00e0ng, l\u00ean ph\u01b0\u01a1ng ti\u1ec7n v\u1eadn chuy\u1ec3n, \u0111\u1ebfn khi h\u00e0ng h\u00f3a \u0111\u01b0\u1ee3c \u0111\u01b0a t\u1edbi \u0111\u1ecba \u0111i\u1ec3m nh\u1eadn h\u00e0ng. Th\u1ebf [&hellip;]<\/p>","protected":false},"author":1,"featured_media":919,"parent":0,"menu_order":0,"comment_status":"open","ping_status":"closed","template":"elementor_theme","meta":{"footnotes":""},"class_list":["post-955","page","type-page","status-publish","has-post-thumbnail","hentry"],"_links":{"self":[{"href":"https:\/\/anphongcargo.com\/en\/wp-json\/wp\/v2\/pages\/955","targetHints":{"allow":["GET"]}}],"collection":[{"href":"https:\/\/anphongcargo.com\/en\/wp-json\/wp\/v2\/pages"}],"about":[{"href":"https:\/\/anphongcargo.com\/en\/wp-json\/wp\/v2\/types\/page"}],"author":[{"embeddable":true,"href":"https:\/\/anphongcargo.com\/en\/wp-json\/wp\/v2\/users\/1"}],"replies":[{"embeddable":true,"href":"https:\/\/anphongcargo.com\/en\/wp-json\/wp\/v2\/comments?post=955"}],"version-history":[{"count":9,"href":"https:\/\/anphongcargo.com\/en\/wp-json\/wp\/v2\/pages\/955\/revisions"}],"predecessor-version":[{"id":1484,"href":"https:\/\/anphongcargo.com\/en\/wp-json\/wp\/v2\/pages\/955\/revisions\/1484"}],"wp:featuredmedia":[{"embeddable":true,"href":"https:\/\/anphongcargo.com\/en\/wp-json\/wp\/v2\/media\/919"}],"wp:attachment":[{"href":"https:\/\/anphongcargo.com\/en\/wp-json\/wp\/v2\/media?parent=955"}],"curies":[{"name":"wp","href":"https:\/\/api.w.org\/{rel}","templated":true}]}}