{"id":991,"date":"2023-08-21T15:10:11","date_gmt":"2023-08-21T15:10:11","guid":{"rendered":"https:\/\/hdt.mrtrang.com\/?page_id=991"},"modified":"2023-08-21T15:10:56","modified_gmt":"2023-08-21T15:10:56","slug":"order-mua-ho","status":"publish","type":"page","link":"https:\/\/anphongcargo.com\/en\/order-mua-ho\/","title":{"rendered":"Order &#8211; Mua h\u1ed9"},"content":{"rendered":"<h1 class=\"wp-block-heading\">D\u1ecbch V\u1ee5 V\u1eadn Chuy\u1ec3n H\u00e0ng H\u00f3a Qu\u1ed1c T\u1ebf<\/h1>\n\n\n\n<p><strong>An Phong Cargo<\/strong> cung c\u1ea5p c\u00e1c <strong>d\u1ecbch v\u1ee5 v\u1eadn chuy\u1ec3n h\u00e0ng h\u00f3a qu\u1ed1c t\u1ebf<\/strong>, c\u00f4ng ty chuy\u00ean nh\u1eadn <strong>g\u1eedi h\u00e0ng \u0111i n\u01b0\u1edbc <\/strong><strong>ngo\u00e0i<\/strong> v\u1edbi ph\u01b0\u01a1ng ch\u00e2m:<\/p>\n\n\n\n<p class=\"has-text-align-center\"><strong><em>An to\u00e0n<\/em><\/strong><strong><em> + <\/em><\/strong><strong><em>Nhanh ch\u00f3ng<\/em><\/strong><strong><em> + <\/em><\/strong><strong><em>Gi\u00e1 r\u1ebb<\/em><\/strong><strong><em> + <\/em><\/strong><strong><em>T\u01b0 v\u1ea5n nhi\u1ec7t t\u00ecnh chu \u0111\u00e1o<\/em><\/strong><\/p>\n\n\n\n<p><strong>An Phong Cargo<\/strong> l\u00e0 \u0111\u1ed1i t\u00e1c ch\u00ednh c\u1ee7a c\u00e1c h\u00e3ng v\u1eadn chuy\u1ec3n h\u00e0ng h\u00f3a qu\u1ed1c t\u1ebf \u0111\u01b0\u1eddng d\u00e0i b\u1eb1ng t\u00e0u bi\u1ec3n (NYK, Kline, Evergreen, APL, MSC), m\u00e1y bay v\u1eadn t\u1ea3i h\u00e0ng kh\u00f4ng uy t\u00edn. D\u1ecbch v\u1ee5 <strong>chuy\u1ec3n ph\u00e1t nhanh qu\u1ed1c t\u1ebf<\/strong> li\u00ean k\u1ebft v\u1edbi UPS, TNT, FeDex, D-H-L, EMS mang nh\u1eefng m\u00f3n \u0111\u1ed3 c\u1ee7a qu\u00fd kh\u00e1ch \u0111i kh\u1eafp n\u01a1i tr\u00ean th\u1ebf gi\u1edbi.<\/p>\n\n\n\n<p>\u0110\u1ed9i ng\u0169 nh\u00e2n vi\u00ean nhi\u1ec7t t\u00ecnh n\u0103ng \u0111\u1ed9ng, gi\u00e0u kinh nghi\u1ec7m vi\u1ec7c ch\u0103m s\u00f3c h\u00e0ng h\u00f3a c\u00f9ng th\u00e1i \u0111\u1ed9 ph\u1ee5c v\u1ee5 chu \u0111\u00e1o s\u1ebd mang \u0111\u1ebfn s\u1ef1 y\u00ean t\u00e2m v\u00e0 ti\u1ebft ki\u1ec7m nh\u1ea5t cho Qu\u00fd kh\u00e1ch trong su\u1ed1t qu\u00e1 tr\u00ecnh chuy\u1ec3n h\u00e0ng t\u1eeb TPHCM \u0111i n\u01b0\u1edbc ngo\u00e0i.<\/p>\n\n\n\n<p>C\u00f4ng ty ch\u00fang t\u00f4i nh\u1eadn v\u1eadn chuy\u1ec3n h\u00e0ng xu\u1ea5t kh\u1ea9u \u0111i n\u01b0\u1edbc ngo\u00e0i. Chuy\u00ean <strong>v\u1eadn chuy\u1ec3n \u0111\u01b0\u1eddng bi\u1ec3n qu\u1ed1c t\u1ebf<\/strong>, chuy\u1ec3n ph\u00e1t b\u1eb1ng \u0111\u01b0\u1eddng h\u00e0ng kh\u00f4ng qua M\u1ef9, \u00dac, Canada, Anh, Ph\u00e1p, Nh\u1eadt, H\u00e0n, Singapore,&#8230; g\u1ed3m h\u01a1n 200 qu\u1ed1c gia, \u0111\u1ed9 bao ph\u1ee7 r\u1ed9ng kh\u1eafp n\u0103m ch\u00e2u l\u1ee5c.<\/p>\n\n\n\n<p>H\u00e3y g\u1ecdi \u0111i\u1ec7n cho ch\u00fang t\u00f4i, h\u00e0ng h\u00f3a c\u1ee7a qu\u00fd kh\u00e1ch s\u1ebd \u0111\u01b0\u1ee3c v\u1eadn chuy\u1ec3n \u0111i c\u00e1c n\u01b0\u1edbc m\u1ed9t c\u00e1ch an to\u00e0n, nhanh ch\u00f3ng v\u00e0 thu\u1eadn l\u1ee3i.<\/p>\n\n\n\n<figure class=\"wp-block-image size-large\"><img loading=\"lazy\" decoding=\"async\" width=\"1024\" height=\"754\" src=\"https:\/\/hdt.mrtrang.com\/wp-content\/uploads\/2023\/08\/service-flight-1024x754.jpg\" alt=\"D\u1ecbch V\u1ee5 V\u1eadn Chuy\u1ec3n H\u00e0ng H\u00f3a Qu\u1ed1c T\u1ebf\" class=\"wp-image-919\" srcset=\"https:\/\/anphongcargo.com\/wp-content\/uploads\/2023\/08\/service-flight-1024x754.jpg 1024w, https:\/\/anphongcargo.com\/wp-content\/uploads\/2023\/08\/service-flight-300x221.jpg 300w, https:\/\/anphongcargo.com\/wp-content\/uploads\/2023\/08\/service-flight-768x565.jpg 768w, https:\/\/anphongcargo.com\/wp-content\/uploads\/2023\/08\/service-flight.jpg 1121w\" sizes=\"auto, (max-width: 1024px) 100vw, 1024px\" \/><\/figure>\n\n\n\n<p><strong><em>An Phong Cargo ch\u00e2n th\u00e0nh c\u1ea3m \u01a1n c\u00e1c qu\u00fd c\u00f4ng ty xu\u1ea5t nh\u1eadp kh\u1ea9u, qu\u00fd anh ch\u1ecb c\u00f3 ng\u01b0\u1eddi th\u00e2n \u1edf n\u01b0\u1edbc ngo\u00e0i, shop online \u0111\u00e3 s\u1eed d\u1ee5ng d\u1ecbch v\u1ee5 v\u1eadn chuy\u1ec3n h\u00e0ng h\u00f3a qu\u1ed1c t\u1ebf \u0111\u1ec3 g\u1eedi h\u00e0ng \u0111i n\u01b0\u1edbc ngo\u00e0i t\u1ea1i c\u00f4ng ty trong th\u1eddi gian qua!<\/em><\/strong><\/p>","protected":false},"excerpt":{"rendered":"<p>D\u1ecbch V\u1ee5 V\u1eadn Chuy\u1ec3n H\u00e0ng H\u00f3a Qu\u1ed1c T\u1ebf An Phong Cargo cung c\u1ea5p c\u00e1c d\u1ecbch v\u1ee5 v\u1eadn chuy\u1ec3n h\u00e0ng h\u00f3a qu\u1ed1c t\u1ebf, c\u00f4ng ty chuy\u00ean nh\u1eadn g\u1eedi h\u00e0ng \u0111i n\u01b0\u1edbc ngo\u00e0i v\u1edbi ph\u01b0\u01a1ng ch\u00e2m: An to\u00e0n + Nhanh ch\u00f3ng + Gi\u00e1 r\u1ebb + T\u01b0 v\u1ea5n nhi\u1ec7t t\u00ecnh chu \u0111\u00e1o An Phong Cargo l\u00e0 \u0111\u1ed1i t\u00e1c [&hellip;]<\/p>","protected":false},"author":1,"featured_media":919,"parent":0,"menu_order":0,"comment_status":"closed","ping_status":"closed","template":"elementor_theme","meta":{"footnotes":""},"class_list":["post-991","page","type-page","status-publish","has-post-thumbnail","hentry"],"_links":{"self":[{"href":"https:\/\/anphongcargo.com\/en\/wp-json\/wp\/v2\/pages\/991","targetHints":{"allow":["GET"]}}],"collection":[{"href":"https:\/\/anphongcargo.com\/en\/wp-json\/wp\/v2\/pages"}],"about":[{"href":"https:\/\/anphongcargo.com\/en\/wp-json\/wp\/v2\/types\/page"}],"author":[{"embeddable":true,"href":"https:\/\/anphongcargo.com\/en\/wp-json\/wp\/v2\/users\/1"}],"replies":[{"embeddable":true,"href":"https:\/\/anphongcargo.com\/en\/wp-json\/wp\/v2\/comments?post=991"}],"version-history":[{"count":1,"href":"https:\/\/anphongcargo.com\/en\/wp-json\/wp\/v2\/pages\/991\/revisions"}],"predecessor-version":[{"id":992,"href":"https:\/\/anphongcargo.com\/en\/wp-json\/wp\/v2\/pages\/991\/revisions\/992"}],"wp:featuredmedia":[{"embeddable":true,"href":"https:\/\/anphongcargo.com\/en\/wp-json\/wp\/v2\/media\/919"}],"wp:attachment":[{"href":"https:\/\/anphongcargo.com\/en\/wp-json\/wp\/v2\/media?parent=991"}],"curies":[{"name":"wp","href":"https:\/\/api.w.org\/{rel}","templated":true}]}}